{"id":29741,"date":"2025-09-19T13:22:45","date_gmt":"2025-09-19T11:22:45","guid":{"rendered":"https:\/\/mes-pochoirs.com\/?post_type=product&#038;p=29741"},"modified":"2025-10-31T12:43:14","modified_gmt":"2025-10-31T11:43:14","slug":"street-art-graffiti-energia-stencil-t0039","status":"publish","type":"product","link":"https:\/\/mes-pochoirs.com\/it\/produit\/pochoir-street-art-graffiti-energy-t0039","title":{"rendered":"Stencil Wildstyle Graffiti \"ENERGY\" - T0039"},"content":{"rendered":"<h2>Street Art Graffiti Stencil ENERGY<\/h2>\n<p>Questo <strong>Street Art Graffiti Stencil ENERGY<\/strong> \u00e8 un'esplosione visiva che cattura la vitalit\u00e0 e la potenza dei graffiti contemporanei. Progettata nello spirito del wildstyle, presenta lettere che si intrecciano, forme dinamiche e linee potenti che si combinano per creare un insieme energico e sorprendente. Ogni dettaglio riflette la forza espressiva della street art, dove l'arte \u00e8 vissuta come un linguaggio urbano grezzo e spontaneo.<\/p>\n<p>Il lavoro sui contorni \u00e8 il cuore di questa composizione. Le linee si incrociano e si sovrappongono in un equilibrio sapientemente controllato, conferendo all'insieme una struttura forte pur mantenendo l'impressione di caos creativo tipica dei graffiti wildstyle. Questi contorni aggiungono ritmo e guidano l'occhio attraverso la complessit\u00e0 della tipografia, rivelando un'opera ricca di intensit\u00e0.<\/p>\n<p>Le ombre rafforzano questo effetto visivo aggiungendo profondit\u00e0 e un senso di rilievo. Permettono alle forme di risaltare e di apparire in movimento, come se le scritte vibrassero e si proiettassero sulla superficie. Questo gioco di ombre e sovrapposizioni evoca l'energia grezza e l'impatto visivo che si trova sui muri dipinti delle grandi citt\u00e0.<\/p>\n<p>Questo stencil \u00e8 pi\u00f9 di un semplice motivo decorativo: racchiude lo spirito dell'arte urbana, combinando estetica, libert\u00e0 e affermazione. \u00c8 ideale per chi vuole incorporare un frammento del mondo della street art nelle proprie creazioni, sia su tela che su parete o su qualsiasi altra superficie.<\/p>\n<p>In poche parole, <strong>Street Art Graffiti Stencil ENERGY<\/strong> \u00e8 un tributo alla potenza visiva e alla libert\u00e0 dei graffiti. Incarna l'energia della strada e invita ogni creatore ad appropriarsi dell'essenza del wildstyle nel proprio lavoro.<\/p>","protected":false},"excerpt":{"rendered":"<p><strong>Street Art Graffiti Stencil ENERGY<\/strong>\u00a0Riutilizzabili e di alta qualit\u00e0, perfetti per dipinti, graffiti e creazioni urbane.<\/p>","protected":false},"featured_media":30082,"comment_status":"open","ping_status":"closed","template":"","meta":{"bwfblock_default_font":"","_kad_blocks_custom_css":"","_kad_blocks_head_custom_js":"","_kad_blocks_body_custom_js":"","_kad_blocks_footer_custom_js":"","_kadence_starter_templates_imported_post":false,"_kad_post_transparent":"default","_kad_post_title":"","_kad_post_layout":"default","_kad_post_sidebar_id":"","_kad_post_content_style":"default","_kad_post_vertical_padding":"default","_kad_post_feature":"","_kad_post_feature_position":"","_kad_post_header":false,"_kad_post_footer":false,"_kad_post_classname":""},"product_brand":[1415],"product_cat":[1738,1746,284,316,273],"product_tag":[1177,1744,1106,285,275,577,1741,327,1739,287,295,286,1740],"class_list":{"0":"post-29741","1":"product","2":"type-product","3":"status-publish","4":"has-post-thumbnail","6":"product_brand-mes-pochoirs","7":"product_cat-pochoirs-style-graffiti-wildstyle","8":"product_cat-pochoirs-mot-energy","9":"product_cat-pochoirs-graffitis","10":"product_cat-pochoirs-textes-et-messages","11":"product_cat-pochoirs-urbains","12":"product_tag-energie","13":"product_tag-energy","14":"product_tag-graffeur","15":"product_tag-graffiti","16":"product_tag-message","17":"product_tag-mot","18":"product_tag-signature","19":"product_tag-street-art","20":"product_tag-style-decriture","21":"product_tag-tag","22":"product_tag-texte","23":"product_tag-urbain","24":"product_tag-wildstyle","26":"first","27":"instock","28":"taxable","29":"shipping-taxable","30":"purchasable","31":"product-type-variable","32":"entry","33":"content-bg","34":"loop-entry"},"taxonomy_info":{"product_brand":[{"value":1415,"label":"Mes Pochoirs"}],"product_cat":[{"value":1738,"label":"Graffiti Wildstyle"},{"value":1746,"label":"Energy"},{"value":284,"label":"Graffitis"},{"value":316,"label":"Textes et Messages"},{"value":273,"label":"Urbains"}],"product_tag":[{"value":1177,"label":"\u00e9nergie"},{"value":1744,"label":"energy"},{"value":1106,"label":"graffeur"},{"value":285,"label":"graffiti"},{"value":275,"label":"message"},{"value":577,"label":"mot"},{"value":1741,"label":"signature"},{"value":327,"label":"street art"},{"value":1739,"label":"style d'\u00e9criture"},{"value":287,"label":"tag"},{"value":295,"label":"Texte"},{"value":286,"label":"urbain"},{"value":1740,"label":"Wildstyle"}]},"featured_image_src_large":["https:\/\/mes-pochoirs.com\/wp-content\/uploads\/2025\/09\/T0039-pochoir-graffiti-wildstyle-energy-copyright-mes-pochoirs-858x1030.jpg",858,1030,true],"author_info":[],"comment_info":0,"_links":{"self":[{"href":"https:\/\/mes-pochoirs.com\/it\/wp-json\/wp\/v2\/product\/29741","targetHints":{"allow":["GET"]}}],"collection":[{"href":"https:\/\/mes-pochoirs.com\/it\/wp-json\/wp\/v2\/product"}],"about":[{"href":"https:\/\/mes-pochoirs.com\/it\/wp-json\/wp\/v2\/types\/product"}],"replies":[{"embeddable":true,"href":"https:\/\/mes-pochoirs.com\/it\/wp-json\/wp\/v2\/comments?post=29741"}],"wp:featuredmedia":[{"embeddable":true,"href":"https:\/\/mes-pochoirs.com\/it\/wp-json\/wp\/v2\/media\/30082"}],"wp:attachment":[{"href":"https:\/\/mes-pochoirs.com\/it\/wp-json\/wp\/v2\/media?parent=29741"}],"wp:term":[{"taxonomy":"product_brand","embeddable":true,"href":"https:\/\/mes-pochoirs.com\/it\/wp-json\/wp\/v2\/product_brand?post=29741"},{"taxonomy":"product_cat","embeddable":true,"href":"https:\/\/mes-pochoirs.com\/it\/wp-json\/wp\/v2\/product_cat?post=29741"},{"taxonomy":"product_tag","embeddable":true,"href":"https:\/\/mes-pochoirs.com\/it\/wp-json\/wp\/v2\/product_tag?post=29741"}],"curies":[{"name":"wp","href":"https:\/\/api.w.org\/{rel}","templated":true}]}}