{"id":29777,"date":"2025-09-19T13:44:22","date_gmt":"2025-09-19T11:44:22","guid":{"rendered":"https:\/\/mes-pochoirs.com\/?post_type=product&#038;p=29777"},"modified":"2025-10-31T12:43:19","modified_gmt":"2025-10-31T11:43:19","slug":"stencil-per-parole-divertenti-versione-wildstyle-t0041","status":"publish","type":"product","link":"https:\/\/mes-pochoirs.com\/it\/produit\/pochoir-mot-fun-version-wildstyle-t0041","title":{"rendered":"Stencil Wildstyle Graffiti \"FUN\" - T0041"},"content":{"rendered":"<h2>Stencil per parole divertenti Wildstyle<\/h2>\n<p>Questo <strong>Stencil per parole divertenti Wildstyle<\/strong>incarna la leggerezza e la creativit\u00e0 della street art, attraverso un'interpretazione wildstyle della parola \"FUN\". Le lettere si intrecciano e si diffondono con energia, riflettendo la spontaneit\u00e0 e lo spirito libero dei graffiti urbani. Il lettering \u00e8 realizzato in modo da trovare un equilibrio tra audacia e leggibilit\u00e0, in un'estetica grezza ma controllata.<\/p>\n<p>Il gioco dei contorni \u00e8 centrale. Ogni linea definisce la forza delle forme, dando alla parola una struttura solida e dinamica. Questi contorni creano un ritmo visivo che attira lo sguardo e trasmette un senso di movimento costante. Ricordano le tecniche tradizionali dei graffiti, dove l'arte del contorno \u00e8 essenziale per dare forza e personalit\u00e0 al lettering.<\/p>\n<p>Le ombre rafforzano l'impatto dello stencil, creando profondit\u00e0 ed effetto tridimensionale. Danno l'illusione che le lettere emergano dalla superficie, accentuando il carattere espressivo della parola \"FUN\". L'uso delle ombre \u00e8 un riferimento diretto ai codici della street art, dove la sovrapposizione e il rilievo sono utilizzati per accentuare l'effetto visivo e catturare l'attenzione.<\/p>\n<p>Questo stencil \u00e8 pi\u00f9 di un semplice motivo decorativo: esprime una vera e propria filosofia creativa, fatta di piacere, libert\u00e0 e sperimentazione artistica. Si rivolge agli appassionati di graffiti, agli amanti dell'arte urbana e a tutti coloro che vogliono incorporare un messaggio scanzonato ma potente nelle loro creazioni.<\/p>\n<p><strong>Stencil per parole divertenti Wildstyle<\/strong> \u00e8 ideale per trasformare una tela, una parete o qualsiasi altra superficie in un'opera d'arte viva e contemporanea. Cattura l'essenza dei graffiti: un'esplosione di energia, creativit\u00e0 ed emozione, tradotta in forme sorprendenti e in un sottile gioco di contorni e ombre.<\/p>","protected":false},"excerpt":{"rendered":"<p><strong>Stencil per parole divertenti Wildstyle<\/strong> per opere d'arte e pittura, riutilizzabili, di alta qualit\u00e0, disponibili in diverse misure per la street art.<\/p>","protected":false},"featured_media":30084,"comment_status":"open","ping_status":"closed","template":"","meta":{"bwfblock_default_font":"","_kad_blocks_custom_css":"","_kad_blocks_head_custom_js":"","_kad_blocks_body_custom_js":"","_kad_blocks_footer_custom_js":"","_kadence_starter_templates_imported_post":false,"_kad_post_transparent":"default","_kad_post_title":"","_kad_post_layout":"default","_kad_post_sidebar_id":"","_kad_post_content_style":"default","_kad_post_vertical_padding":"default","_kad_post_feature":"","_kad_post_feature_position":"","_kad_post_header":false,"_kad_post_footer":false,"_kad_post_classname":""},"product_brand":[1415],"product_cat":[1738,541,284,316,273],"product_tag":[1742,557,1106,285,275,577,1743,1741,327,1739,287,295,286,1740],"class_list":{"0":"post-29777","1":"product","2":"type-product","3":"status-publish","4":"has-post-thumbnail","6":"product_brand-mes-pochoirs","7":"product_cat-pochoirs-style-graffiti-wildstyle","8":"product_cat-pochoirs-mot-fun","9":"product_cat-pochoirs-graffitis","10":"product_cat-pochoirs-textes-et-messages","11":"product_cat-pochoirs-urbains","12":"product_tag-contour","13":"product_tag-fun","14":"product_tag-graffeur","15":"product_tag-graffiti","16":"product_tag-message","17":"product_tag-mot","18":"product_tag-ombre","19":"product_tag-signature","20":"product_tag-street-art","21":"product_tag-style-decriture","22":"product_tag-tag","23":"product_tag-texte","24":"product_tag-urbain","25":"product_tag-wildstyle","27":"first","28":"instock","29":"taxable","30":"shipping-taxable","31":"purchasable","32":"product-type-variable","33":"entry","34":"content-bg","35":"loop-entry"},"taxonomy_info":{"product_brand":[{"value":1415,"label":"Mes Pochoirs"}],"product_cat":[{"value":1738,"label":"Graffiti Wildstyle"},{"value":541,"label":"Fun"},{"value":284,"label":"Graffitis"},{"value":316,"label":"Textes et Messages"},{"value":273,"label":"Urbains"}],"product_tag":[{"value":1742,"label":"contour"},{"value":557,"label":"Fun"},{"value":1106,"label":"graffeur"},{"value":285,"label":"graffiti"},{"value":275,"label":"message"},{"value":577,"label":"mot"},{"value":1743,"label":"ombre"},{"value":1741,"label":"signature"},{"value":327,"label":"street art"},{"value":1739,"label":"style d'\u00e9criture"},{"value":287,"label":"tag"},{"value":295,"label":"Texte"},{"value":286,"label":"urbain"},{"value":1740,"label":"Wildstyle"}]},"featured_image_src_large":["https:\/\/mes-pochoirs.com\/wp-content\/uploads\/2025\/09\/T0041-pochoir-graffiti-wildstyle-fun-copyright-mes-pochoirs-858x1030.jpg",858,1030,true],"author_info":[],"comment_info":0,"_links":{"self":[{"href":"https:\/\/mes-pochoirs.com\/it\/wp-json\/wp\/v2\/product\/29777","targetHints":{"allow":["GET"]}}],"collection":[{"href":"https:\/\/mes-pochoirs.com\/it\/wp-json\/wp\/v2\/product"}],"about":[{"href":"https:\/\/mes-pochoirs.com\/it\/wp-json\/wp\/v2\/types\/product"}],"replies":[{"embeddable":true,"href":"https:\/\/mes-pochoirs.com\/it\/wp-json\/wp\/v2\/comments?post=29777"}],"wp:featuredmedia":[{"embeddable":true,"href":"https:\/\/mes-pochoirs.com\/it\/wp-json\/wp\/v2\/media\/30084"}],"wp:attachment":[{"href":"https:\/\/mes-pochoirs.com\/it\/wp-json\/wp\/v2\/media?parent=29777"}],"wp:term":[{"taxonomy":"product_brand","embeddable":true,"href":"https:\/\/mes-pochoirs.com\/it\/wp-json\/wp\/v2\/product_brand?post=29777"},{"taxonomy":"product_cat","embeddable":true,"href":"https:\/\/mes-pochoirs.com\/it\/wp-json\/wp\/v2\/product_cat?post=29777"},{"taxonomy":"product_tag","embeddable":true,"href":"https:\/\/mes-pochoirs.com\/it\/wp-json\/wp\/v2\/product_tag?post=29777"}],"curies":[{"name":"wp","href":"https:\/\/api.w.org\/{rel}","templated":true}]}}