{"id":29825,"date":"2025-09-19T14:29:05","date_gmt":"2025-09-19T12:29:05","guid":{"rendered":"https:\/\/mes-pochoirs.com\/?post_type=product&#038;p=29825"},"modified":"2025-10-31T12:43:25","modified_gmt":"2025-10-31T11:43:25","slug":"stencil-per-graffiti-in-stile-urbano-t0044","status":"publish","type":"product","link":"https:\/\/mes-pochoirs.com\/it\/produit\/pochoir-style-urbain-graffiti-t0044","title":{"rendered":"Wildstyle Graffiti stencil \"GRAFFITI\" - Contorno ombreggiato - T0044"},"content":{"rendered":"<h2>Stencil stile urbano GRAFFITI<\/h2>\n<p>Le <strong>Stencil stile urbano GRAFFITI<\/strong> \u00e8 una vera e propria ode all'arte della street art e al linguaggio visivo dei graffiti wildstyle. Con il suo lettering complesso ed energico, incarna tutta la potenza creativa e la libert\u00e0 di espressione che caratterizzano gli affreschi urbani. La parola \"GRAFFITI\" qui diventa pi\u00f9 di una semplice parola: diventa un'opera grafica a s\u00e9 stante, ricca di movimento e intensit\u00e0.<\/p>\n<p>I contorni svolgono un ruolo centrale in questa composizione. Delineano con precisione le forme e forniscono una struttura solida al lettering, accentuando al contempo l'effetto dinamico. Questi contorni netti ed espressivi riflettono il know-how tecnico dei graffiti, dove ogni linea diventa parte integrante dell'identit\u00e0 visiva. Insieme, creano un ritmo visivo sorprendente, che ricorda le forti firme presenti sui muri delle citt\u00e0.<\/p>\n<p>L'uso delle ombre rafforza questo impatto grafico. Esse creano un effetto di profondit\u00e0 e volume che d\u00e0 vita alla parola, creando una suggestiva impressione tridimensionale. Grazie al gioco di ombre, lo stencil sembra vibrare, proiettando le lettere verso l'esterno e riproducendo l'intensit\u00e0 visiva di un affresco in strada.<\/p>\n<p>Questo stencil non \u00e8 solo decorativo, ma \u00e8 un vero e proprio strumento creativo. Permette ad artisti amatoriali e affermati di assumere l'estetica cruda ed espressiva dei graffiti wildstyle. Applicato su una parete, su una tela, su un mobile o su qualsiasi altra superficie, trasforma immediatamente lo spazio, infondendovi lo spirito di protesta della street art.<\/p>\n<p>In breve, il <strong>Stencil stile urbano GRAFFITI<\/strong> \u00e8 un pezzo potente e iconico. Cattura l'energia e la vitalit\u00e0 dei graffiti, combinando contorni potenti e ombre incisive per creare un look moderno, urbano e autenticamente artistico.<\/p>","protected":false},"excerpt":{"rendered":"<p><strong>Stencil stile urbano GRAFFITI<\/strong> Riutilizzabile, reversibile e di alta qualit\u00e0, perfetto per la street art, i dipinti e le creazioni di graffiti moderni.<\/p>","protected":false},"featured_media":30087,"comment_status":"open","ping_status":"closed","template":"","meta":{"bwfblock_default_font":"","_kad_blocks_custom_css":"","_kad_blocks_head_custom_js":"","_kad_blocks_body_custom_js":"","_kad_blocks_footer_custom_js":"","_kadence_starter_templates_imported_post":false,"_kad_post_transparent":"default","_kad_post_title":"","_kad_post_layout":"default","_kad_post_sidebar_id":"","_kad_post_content_style":"default","_kad_post_vertical_padding":"default","_kad_post_feature":"","_kad_post_feature_position":"","_kad_post_header":false,"_kad_post_footer":false,"_kad_post_classname":""},"product_brand":[1415],"product_cat":[1738,1747,284,316,273],"product_tag":[1742,1106,285,275,577,1743,1741,327,1739,287,295,286,1740],"class_list":{"0":"post-29825","1":"product","2":"type-product","3":"status-publish","4":"has-post-thumbnail","6":"product_brand-mes-pochoirs","7":"product_cat-pochoirs-style-graffiti-wildstyle","8":"product_cat-pochoirs-mot-graffiti","9":"product_cat-pochoirs-graffitis","10":"product_cat-pochoirs-textes-et-messages","11":"product_cat-pochoirs-urbains","12":"product_tag-contour","13":"product_tag-graffeur","14":"product_tag-graffiti","15":"product_tag-message","16":"product_tag-mot","17":"product_tag-ombre","18":"product_tag-signature","19":"product_tag-street-art","20":"product_tag-style-decriture","21":"product_tag-tag","22":"product_tag-texte","23":"product_tag-urbain","24":"product_tag-wildstyle","26":"first","27":"instock","28":"taxable","29":"shipping-taxable","30":"purchasable","31":"product-type-variable","32":"entry","33":"content-bg","34":"loop-entry"},"taxonomy_info":{"product_brand":[{"value":1415,"label":"Mes Pochoirs"}],"product_cat":[{"value":1738,"label":"Graffiti Wildstyle"},{"value":1747,"label":"Graffiti"},{"value":284,"label":"Graffitis"},{"value":316,"label":"Textes et Messages"},{"value":273,"label":"Urbains"}],"product_tag":[{"value":1742,"label":"contour"},{"value":1106,"label":"graffeur"},{"value":285,"label":"graffiti"},{"value":275,"label":"message"},{"value":577,"label":"mot"},{"value":1743,"label":"ombre"},{"value":1741,"label":"signature"},{"value":327,"label":"street art"},{"value":1739,"label":"style d'\u00e9criture"},{"value":287,"label":"tag"},{"value":295,"label":"Texte"},{"value":286,"label":"urbain"},{"value":1740,"label":"Wildstyle"}]},"featured_image_src_large":["https:\/\/mes-pochoirs.com\/wp-content\/uploads\/2025\/09\/T0044-pochoir-graffiti-wildstyle-graffiti-copyright-mes-pochoirs-858x1030.jpg",858,1030,true],"author_info":[],"comment_info":0,"_links":{"self":[{"href":"https:\/\/mes-pochoirs.com\/it\/wp-json\/wp\/v2\/product\/29825","targetHints":{"allow":["GET"]}}],"collection":[{"href":"https:\/\/mes-pochoirs.com\/it\/wp-json\/wp\/v2\/product"}],"about":[{"href":"https:\/\/mes-pochoirs.com\/it\/wp-json\/wp\/v2\/types\/product"}],"replies":[{"embeddable":true,"href":"https:\/\/mes-pochoirs.com\/it\/wp-json\/wp\/v2\/comments?post=29825"}],"wp:featuredmedia":[{"embeddable":true,"href":"https:\/\/mes-pochoirs.com\/it\/wp-json\/wp\/v2\/media\/30087"}],"wp:attachment":[{"href":"https:\/\/mes-pochoirs.com\/it\/wp-json\/wp\/v2\/media?parent=29825"}],"wp:term":[{"taxonomy":"product_brand","embeddable":true,"href":"https:\/\/mes-pochoirs.com\/it\/wp-json\/wp\/v2\/product_brand?post=29825"},{"taxonomy":"product_cat","embeddable":true,"href":"https:\/\/mes-pochoirs.com\/it\/wp-json\/wp\/v2\/product_cat?post=29825"},{"taxonomy":"product_tag","embeddable":true,"href":"https:\/\/mes-pochoirs.com\/it\/wp-json\/wp\/v2\/product_tag?post=29825"}],"curies":[{"name":"wp","href":"https:\/\/api.w.org\/{rel}","templated":true}]}}