{"id":30010,"date":"2025-12-04T14:48:48","date_gmt":"2025-12-04T13:48:48","guid":{"rendered":"https:\/\/mes-pochoirs.com\/?post_type=product&#038;p=30010"},"modified":"2025-12-15T23:51:47","modified_gmt":"2025-12-15T22:51:47","slug":"stencil-urbano-tag-vibe-t0053","status":"publish","type":"product","link":"https:\/\/mes-pochoirs.com\/it\/produit\/pochoir-urbain-tag-vibe-t0053","title":{"rendered":"Stencil Wildstyle Graffiti \u201cVIBE\u201d - T0053"},"content":{"rendered":"<h2 class=\"p1\"><b>Tag \u201cVIBE\u201d stencil urbano\u201d<\/b><\/h2>\n<p class=\"p1\">Le <b>Tag VIBE stencil urbano<\/b> \u00e8 una creazione che cattura l'autentico spirito dei graffiti wildstyle. Con il suo lettering denso ed energico, incarna l'essenza della street art, dove l'espressione artistica si dispiega liberamente attraverso forme complesse e linee potenti. La parola \u201cVibe\u201d diventa cos\u00ec una vera e propria opera d'arte urbana, che trasmette l'energia, il ritmo e la spontaneit\u00e0 della cultura di strada.<\/p>\n<p class=\"p1\">I contorni di questo stencil sono lavorati con cura per strutturare il lettering preservandone la fluidit\u00e0. Ogni linea rafforza il dinamismo della composizione, guidando l'occhio attraverso il layout labirintico caratteristico del wildstyle. Questi contorni, essenziali per i graffiti, conferiscono alla parola una forza visiva di impatto immediato, evocando i murales delle grandi citt\u00e0.<\/p>\n<p class=\"p1\">Le ombre aggiungono una dimensione in pi\u00f9, creando un effetto di rilievo che proietta le lettere verso l'esterno. Grazie a questo gioco di ombre, la parola \u201cVibe\u201d sembra vibrare e staccarsi dalla superficie, come animata da una pulsazione ritmica. Questo effetto tridimensionale intensifica l'impatto visivo e trasmette la cruda energia dell'arte di strada.<\/p>\n<p class=\"p1\">Questo stencil non \u00e8 solo decorativo. Si \u00e8 affermato come strumento creativo che pu\u00f2 essere utilizzato per trasporre il mondo dei graffiti su diverse superfici: pareti, tele, mobili o oggetti personalizzati. La parola \u201cVibe\u201d, rappresentata in stile wild, diventa portatrice di un simbolismo contemporaneo, legato all'atmosfera, al sentimento e all'energia creativa.<\/p>\n<p class=\"p1\">In breve, il <b>Tag Vibe stencil urbano<\/b> \u00e8 un pezzo sorprendente che combina contorni forti e ombreggiature espressive per creare un look moderno e urbano di grande impatto. Invita i designer a incorporare nel loro lavoro tutta la potenza dei graffiti e l'energia vibrante della street art.<\/p>","protected":false},"excerpt":{"rendered":"<p><strong>Tag Vibe stencil urbano<\/strong> di alta qualit\u00e0, riutilizzabili, disponibili in diverse misure, ideali per gli artisti e gli appassionati di street art.<\/p>","protected":false},"featured_media":30096,"comment_status":"open","ping_status":"closed","template":"","meta":{"bwfblock_default_font":"","_kad_blocks_custom_css":"","_kad_blocks_head_custom_js":"","_kad_blocks_body_custom_js":"","_kad_blocks_footer_custom_js":"","_kadence_starter_templates_imported_post":false,"_kad_post_transparent":"default","_kad_post_title":"","_kad_post_layout":"default","_kad_post_sidebar_id":"","_kad_post_content_style":"default","_kad_post_vertical_padding":"default","_kad_post_feature":"","_kad_post_feature_position":"","_kad_post_header":false,"_kad_post_footer":false,"_kad_post_classname":""},"product_brand":[1415],"product_cat":[1738,284,328,316,273,551],"product_tag":[1742,1106,285,275,577,1743,1741,830,327,1739,287,295,286,448,1740],"class_list":{"0":"post-30010","1":"product","2":"type-product","3":"status-publish","4":"has-post-thumbnail","6":"product_brand-mes-pochoirs","7":"product_cat-pochoirs-style-graffiti-wildstyle","8":"product_cat-pochoirs-graffitis","9":"product_cat-pochoirs-street-art","10":"product_cat-pochoirs-textes-et-messages","11":"product_cat-pochoirs-urbains","12":"product_cat-pochoirs-mot-vibe","13":"product_tag-contour","14":"product_tag-graffeur","15":"product_tag-graffiti","16":"product_tag-message","17":"product_tag-mot","18":"product_tag-ombre","19":"product_tag-signature","20":"product_tag-spray","21":"product_tag-street-art","22":"product_tag-style-decriture","23":"product_tag-tag","24":"product_tag-texte","25":"product_tag-urbain","26":"product_tag-vibe","27":"product_tag-wildstyle","29":"first","30":"instock","31":"taxable","32":"shipping-taxable","33":"purchasable","34":"product-type-variable","35":"entry","36":"content-bg","37":"loop-entry"},"taxonomy_info":{"product_brand":[{"value":1415,"label":"Mes Pochoirs"}],"product_cat":[{"value":1738,"label":"Graffiti Wildstyle"},{"value":284,"label":"Graffitis"},{"value":328,"label":"Street Art"},{"value":316,"label":"Textes et Messages"},{"value":273,"label":"Urbains"},{"value":551,"label":"Vibe"}],"product_tag":[{"value":1742,"label":"contour"},{"value":1106,"label":"graffeur"},{"value":285,"label":"graffiti"},{"value":275,"label":"message"},{"value":577,"label":"mot"},{"value":1743,"label":"ombre"},{"value":1741,"label":"signature"},{"value":830,"label":"spray"},{"value":327,"label":"street art"},{"value":1739,"label":"style d'\u00e9criture"},{"value":287,"label":"tag"},{"value":295,"label":"Texte"},{"value":286,"label":"urbain"},{"value":448,"label":"vibe"},{"value":1740,"label":"Wildstyle"}]},"featured_image_src_large":["https:\/\/mes-pochoirs.com\/wp-content\/uploads\/2025\/09\/T0053-pochoir-graffiti-wildstyle-vibe-copyright-mes-pochoirs-858x1030.jpg",858,1030,true],"author_info":[],"comment_info":0,"_links":{"self":[{"href":"https:\/\/mes-pochoirs.com\/it\/wp-json\/wp\/v2\/product\/30010","targetHints":{"allow":["GET"]}}],"collection":[{"href":"https:\/\/mes-pochoirs.com\/it\/wp-json\/wp\/v2\/product"}],"about":[{"href":"https:\/\/mes-pochoirs.com\/it\/wp-json\/wp\/v2\/types\/product"}],"replies":[{"embeddable":true,"href":"https:\/\/mes-pochoirs.com\/it\/wp-json\/wp\/v2\/comments?post=30010"}],"wp:featuredmedia":[{"embeddable":true,"href":"https:\/\/mes-pochoirs.com\/it\/wp-json\/wp\/v2\/media\/30096"}],"wp:attachment":[{"href":"https:\/\/mes-pochoirs.com\/it\/wp-json\/wp\/v2\/media?parent=30010"}],"wp:term":[{"taxonomy":"product_brand","embeddable":true,"href":"https:\/\/mes-pochoirs.com\/it\/wp-json\/wp\/v2\/product_brand?post=30010"},{"taxonomy":"product_cat","embeddable":true,"href":"https:\/\/mes-pochoirs.com\/it\/wp-json\/wp\/v2\/product_cat?post=30010"},{"taxonomy":"product_tag","embeddable":true,"href":"https:\/\/mes-pochoirs.com\/it\/wp-json\/wp\/v2\/product_tag?post=30010"}],"curies":[{"name":"wp","href":"https:\/\/api.w.org\/{rel}","templated":true}]}}