{"id":30028,"date":"2025-10-24T11:49:57","date_gmt":"2025-10-24T09:49:57","guid":{"rendered":"https:\/\/mes-pochoirs.com\/?post_type=product&#038;p=30028"},"modified":"2025-11-03T23:20:17","modified_gmt":"2025-11-03T22:20:17","slug":"stencil-vibrante-in-stile-graffiti-t0054","status":"publish","type":"product","link":"https:\/\/mes-pochoirs.com\/it\/produit\/pochoir-style-graffiti-vibe-t0054","title":{"rendered":"Wildstyle Graffiti stencil \u201cVIBE\u201d - Contorno ombreggiato - T0054"},"content":{"rendered":"<h2>Stencil Vibe in stile graffiti<\/h2>\n<p>Le <strong>Stencil Vibe in stile graffiti<\/strong> \u00e8 una creazione che riflette tutta la potenza e l'energia della street art contemporanea. Ispirato all'estetica complessa del wildstyle, questo stencil trasforma la parola \u201cVibe\u201d in un'opera d'arte urbana caratterizzata da forme dinamiche e linee decise. Ogni dettaglio del lettering evoca la spontaneit\u00e0 e la libert\u00e0 dei graffiti, dove l'espressione visiva diventa un linguaggio universale.<\/p>\n<p>I contorni sono il cuore di questa composizione. Definiscono il ritmo e la struttura del lettering, fornendo un equilibrio tra movimento e stabilit\u00e0. Questi contorni potenti, tipici dei graffiti wildstyle, riflettono il desiderio di imporre una forte presenza visiva. Guidano l'occhio attraverso le linee, permettendo allo spettatore di immergersi in un'interpretazione grafica ricca e complessa.<\/p>\n<p>Le ombre rafforzano questo effetto aggiungendo profondit\u00e0 e rilievo. Creano un'impressione tridimensionale, dando alla parola \u201cVibe\u201d l'illusione di emergere dalla superficie. L'uso sottile di ombre e sovrapposizioni rafforza l'intensit\u00e0 visiva e conferisce all'insieme una dimensione quasi scultorea. Questo effetto, ispirato ai murales, accentua la natura immersiva dell'arte di strada.<\/p>\n<p>Questo stencil non \u00e8 solo un motivo decorativo, ma un vero e proprio strumento creativo. Permette di introdurre tutta l'energia vibrante dei graffiti nel vostro lavoro. La parola \u201cVibe\u201d, rappresentata in wildstyle, simboleggia ritmo, atmosfera ed energia creativa. Utilizzato su una parete, su una tela, su un mobile o su qualsiasi altro supporto, infonde un'atmosfera urbana e moderna, fedele allo spirito dell'arte di strada.<\/p>\n<p>In breve, il <strong>Stencil Vibe in stile graffiti<\/strong> \u00e8 un pezzo unico che combina contorni precisi, ombre espressive e scritte selvagge. Incarna la libert\u00e0, il potere e la creativit\u00e0 dei graffiti, trasformando ogni superficie in un manifesto visivo urbano.<\/p>","protected":false},"excerpt":{"rendered":"<p><strong>Stencil Vibe in stile graffiti<\/strong> di alta qualit\u00e0, riutilizzabili, disponibili in diverse misure, ideali per gli artisti e gli appassionati di street art.<\/p>","protected":false},"featured_media":30097,"comment_status":"open","ping_status":"closed","template":"","meta":{"bwfblock_default_font":"","_kad_blocks_custom_css":"","_kad_blocks_head_custom_js":"","_kad_blocks_body_custom_js":"","_kad_blocks_footer_custom_js":"","_kadence_starter_templates_imported_post":false,"_kad_post_transparent":"default","_kad_post_title":"","_kad_post_layout":"default","_kad_post_sidebar_id":"","_kad_post_content_style":"default","_kad_post_vertical_padding":"default","_kad_post_feature":"","_kad_post_feature_position":"","_kad_post_header":false,"_kad_post_footer":false,"_kad_post_classname":""},"product_brand":[1415],"product_cat":[1738,284,328,316,515,516,273,551],"product_tag":[1742,1106,285,275,577,1743,1741,830,327,1739,287,295,286,448,1740],"class_list":{"0":"post-30028","1":"product","2":"type-product","3":"status-publish","4":"has-post-thumbnail","6":"product_brand-mes-pochoirs","7":"product_cat-pochoirs-style-graffiti-wildstyle","8":"product_cat-pochoirs-graffitis","9":"product_cat-pochoirs-street-art","10":"product_cat-pochoirs-textes-et-messages","11":"product_cat-tri-par-mots","12":"product_cat-tri-par-styles","13":"product_cat-pochoirs-urbains","14":"product_cat-pochoirs-mot-vibe","15":"product_tag-contour","16":"product_tag-graffeur","17":"product_tag-graffiti","18":"product_tag-message","19":"product_tag-mot","20":"product_tag-ombre","21":"product_tag-signature","22":"product_tag-spray","23":"product_tag-street-art","24":"product_tag-style-decriture","25":"product_tag-tag","26":"product_tag-texte","27":"product_tag-urbain","28":"product_tag-vibe","29":"product_tag-wildstyle","31":"first","32":"instock","33":"taxable","34":"shipping-taxable","35":"purchasable","36":"product-type-variable","37":"has-default-attributes","38":"entry","39":"content-bg","40":"loop-entry"},"taxonomy_info":{"product_brand":[{"value":1415,"label":"Mes Pochoirs"}],"product_cat":[{"value":1738,"label":"Graffiti Wildstyle"},{"value":284,"label":"Graffitis"},{"value":328,"label":"Street Art"},{"value":316,"label":"Textes et Messages"},{"value":515,"label":"Tri par Mots"},{"value":516,"label":"Tri par Styles"},{"value":273,"label":"Urbains"},{"value":551,"label":"Vibe"}],"product_tag":[{"value":1742,"label":"contour"},{"value":1106,"label":"graffeur"},{"value":285,"label":"graffiti"},{"value":275,"label":"message"},{"value":577,"label":"mot"},{"value":1743,"label":"ombre"},{"value":1741,"label":"signature"},{"value":830,"label":"spray"},{"value":327,"label":"street art"},{"value":1739,"label":"style d'\u00e9criture"},{"value":287,"label":"tag"},{"value":295,"label":"Texte"},{"value":286,"label":"urbain"},{"value":448,"label":"vibe"},{"value":1740,"label":"Wildstyle"}]},"featured_image_src_large":["https:\/\/mes-pochoirs.com\/wp-content\/uploads\/2025\/09\/T0054-pochoir-graffiti-wildstyle-vibe-copyright-mes-pochoirs-858x1030.jpg",858,1030,true],"author_info":[],"comment_info":0,"_links":{"self":[{"href":"https:\/\/mes-pochoirs.com\/it\/wp-json\/wp\/v2\/product\/30028","targetHints":{"allow":["GET"]}}],"collection":[{"href":"https:\/\/mes-pochoirs.com\/it\/wp-json\/wp\/v2\/product"}],"about":[{"href":"https:\/\/mes-pochoirs.com\/it\/wp-json\/wp\/v2\/types\/product"}],"replies":[{"embeddable":true,"href":"https:\/\/mes-pochoirs.com\/it\/wp-json\/wp\/v2\/comments?post=30028"}],"wp:featuredmedia":[{"embeddable":true,"href":"https:\/\/mes-pochoirs.com\/it\/wp-json\/wp\/v2\/media\/30097"}],"wp:attachment":[{"href":"https:\/\/mes-pochoirs.com\/it\/wp-json\/wp\/v2\/media?parent=30028"}],"wp:term":[{"taxonomy":"product_brand","embeddable":true,"href":"https:\/\/mes-pochoirs.com\/it\/wp-json\/wp\/v2\/product_brand?post=30028"},{"taxonomy":"product_cat","embeddable":true,"href":"https:\/\/mes-pochoirs.com\/it\/wp-json\/wp\/v2\/product_cat?post=30028"},{"taxonomy":"product_tag","embeddable":true,"href":"https:\/\/mes-pochoirs.com\/it\/wp-json\/wp\/v2\/product_tag?post=30028"}],"curies":[{"name":"wp","href":"https:\/\/api.w.org\/{rel}","templated":true}]}}