{"id":30473,"date":"2025-10-17T14:02:10","date_gmt":"2025-10-17T12:02:10","guid":{"rendered":"https:\/\/mes-pochoirs.com\/?post_type=product&#038;p=30473"},"modified":"2025-12-10T08:19:53","modified_gmt":"2025-12-10T07:19:53","slug":"stencil-per-hamburger-pa0035","status":"publish","type":"product","link":"https:\/\/mes-pochoirs.com\/it\/produit\/pochoir-burger-pa0035","title":{"rendered":"Stencil per hamburger - PA0035"},"content":{"rendered":"<h2>Stencil per hamburger - Street Food Pop Art<\/h2>\n<p>Questo <strong>Stencil per hamburger<\/strong> \u00e8 una vera e propria esplosione di avidit\u00e0 ed energia urbana. Ispirato al mondo della Pop Art e alla cultura del cibo di strada, cattura l'essenza stessa della modernit\u00e0 attraverso un simbolo universale: l'hamburger. Questo motivo imponente ed espressivo rivisita il cibo spazzatura come opera d'arte grafica, trasformando un semplice oggetto quotidiano in un'icona artistica. Perfetto per aggiungere un tocco audace e contemporaneo alle vostre creazioni, questo stencil \u00e8 in linea con le immagini potenti e anticonformiste che caratterizzano l'arte urbana.<\/p>\n<p>Realizzato con uno stile crudo e deciso, si distingue per le sue linee precise e la sua finitura materica, che evocano sia la spontaneit\u00e0 dei graffiti sia il rigore del disegno inciso. Si presta a molteplici interpretazioni: decorazione murale di una cucina o di un ristorante, composizione su tela in spirito pop, personalizzazione di mobili e oggetti decorativi. La sua versatilit\u00e0 lo rende uno strumento ideale per artisti, decoratori e appassionati di urban design che desiderano aggiungere una dimensione ludica e contemporanea ai loro progetti.<\/p>\n<p>Questo <strong>Stencil per hamburger<\/strong> \u00e8 stato progettato per garantire facilit\u00e0 d'uso e durata. Il suo taglio netto assicura una riproduzione fedele dei dettagli, mentre il materiale flessibile e riutilizzabile consente di moltiplicare le applicazioni senza compromettere la precisione. Compatibile con spray, aerografo, rullo o vernice acrilica, pu\u00f2 essere adattato a tutti gli stili e le tecniche.<\/p>\n<p>Le <strong>Stencil per hamburger<\/strong> - La Street Food Pop Art non \u00e8 solo un motivo decorativo: \u00e8 una dichiarazione artistica. \u00c8 una celebrazione della cultura popolare e una rivisitazione creativa e umoristica della stessa, che si traduce in un design sorprendente, colorato e pieno di carattere. Un pezzo ideale per chi vuole far vibrare le proprie pareti ed esprimere il proprio gusto per l'arte urbana in tutta la sua vitalit\u00e0.<\/p>","protected":false},"excerpt":{"rendered":"<p>Le <strong data-start=\"133\" data-end=\"151\">Stencil per hamburger<\/strong> rivisita il mondo del cibo di strada in un energico stile Pop Art. Un design urbano e moderno, perfetto per personalizzare pareti, tele o oggetti decorativi con un tocco eccentrico e colorato. Riutilizzabile, preciso e facile da applicare, \u00e8 perfetto per gli appassionati di decorazioni contemporanee e di arte di strada.<\/p>","protected":false},"featured_media":31715,"comment_status":"open","ping_status":"closed","template":"","meta":{"bwfblock_default_font":"","_kad_blocks_custom_css":"","_kad_blocks_head_custom_js":"","_kad_blocks_body_custom_js":"","_kad_blocks_footer_custom_js":"","_kadence_starter_templates_imported_post":false,"_kad_post_transparent":"default","_kad_post_title":"","_kad_post_layout":"default","_kad_post_sidebar_id":"","_kad_post_content_style":"default","_kad_post_vertical_padding":"default","_kad_post_feature":"","_kad_post_feature_position":"","_kad_post_header":false,"_kad_post_footer":false,"_kad_post_classname":""},"product_brand":[1415],"product_cat":[332,328],"product_tag":[1766,1765,1757,1702,1764,1763,1762,1759,1758,1760,1761],"class_list":{"0":"post-30473","1":"product","2":"type-product","3":"status-publish","4":"has-post-thumbnail","6":"product_brand-mes-pochoirs","7":"product_cat-pochoirs-pop-art","8":"product_cat-pochoirs-street-art","9":"product_tag-art-gourmand","10":"product_tag-art-mural","11":"product_tag-burger","12":"product_tag-culture-urbaine","13":"product_tag-deco-cuisine","14":"product_tag-design-urbain","15":"product_tag-fast-food","16":"product_tag-food-art","17":"product_tag-hamburger","18":"product_tag-street-food","19":"product_tag-urban-art","21":"first","22":"instock","23":"taxable","24":"shipping-taxable","25":"purchasable","26":"product-type-variable","27":"entry","28":"content-bg","29":"loop-entry"},"taxonomy_info":{"product_brand":[{"value":1415,"label":"Mes Pochoirs"}],"product_cat":[{"value":332,"label":"Pop Art"},{"value":328,"label":"Street Art"}],"product_tag":[{"value":1766,"label":"art gourmand"},{"value":1765,"label":"art mural"},{"value":1757,"label":"burger"},{"value":1702,"label":"culture urbaine"},{"value":1764,"label":"d\u00e9co cuisine"},{"value":1763,"label":"design urbain"},{"value":1762,"label":"fast food"},{"value":1759,"label":"food art"},{"value":1758,"label":"hamburger"},{"value":1760,"label":"street food"},{"value":1761,"label":"urban art"}]},"featured_image_src_large":["https:\/\/mes-pochoirs.com\/wp-content\/uploads\/2025\/12\/PA0035-pochoir-burger-copyright-mes-pochoirs-858x1030.jpg",858,1030,true],"author_info":[],"comment_info":0,"_links":{"self":[{"href":"https:\/\/mes-pochoirs.com\/it\/wp-json\/wp\/v2\/product\/30473","targetHints":{"allow":["GET"]}}],"collection":[{"href":"https:\/\/mes-pochoirs.com\/it\/wp-json\/wp\/v2\/product"}],"about":[{"href":"https:\/\/mes-pochoirs.com\/it\/wp-json\/wp\/v2\/types\/product"}],"replies":[{"embeddable":true,"href":"https:\/\/mes-pochoirs.com\/it\/wp-json\/wp\/v2\/comments?post=30473"}],"wp:featuredmedia":[{"embeddable":true,"href":"https:\/\/mes-pochoirs.com\/it\/wp-json\/wp\/v2\/media\/31715"}],"wp:attachment":[{"href":"https:\/\/mes-pochoirs.com\/it\/wp-json\/wp\/v2\/media?parent=30473"}],"wp:term":[{"taxonomy":"product_brand","embeddable":true,"href":"https:\/\/mes-pochoirs.com\/it\/wp-json\/wp\/v2\/product_brand?post=30473"},{"taxonomy":"product_cat","embeddable":true,"href":"https:\/\/mes-pochoirs.com\/it\/wp-json\/wp\/v2\/product_cat?post=30473"},{"taxonomy":"product_tag","embeddable":true,"href":"https:\/\/mes-pochoirs.com\/it\/wp-json\/wp\/v2\/product_tag?post=30473"}],"curies":[{"name":"wp","href":"https:\/\/api.w.org\/{rel}","templated":true}]}}