{"id":31212,"date":"2025-11-21T10:00:40","date_gmt":"2025-11-21T09:00:40","guid":{"rendered":"https:\/\/mes-pochoirs.com\/?post_type=product&#038;p=31212"},"modified":"2025-12-01T23:43:44","modified_gmt":"2025-12-01T22:43:44","slug":"pochoir-portrait-femme-fumeuse-au-bonnet-pv0048","status":"publish","type":"product","link":"https:\/\/mes-pochoirs.com\/it\/produit\/pochoir-portrait-femme-fumeuse-au-bonnet-pv0048","title":{"rendered":"Stencil Street Art \u201cBillie\u201d - PV0048"},"content":{"rendered":"<h2 class=\"ng-star-inserted\"><span class=\"ng-star-inserted\"><strong class=\"ng-star-inserted\">Pochoir Street Art &#8220;Billie&#8221; \u2013 Portrait Femme Fumeuse au Bonnet<\/strong><\/span><\/h2>\n<p class=\"ng-star-inserted\"><span class=\"ng-star-inserted\"><br \/>\n<\/span><span class=\"ng-star-inserted\">Faites entrer une dose d&#8217;attitude urbaine dans votre d\u00e9coration avec Billie. Ce\u00a0<\/span><strong class=\"ng-star-inserted\"><span class=\"ng-star-inserted\">pochoir portrait femme fumeuse au bonnet<\/span><\/strong><span class=\"ng-star-inserted\">\u00a0capture l&#8217;essence m\u00eame du style street art et de la pop-culture moderne. Billie n&#8217;est pas qu&#8217;un simple visage, c&#8217;est une ic\u00f4ne de caract\u00e8re au style r\u00e9solument contemporain. Avec ses longs cheveux ondul\u00e9s qui encadrent ses traits et son bonnet viss\u00e9 sur la t\u00eate, elle d\u00e9gage une nonchalance \u00e9tudi\u00e9e et une posture audacieuse qui attirent imm\u00e9diatement le regard.<\/span><\/p>\n<p class=\"ng-star-inserted\"><span class=\"ng-star-inserted\">L&#8217;\u00e9l\u00e9ment central de ce motif est l&#8217;expression magn\u00e9tique de Billie, qui incarne une rebelle pleine de confiance en elle. Ses yeux per\u00e7ants surlign\u00e9s d&#8217;un trait noir et ses taches de rousseur distinctives lui conf\u00e8rent une esth\u00e9tique \u00e0 la fois &#8220;glamour punk&#8221; et hyper-stylis\u00e9e. La cigarette tenue nonchalamment au coin des l\u00e8vres renforce cette dimension de &#8220;Bad Girl&#8221; urbaine, cr\u00e9ant une image forte et provocante.<\/span><\/p>\n<p class=\"ng-star-inserted\"><span class=\"ng-star-inserted\">Questo <strong class=\"ng-star-inserted\">pochoir portrait femme fumeuse au bonnet<\/strong> est id\u00e9al pour des cr\u00e9ations artistiques cherchant \u00e0 exprimer une f\u00e9minit\u00e9 moderne et d\u00e9complex\u00e9e. Que vous optiez pour un rendu minimaliste en noir et blanc ou pour une explosion de couleurs fa\u00e7on graffiti comme illustr\u00e9, le pochoir offre des lignes pr\u00e9cises pour un r\u00e9sultat impactant. Il s&#8217;inscrit parfaitement dans la mouvance de l&#8217;illustration contemporaine, s&#8217;adressant aux passionn\u00e9s de culture de rue qui souhaitent allier mode, beaut\u00e9 et art brut dans leurs projets de customisation.<\/span><\/p>","protected":false},"excerpt":{"rendered":"<p><span class=\"ng-star-inserted\">Exprimez votre cr\u00e9ativit\u00e9 avec ce\u00a0<\/span><strong class=\"ng-star-inserted\"><span class=\"ng-star-inserted\">pochoir portrait femme fumeuse au bonnet<\/span><\/strong><span class=\"ng-star-inserted\"> au look Street Art, grunge et moderne. Parfait pour ajoutez une touche rebelle, glamour et audacieuse \u00e0 vos cr\u00e9ations.<\/span><\/p>","protected":false},"featured_media":31191,"comment_status":"open","ping_status":"closed","template":"","meta":{"bwfblock_default_font":"","_kad_blocks_custom_css":"","_kad_blocks_head_custom_js":"","_kad_blocks_body_custom_js":"","_kad_blocks_footer_custom_js":"","_kadence_starter_templates_imported_post":false,"_kad_post_transparent":"default","_kad_post_title":"","_kad_post_layout":"default","_kad_post_sidebar_id":"","_kad_post_content_style":"default","_kad_post_vertical_padding":"default","_kad_post_feature":"","_kad_post_feature_position":"","_kad_post_header":false,"_kad_post_footer":false,"_kad_post_classname":""},"product_brand":[1415],"product_cat":[36,332,328],"product_tag":[1307,1795,1044,359,1043,607,1199,390,834,1796,338],"class_list":{"0":"post-31212","1":"product","2":"type-product","3":"status-publish","4":"has-post-thumbnail","6":"product_brand-mes-pochoirs","7":"product_cat-pochoirs-portraits-visages","8":"product_cat-pochoirs-pop-art","9":"product_cat-pochoirs-street-art","10":"product_tag-attitude","11":"product_tag-bonnet","12":"product_tag-cigarette","13":"product_tag-femme","14":"product_tag-fumeuse","15":"product_tag-glamour","16":"product_tag-grunge","17":"product_tag-portrait","18":"product_tag-rebelle","19":"product_tag-regards","20":"product_tag-visage","22":"first","23":"instock","24":"taxable","25":"shipping-taxable","26":"purchasable","27":"product-type-variable","28":"entry","29":"content-bg","30":"loop-entry"},"taxonomy_info":{"product_brand":[{"value":1415,"label":"Mes Pochoirs"}],"product_cat":[{"value":36,"label":"Portraits &amp; Visages"},{"value":332,"label":"Pop Art"},{"value":328,"label":"Street Art"}],"product_tag":[{"value":1307,"label":"attitude"},{"value":1795,"label":"bonnet"},{"value":1044,"label":"cigarette"},{"value":359,"label":"femme"},{"value":1043,"label":"fumeuse"},{"value":607,"label":"glamour"},{"value":1199,"label":"grunge"},{"value":390,"label":"portrait"},{"value":834,"label":"rebelle"},{"value":1796,"label":"regards"},{"value":338,"label":"visage"}]},"featured_image_src_large":["https:\/\/mes-pochoirs.com\/wp-content\/uploads\/2025\/11\/PV0048-pochoir-portrait-femme-copyright-mes-pochoirs-858x1030.jpg",858,1030,true],"author_info":[],"comment_info":0,"_links":{"self":[{"href":"https:\/\/mes-pochoirs.com\/it\/wp-json\/wp\/v2\/product\/31212","targetHints":{"allow":["GET"]}}],"collection":[{"href":"https:\/\/mes-pochoirs.com\/it\/wp-json\/wp\/v2\/product"}],"about":[{"href":"https:\/\/mes-pochoirs.com\/it\/wp-json\/wp\/v2\/types\/product"}],"replies":[{"embeddable":true,"href":"https:\/\/mes-pochoirs.com\/it\/wp-json\/wp\/v2\/comments?post=31212"}],"wp:featuredmedia":[{"embeddable":true,"href":"https:\/\/mes-pochoirs.com\/it\/wp-json\/wp\/v2\/media\/31191"}],"wp:attachment":[{"href":"https:\/\/mes-pochoirs.com\/it\/wp-json\/wp\/v2\/media?parent=31212"}],"wp:term":[{"taxonomy":"product_brand","embeddable":true,"href":"https:\/\/mes-pochoirs.com\/it\/wp-json\/wp\/v2\/product_brand?post=31212"},{"taxonomy":"product_cat","embeddable":true,"href":"https:\/\/mes-pochoirs.com\/it\/wp-json\/wp\/v2\/product_cat?post=31212"},{"taxonomy":"product_tag","embeddable":true,"href":"https:\/\/mes-pochoirs.com\/it\/wp-json\/wp\/v2\/product_tag?post=31212"}],"curies":[{"name":"wp","href":"https:\/\/api.w.org\/{rel}","templated":true}]}}