{"id":33212,"date":"2026-01-22T15:46:01","date_gmt":"2026-01-22T14:46:01","guid":{"rendered":"https:\/\/mes-pochoirs.com\/?post_type=product&#038;p=33212"},"modified":"2026-02-02T00:48:27","modified_gmt":"2026-02-01T23:48:27","slug":"stencil-segnale-no-soliciting","status":"publish","type":"product","link":"https:\/\/mes-pochoirs.com\/it\/produit\/pochoir-panneau-no-soliciting","title":{"rendered":"Stencil Segnale di Divieto \u2013 No Soliciting"},"content":{"rendered":"<h2>Stencil Segnale di Divieto \u2013 No Soliciting<\/h2>\n<p>Lo stencil No Soliciting si ispira ai segnali di divieto e alla segnaletica urbana che si trovano su porte, facciate e muri della citt\u00e0.<\/p>\n<p>La sua scrittura chiara e incisiva lo rende uno stencil testuale urbano di grande impatto visivo, perfetto per street art, decorazioni murali, interni industriali o composizioni grafiche contemporanee.<\/p>\n<p>Facile da usare, questo stencil di segnaletica permette di realizzare una marcatura netta e precisa su diversi supporti: muri, legno, metallo, tela o pannelli. \u00c8 adatto sia ad artisti che a appassionati di decorazione urbana che vogliono personalizzare uno spazio con un messaggio forte e deciso.<\/p>\n<p>Uno stencil ideale per creare un'atmosfera urbana autentica e dare carattere ai vostri progetti decorativi o artistici.<\/p>","protected":false},"excerpt":{"rendered":"<p>Pochoir inspir\u00e9 des panneaux d\u2019interdiction urbains.<br \/>\nTypographie directe et lisible pour murs, portes et projets street art, d\u00e9coration industrielle.<\/p>","protected":false},"featured_media":33213,"comment_status":"open","ping_status":"closed","template":"","meta":{"bwfblock_default_font":"","_kad_blocks_custom_css":"","_kad_blocks_head_custom_js":"","_kad_blocks_body_custom_js":"","_kad_blocks_footer_custom_js":"","_kadence_starter_templates_imported_post":false,"_kad_post_transparent":"default","_kad_post_title":"","_kad_post_layout":"default","_kad_post_sidebar_id":"","_kad_post_content_style":"default","_kad_post_vertical_padding":"default","_kad_post_feature":"","_kad_post_feature_position":"","_kad_post_header":false,"_kad_post_footer":false,"_kad_post_classname":""},"product_brand":[1415],"product_cat":[273,316],"product_tag":[1949,1001,1465,1950,274,1948,1463,1455,502,295],"class_list":{"0":"post-33212","1":"product","2":"type-product","3":"status-publish","4":"has-post-thumbnail","6":"product_brand-mes-pochoirs","7":"product_cat-pochoirs-urbains","8":"product_cat-pochoirs-textes-et-messages","9":"product_tag-decoration-industrielle","10":"product_tag-industriel","11":"product_tag-interdiction","12":"product_tag-no-soliciting","13":"product_tag-panneau","14":"product_tag-propriete-privee","15":"product_tag-securite","16":"product_tag-signaletique","17":"product_tag-signalisation","18":"product_tag-texte","20":"first","21":"instock","22":"taxable","23":"shipping-taxable","24":"purchasable","25":"product-type-variable","26":"entry","27":"content-bg","28":"loop-entry"},"taxonomy_info":{"product_brand":[{"value":1415,"label":"Mes Pochoirs"}],"product_cat":[{"value":273,"label":"Urbains"},{"value":316,"label":"Textes et Messages"}],"product_tag":[{"value":1949,"label":"d\u00e9coration industrielle"},{"value":1001,"label":"industriel"},{"value":1465,"label":"interdiction"},{"value":1950,"label":"No Soliciting"},{"value":274,"label":"Panneau"},{"value":1948,"label":"propri\u00e9t\u00e9 priv\u00e9e"},{"value":1463,"label":"s\u00e9curit\u00e9"},{"value":1455,"label":"signal\u00e9tique"},{"value":502,"label":"signalisation"},{"value":295,"label":"Texte"}]},"featured_image_src_large":["https:\/\/mes-pochoirs.com\/wp-content\/uploads\/2026\/01\/U0025-pochoir-panneau-interdiction-copyright-mes-pochoirs-858x1030.jpg",858,1030,true],"author_info":[],"comment_info":0,"_links":{"self":[{"href":"https:\/\/mes-pochoirs.com\/it\/wp-json\/wp\/v2\/product\/33212","targetHints":{"allow":["GET"]}}],"collection":[{"href":"https:\/\/mes-pochoirs.com\/it\/wp-json\/wp\/v2\/product"}],"about":[{"href":"https:\/\/mes-pochoirs.com\/it\/wp-json\/wp\/v2\/types\/product"}],"replies":[{"embeddable":true,"href":"https:\/\/mes-pochoirs.com\/it\/wp-json\/wp\/v2\/comments?post=33212"}],"wp:featuredmedia":[{"embeddable":true,"href":"https:\/\/mes-pochoirs.com\/it\/wp-json\/wp\/v2\/media\/33213"}],"wp:attachment":[{"href":"https:\/\/mes-pochoirs.com\/it\/wp-json\/wp\/v2\/media?parent=33212"}],"wp:term":[{"taxonomy":"product_brand","embeddable":true,"href":"https:\/\/mes-pochoirs.com\/it\/wp-json\/wp\/v2\/product_brand?post=33212"},{"taxonomy":"product_cat","embeddable":true,"href":"https:\/\/mes-pochoirs.com\/it\/wp-json\/wp\/v2\/product_cat?post=33212"},{"taxonomy":"product_tag","embeddable":true,"href":"https:\/\/mes-pochoirs.com\/it\/wp-json\/wp\/v2\/product_tag?post=33212"}],"curies":[{"name":"wp","href":"https:\/\/api.w.org\/{rel}","templated":true}]}}