{"id":3361,"date":"2021-10-10T08:06:56","date_gmt":"2021-10-10T08:06:56","guid":{"rendered":"https:\/\/mes-pochoirs.com\/?post_type=product&#038;p=3361"},"modified":"2025-10-31T11:40:33","modified_gmt":"2025-10-31T10:40:33","slug":"stencil-barocco-b0009","status":"publish","type":"product","link":"https:\/\/mes-pochoirs.com\/it\/produit\/pochoir-baroque-b0009","title":{"rendered":"Stencil barocco - B0009"},"content":{"rendered":"<h2>Stencil barocco<\/h2>\n<h3>Un design che celebra l'eleganza e la maestosit\u00e0<\/h3>\n<p><strong>Stencil barocco<\/strong> Questo motivo ornamentale simmetrico evoca una corona vegetale stilizzata, ricca di arabeschi, volute e foglie d'acanto. Ogni linea, ogni curva, sembra uscire direttamente dalla boiserie intagliata di un antico palazzo. L'insieme irradia una nobilt\u00e0 senza tempo e trasmette un senso di splendore controllato, tra tradizione decorativa ed espressione artistica assertiva. Questo stencil trasforma un semplice supporto in un elemento centrale della decorazione domestica, pieno di carattere. Vero e proprio strumento di espressione, permette di valorizzare una parete, una tela o un mobile con un tocco di maestosit\u00e0. Con pochi tratti, potrete creare un fregio floreale o un medaglione barocco, a seconda delle vostre esigenze. Usato per dipingere, dorare o patinare, d\u00e0 una finitura spettacolare e sottile. Si rivolge a pittori e decoratori alla ricerca di dettagli accattivanti che diano vita a creazioni uniche e raffinate.<\/p>\n<h3>Uno stile che unisce tradizione e raffinatezza moderna<\/h3>\n<p><strong>Stencil barocco<\/strong> Lo stile barocco: profondamente ispirato alle arti decorative del XVII e XVIII secolo, rivisita i grandi classici dello stile barocco con un tocco contemporaneo. Presenta la struttura imponente delle corone ornamentali, la grazia degli arabeschi floreali e l'ispirazione romantica dei fiori stilizzati, il tutto in un design armonioso e arioso. Questo stencil incarna perfettamente l'incontro tra patrimonio storico e modernit\u00e0 creativa. Si trova a suo agio sia in un ambiente classico che in un arredamento moderno, dove creer\u00e0 un contrasto forte ed elegante. Ideale per una parete d'accento, una testiera o il frontale di un mobile, diventa un vero e proprio gioiello decorativo. Riutilizzabile, di alta qualit\u00e0, reversibile e disponibile in diverse dimensioni, \u00e8 stato progettato per valorizzare qualsiasi lavoro o spazio con stile, personalit\u00e0 e raffinatezza. Una scelta essenziale per gli amanti dei dettagli e delle forme artistiche forti.<\/p>","protected":false},"excerpt":{"rendered":"<p><strong data-start=\"1139\" data-end=\"1158\">Stencil barocco<\/strong> con raffinati arabeschi, perfetti per dipinti, mobili o opere d'arte. Alta qualit\u00e0 e reversibilit\u00e0.<\/p>","protected":false},"featured_media":3371,"comment_status":"open","ping_status":"closed","template":"","meta":{"bwfblock_default_font":"","_kad_blocks_custom_css":"","_kad_blocks_head_custom_js":"","_kad_blocks_body_custom_js":"","_kad_blocks_footer_custom_js":"","_kadence_starter_templates_imported_post":false,"_kad_post_transparent":"default","_kad_post_title":"","_kad_post_layout":"default","_kad_post_sidebar_id":"","_kad_post_content_style":"default","_kad_post_vertical_padding":"default","_kad_post_feature":"","_kad_post_feature_position":"","_kad_post_header":false,"_kad_post_footer":false,"_kad_post_classname":""},"product_brand":[1415],"product_cat":[224],"product_tag":[1368,1369,225,1366,226,567,416,1371,1360,1277,675,1370,1365,955,1367],"class_list":{"0":"post-3361","1":"product","2":"type-product","3":"status-publish","4":"has-post-thumbnail","6":"product_brand-mes-pochoirs","7":"product_cat-pochoirs-baroques","8":"product_tag-acanthes","9":"product_tag-arabesques","10":"product_tag-baroque","11":"product_tag-boiseries","12":"product_tag-couronne","13":"product_tag-decoration","14":"product_tag-fleurs","15":"product_tag-frise","16":"product_tag-maison","17":"product_tag-majeste","18":"product_tag-moderne","19":"product_tag-noblesse","20":"product_tag-palais","21":"product_tag-tradition","22":"product_tag-volutes","24":"first","25":"instock","26":"taxable","27":"shipping-taxable","28":"purchasable","29":"product-type-variable","30":"has-default-attributes","31":"entry","32":"content-bg","33":"loop-entry"},"taxonomy_info":{"product_brand":[{"value":1415,"label":"Mes Pochoirs"}],"product_cat":[{"value":224,"label":"Baroques"}],"product_tag":[{"value":1368,"label":"acanthes"},{"value":1369,"label":"arabesques"},{"value":225,"label":"baroque"},{"value":1366,"label":"boiseries"},{"value":226,"label":"couronne"},{"value":567,"label":"decoration"},{"value":416,"label":"fleurs"},{"value":1371,"label":"frise"},{"value":1360,"label":"maison"},{"value":1277,"label":"majest\u00e9"},{"value":675,"label":"moderne"},{"value":1370,"label":"noblesse"},{"value":1365,"label":"palais"},{"value":955,"label":"tradition"},{"value":1367,"label":"volutes"}]},"featured_image_src_large":["https:\/\/mes-pochoirs.com\/wp-content\/uploads\/2021\/10\/B0009-mes-pochoirs-com-858x1030.jpg",858,1030,true],"author_info":[],"comment_info":0,"_links":{"self":[{"href":"https:\/\/mes-pochoirs.com\/it\/wp-json\/wp\/v2\/product\/3361","targetHints":{"allow":["GET"]}}],"collection":[{"href":"https:\/\/mes-pochoirs.com\/it\/wp-json\/wp\/v2\/product"}],"about":[{"href":"https:\/\/mes-pochoirs.com\/it\/wp-json\/wp\/v2\/types\/product"}],"replies":[{"embeddable":true,"href":"https:\/\/mes-pochoirs.com\/it\/wp-json\/wp\/v2\/comments?post=3361"}],"wp:featuredmedia":[{"embeddable":true,"href":"https:\/\/mes-pochoirs.com\/it\/wp-json\/wp\/v2\/media\/3371"}],"wp:attachment":[{"href":"https:\/\/mes-pochoirs.com\/it\/wp-json\/wp\/v2\/media?parent=3361"}],"wp:term":[{"taxonomy":"product_brand","embeddable":true,"href":"https:\/\/mes-pochoirs.com\/it\/wp-json\/wp\/v2\/product_brand?post=3361"},{"taxonomy":"product_cat","embeddable":true,"href":"https:\/\/mes-pochoirs.com\/it\/wp-json\/wp\/v2\/product_cat?post=3361"},{"taxonomy":"product_tag","embeddable":true,"href":"https:\/\/mes-pochoirs.com\/it\/wp-json\/wp\/v2\/product_tag?post=3361"}],"curies":[{"name":"wp","href":"https:\/\/api.w.org\/{rel}","templated":true}]}}