{"id":33620,"date":"2026-02-06T09:29:23","date_gmt":"2026-02-06T08:29:23","guid":{"rendered":"https:\/\/mes-pochoirs.com\/?post_type=product&#038;p=33620"},"modified":"2026-02-16T01:01:08","modified_gmt":"2026-02-16T00:01:08","slug":"stencil-natura-morta-floreale","status":"publish","type":"product","link":"https:\/\/mes-pochoirs.com\/it\/produit\/pochoir-nature-morte-florale","title":{"rendered":"Stencil Natura Morta Floreale Stilizzata"},"content":{"rendered":"<h2>Stencil Natura Morta Floreale Stilizzata<\/h2>\n<p>Questo stencil rappresenta una natura morta floreale stilizzata, costruita attorno a un vaso centrale e un bouquet composto da forme semplici ed espressive. I fiori, le foglie e gli oggetti circostanti sono ridotti all'essenziale, trattati come motivi grafici piuttosto che elementi realistici.<\/p>\n<p>La composizione \u00e8 frontale, strutturata da campiture e contrasti. Il vaso, massiccio e ancorato, funge da base per un insieme floreale pi\u00f9 libero, ritmato da cerchi, raggi e ripetizioni di forme. Ogni elemento agisce come un segno, partecipando a un linguaggio visivo coerente ed equilibrato.<\/p>\n<p>L'insieme si inserisce nella tradizione del modernismo decorativo del XX secolo, con evidenti parentela visive con le composizioni floreali stilizzate di Henri Matisse e l'universo grafico di Raoul Dufy. Il motivo floreale diventa qui un oggetto decorativo autonomo, pensato per la parete.<\/p>\n<p>A seconda dei colori utilizzati, questo stencil pu\u00f2 adottare un registro caldo e r\u00e9tro, o un approccio pi\u00f9 contrastante e contemporaneo. Su parete, tela o mobili, si impone come un'immagine forte, al contempo decorativa ed espressiva.<\/p>","protected":false},"excerpt":{"rendered":"<p>Une nature morte florale stylis\u00e9e, inspir\u00e9e du modernisme d\u00e9coratif et de l\u2019illustration du XXe si\u00e8cle &#8211; composition graphique forte, entre influences Matisse\u2013Dufy et esth\u00e9tique artisanale contemporaine.<\/p>","protected":false},"featured_media":33621,"comment_status":"open","ping_status":"closed","template":"","meta":{"bwfblock_default_font":"","_kad_blocks_custom_css":"","_kad_blocks_head_custom_js":"","_kad_blocks_body_custom_js":"","_kad_blocks_footer_custom_js":"","_kadence_starter_templates_imported_post":false,"_kad_post_transparent":"default","_kad_post_title":"","_kad_post_layout":"default","_kad_post_sidebar_id":"","_kad_post_content_style":"default","_kad_post_vertical_padding":"default","_kad_post_feature":"","_kad_post_feature_position":"","_kad_post_header":false,"_kad_post_footer":false,"_kad_post_classname":""},"product_brand":[1415],"product_cat":[51,369],"product_tag":[1986,1376,567,416,648,1984,1979,1985,1982,1983,467,1980,1987,1772,231],"class_list":{"0":"post-33620","1":"product","2":"type-product","3":"status-publish","4":"has-post-thumbnail","6":"product_brand-mes-pochoirs","7":"product_cat-pochoirs-fleurs","8":"product_cat-pochoirs-nature","9":"product_tag-affiche-imprimee","10":"product_tag-artisanal","11":"product_tag-decoration","12":"product_tag-fleurs","13":"product_tag-floral","14":"product_tag-gravure","15":"product_tag-henri-matisse","16":"product_tag-linogravure","17":"product_tag-modernisme","18":"product_tag-nature-morte","19":"product_tag-peinture","20":"product_tag-raoul-dufy","21":"product_tag-tableau","22":"product_tag-vase","23":"product_tag-vintage","25":"first","26":"instock","27":"taxable","28":"shipping-taxable","29":"purchasable","30":"product-type-variable","31":"entry","32":"content-bg","33":"loop-entry"},"taxonomy_info":{"product_brand":[{"value":1415,"label":"Mes Pochoirs"}],"product_cat":[{"value":51,"label":"Fleurs"},{"value":369,"label":"Nature"}],"product_tag":[{"value":1986,"label":"affiche imprim\u00e9e"},{"value":1376,"label":"artisanal"},{"value":567,"label":"decoration"},{"value":416,"label":"fleurs"},{"value":648,"label":"floral"},{"value":1984,"label":"Gravure"},{"value":1979,"label":"Henri Matisse"},{"value":1985,"label":"linogravure"},{"value":1982,"label":"modernisme"},{"value":1983,"label":"nature morte"},{"value":467,"label":"peinture"},{"value":1980,"label":"Raoul Dufy"},{"value":1987,"label":"tableau"},{"value":1772,"label":"vase"},{"value":231,"label":"vintage"}]},"featured_image_src_large":["https:\/\/mes-pochoirs.com\/wp-content\/uploads\/2026\/02\/F0042-pochoir-vase-fleurs-copyright-mes-pochoirs-858x1030.jpg",858,1030,true],"author_info":[],"comment_info":0,"_links":{"self":[{"href":"https:\/\/mes-pochoirs.com\/it\/wp-json\/wp\/v2\/product\/33620","targetHints":{"allow":["GET"]}}],"collection":[{"href":"https:\/\/mes-pochoirs.com\/it\/wp-json\/wp\/v2\/product"}],"about":[{"href":"https:\/\/mes-pochoirs.com\/it\/wp-json\/wp\/v2\/types\/product"}],"replies":[{"embeddable":true,"href":"https:\/\/mes-pochoirs.com\/it\/wp-json\/wp\/v2\/comments?post=33620"}],"wp:featuredmedia":[{"embeddable":true,"href":"https:\/\/mes-pochoirs.com\/it\/wp-json\/wp\/v2\/media\/33621"}],"wp:attachment":[{"href":"https:\/\/mes-pochoirs.com\/it\/wp-json\/wp\/v2\/media?parent=33620"}],"wp:term":[{"taxonomy":"product_brand","embeddable":true,"href":"https:\/\/mes-pochoirs.com\/it\/wp-json\/wp\/v2\/product_brand?post=33620"},{"taxonomy":"product_cat","embeddable":true,"href":"https:\/\/mes-pochoirs.com\/it\/wp-json\/wp\/v2\/product_cat?post=33620"},{"taxonomy":"product_tag","embeddable":true,"href":"https:\/\/mes-pochoirs.com\/it\/wp-json\/wp\/v2\/product_tag?post=33620"}],"curies":[{"name":"wp","href":"https:\/\/api.w.org\/{rel}","templated":true}]}}