{"id":34025,"date":"2026-02-18T11:23:50","date_gmt":"2026-02-18T10:23:50","guid":{"rendered":"https:\/\/mes-pochoirs.com\/?post_type=product&#038;p=34025"},"modified":"2026-04-06T04:31:34","modified_gmt":"2026-04-06T02:31:34","slug":"stencil-taj-mahal","status":"publish","type":"product","link":"https:\/\/mes-pochoirs.com\/it\/produit\/pochoir-taj-mahal","title":{"rendered":"Stencil Taj Mahal"},"content":{"rendered":"<h2>Pochoir Taj Mahal &#8211; Monument Mythique<\/h2>\n<p>Invita l'evasione e la magia dell'India nelle tue creazioni con questo stencil Taj Mahal, ispirato a uno dei monumenti pi\u00f9 famosi e ammirati al mondo.<\/p>\n<p>Simbolo di amore eterno e raffinatezza architettonica, il Taj Mahal si svela qui in una versione artistica moderna, che unisce linee architettoniche precise a un effetto di pittura libera. La silhouette iconica del monumento viene valorizzata con le sue maestose cupole e i suoi slanciati minareti. Il suo riflesso nell'acqua rafforza l'aspetto maestoso del motivo e consente di creare una composizione spettacolare, ricca di profondit\u00e0 ed emozione.<\/p>\n<p>Questo stencil \u00e8 ideale per realizzare una decorazione murale originale, una tela contemporanea o una creazione ispirata ai viaggi. Funziona perfettamente in bianco e nero per un risultato grafico, ma diventa ancora pi\u00f9 impressionante con sfondi colorati, sfumature, proiezioni o effetti acquerello.<\/p>\n<p>Riutilizzabile e facile da usare, questo modello \u00e8 perfetto per gli amanti dell'arte, della cultura e dell'architettura, e porter\u00e0 immediatamente un tocco esotico ed elegante al tuo ambiente.<\/p>","protected":false},"excerpt":{"rendered":"<p>Capturez la majest\u00e9 du Taj Mahal, un des monuments les plus c\u00e9l\u00e8bres et les plus admir\u00e9s au monde. Id\u00e9al pour cr\u00e9er une d\u00e9coration inspir\u00e9e de l\u2019Inde, du voyage et de l\u2019architecture mythique.<\/p>","protected":false},"featured_media":34026,"comment_status":"open","ping_status":"closed","template":"","meta":{"bwfblock_default_font":"","_kad_blocks_custom_css":"","_kad_blocks_head_custom_js":"","_kad_blocks_body_custom_js":"","_kad_blocks_footer_custom_js":"","_kadence_starter_templates_imported_post":false,"_kad_post_transparent":"default","_kad_post_title":"","_kad_post_layout":"default","_kad_post_sidebar_id":"","_kad_post_content_style":"default","_kad_post_vertical_padding":"default","_kad_post_feature":"","_kad_post_feature_position":"","_kad_post_header":false,"_kad_post_footer":false,"_kad_post_classname":""},"product_brand":[1415],"product_cat":[273,732,290],"product_tag":[2003,469,1171,2011,2013,1045,2012],"class_list":{"0":"post-34025","1":"product","2":"type-product","3":"status-publish","4":"has-post-thumbnail","6":"product_brand-mes-pochoirs","7":"product_cat-pochoirs-urbains","8":"product_cat-pochoirs-icones-celebrites","9":"product_cat-pochoirs-villes","10":"product_tag-architecture","11":"product_tag-celebre","12":"product_tag-culture","13":"product_tag-inde","14":"product_tag-monde","15":"product_tag-monument","16":"product_tag-taj-mahal","18":"first","19":"instock","20":"taxable","21":"shipping-taxable","22":"purchasable","23":"product-type-variable","24":"entry","25":"content-bg","26":"loop-entry"},"taxonomy_info":{"product_brand":[{"value":1415,"label":"Mes Pochoirs"}],"product_cat":[{"value":273,"label":"Urbains"},{"value":732,"label":"Ic\u00f4nes &amp; C\u00e9l\u00e9brit\u00e9s"},{"value":290,"label":"Villes"}],"product_tag":[{"value":2003,"label":"architecture"},{"value":469,"label":"c\u00e9l\u00e8bre"},{"value":1171,"label":"culture"},{"value":2011,"label":"Inde"},{"value":2013,"label":"monde"},{"value":1045,"label":"monument"},{"value":2012,"label":"Taj Mahal"}]},"featured_image_src_large":["https:\/\/mes-pochoirs.com\/wp-content\/uploads\/2026\/02\/U0036-pochoir-taj-mahal-copyright-mes-pochoirs-858x1030.jpg",858,1030,true],"author_info":[],"comment_info":0,"_links":{"self":[{"href":"https:\/\/mes-pochoirs.com\/it\/wp-json\/wp\/v2\/product\/34025","targetHints":{"allow":["GET"]}}],"collection":[{"href":"https:\/\/mes-pochoirs.com\/it\/wp-json\/wp\/v2\/product"}],"about":[{"href":"https:\/\/mes-pochoirs.com\/it\/wp-json\/wp\/v2\/types\/product"}],"replies":[{"embeddable":true,"href":"https:\/\/mes-pochoirs.com\/it\/wp-json\/wp\/v2\/comments?post=34025"}],"wp:featuredmedia":[{"embeddable":true,"href":"https:\/\/mes-pochoirs.com\/it\/wp-json\/wp\/v2\/media\/34026"}],"wp:attachment":[{"href":"https:\/\/mes-pochoirs.com\/it\/wp-json\/wp\/v2\/media?parent=34025"}],"wp:term":[{"taxonomy":"product_brand","embeddable":true,"href":"https:\/\/mes-pochoirs.com\/it\/wp-json\/wp\/v2\/product_brand?post=34025"},{"taxonomy":"product_cat","embeddable":true,"href":"https:\/\/mes-pochoirs.com\/it\/wp-json\/wp\/v2\/product_cat?post=34025"},{"taxonomy":"product_tag","embeddable":true,"href":"https:\/\/mes-pochoirs.com\/it\/wp-json\/wp\/v2\/product_tag?post=34025"}],"curies":[{"name":"wp","href":"https:\/\/api.w.org\/{rel}","templated":true}]}}