{"id":34125,"date":"2026-02-23T13:44:24","date_gmt":"2026-02-23T12:44:24","guid":{"rendered":"https:\/\/mes-pochoirs.com\/?post_type=product&#038;p=34125"},"modified":"2026-02-24T08:58:56","modified_gmt":"2026-02-24T07:58:56","slug":"pochoir-mystere-40x40","status":"publish","type":"product","link":"https:\/\/mes-pochoirs.com\/it\/produit\/pochoir-mystere-40x40","title":{"rendered":"Stencil Misterioso"},"content":{"rendered":"<p data-start=\"657\" data-end=\"696\"><strong>Stencil Misterioso<\/strong><\/p>\n<p data-start=\"698\" data-end=\"846\">Avant d\u2019int\u00e9grer un mod\u00e8le \u00e0 notre collection, chaque pochoir est test\u00e9 dans notre atelier afin de v\u00e9rifier la qualit\u00e9 de d\u00e9coupe et le rendu final.<\/p>\n<p data-start=\"848\" data-end=\"980\">Ces exemplaires de validation sont parfaitement utilisables et b\u00e9n\u00e9ficient de la m\u00eame qualit\u00e9 de mat\u00e9riau que nos mod\u00e8les standards.<\/p>\n<p data-start=\"982\" data-end=\"1068\">Nous vous proposons ici l\u2019un de ces pochoirs issus de notre phase de contr\u00f4le atelier.<\/p>\n<p data-start=\"1070\" data-end=\"1210\">\u2714 Format : minimum 40cm<br data-start=\"1098\" data-end=\"1101\" \/>\u2714 Mod\u00e8le al\u00e9atoire<br data-start=\"1119\" data-end=\"1122\" \/>\u2714 M\u00eame qualit\u00e9 que nos collections<br data-start=\"1156\" data-end=\"1159\" \/>\u2714 S\u00e9lectionn\u00e9 parmi nos exemplaires de validation<\/p>\n<p data-start=\"1212\" data-end=\"1300\">Une opportunit\u00e9 d\u2019acqu\u00e9rir une pi\u00e8ce issue des coulisses de notre processus de cr\u00e9ation.<\/p>","protected":false},"excerpt":{"rendered":"<p>Pochoir Myst\u00e8re Avant d\u2019int\u00e9grer un mod\u00e8le \u00e0 notre collection, chaque pochoir est test\u00e9 dans notre atelier afin de v\u00e9rifier la qualit\u00e9 de d\u00e9coupe et le rendu final. Ces exemplaires de validation sont parfaitement utilisables et b\u00e9n\u00e9ficient de la m\u00eame qualit\u00e9 de mat\u00e9riau que nos mod\u00e8les standards. Nous vous proposons ici l\u2019un de ces pochoirs issus&#8230;<\/p>","protected":false},"featured_media":34161,"comment_status":"open","ping_status":"closed","template":"","meta":{"bwfblock_default_font":"","_kad_blocks_custom_css":"","_kad_blocks_head_custom_js":"","_kad_blocks_body_custom_js":"","_kad_blocks_footer_custom_js":"","_kadence_starter_templates_imported_post":false,"_kad_post_transparent":"default","_kad_post_title":"","_kad_post_layout":"default","_kad_post_sidebar_id":"","_kad_post_content_style":"default","_kad_post_vertical_padding":"default","_kad_post_feature":"","_kad_post_feature_position":"","_kad_post_header":false,"_kad_post_footer":false,"_kad_post_classname":""},"product_brand":[1415],"product_cat":[284],"product_tag":[],"class_list":{"0":"post-34125","1":"product","2":"type-product","3":"status-publish","4":"has-post-thumbnail","6":"product_brand-mes-pochoirs","7":"product_cat-pochoirs-graffitis","8":"product_shipping_class-classe-2","10":"first","11":"instock","12":"taxable","13":"shipping-taxable","14":"purchasable","15":"product-type-simple","16":"entry","17":"content-bg","18":"loop-entry"},"taxonomy_info":{"product_brand":[{"value":1415,"label":"Mes Pochoirs"}],"product_cat":[{"value":284,"label":"Graffitis"}]},"featured_image_src_large":["https:\/\/mes-pochoirs.com\/wp-content\/uploads\/2026\/02\/pochoir-mystere-01.jpg",1024,1024,false],"author_info":[],"comment_info":0,"_links":{"self":[{"href":"https:\/\/mes-pochoirs.com\/it\/wp-json\/wp\/v2\/product\/34125","targetHints":{"allow":["GET"]}}],"collection":[{"href":"https:\/\/mes-pochoirs.com\/it\/wp-json\/wp\/v2\/product"}],"about":[{"href":"https:\/\/mes-pochoirs.com\/it\/wp-json\/wp\/v2\/types\/product"}],"replies":[{"embeddable":true,"href":"https:\/\/mes-pochoirs.com\/it\/wp-json\/wp\/v2\/comments?post=34125"}],"wp:featuredmedia":[{"embeddable":true,"href":"https:\/\/mes-pochoirs.com\/it\/wp-json\/wp\/v2\/media\/34161"}],"wp:attachment":[{"href":"https:\/\/mes-pochoirs.com\/it\/wp-json\/wp\/v2\/media?parent=34125"}],"wp:term":[{"taxonomy":"product_brand","embeddable":true,"href":"https:\/\/mes-pochoirs.com\/it\/wp-json\/wp\/v2\/product_brand?post=34125"},{"taxonomy":"product_cat","embeddable":true,"href":"https:\/\/mes-pochoirs.com\/it\/wp-json\/wp\/v2\/product_cat?post=34125"},{"taxonomy":"product_tag","embeddable":true,"href":"https:\/\/mes-pochoirs.com\/it\/wp-json\/wp\/v2\/product_tag?post=34125"}],"curies":[{"name":"wp","href":"https:\/\/api.w.org\/{rel}","templated":true}]}}