{"id":3537,"date":"2021-10-29T14:18:04","date_gmt":"2021-10-29T14:18:04","guid":{"rendered":"https:\/\/mes-pochoirs.com\/?post_type=product&#038;p=3537"},"modified":"2025-10-31T11:40:37","modified_gmt":"2025-10-31T10:40:37","slug":"stencil-mandala-bohemien-m0004","status":"publish","type":"product","link":"https:\/\/mes-pochoirs.com\/it\/produit\/pochoir-mandala-boheme-m0004","title":{"rendered":"Stencil Mandala boemo - M0004"},"content":{"rendered":"<h2>Stencil Mandala boemo<\/h2>\n<h3>Un fiore geometrico che irradia armonia<\/h3>\n<p><strong>Stencil Mandala boemo<\/strong> Il cuore di questo motivo rilassante \u00e8 un fiore a otto petali, circondato da un cerchio di piccole punte triangolari che evocano movimento, energia ed equilibrio. Intorno a questo centro floreale si irradiano forme vegetali, foglie stilizzate, gocce e frecce simmetriche che formano una rosetta piena di vitalit\u00e0, al tempo stesso morbida e strutturata. Questo stencil esprime energia positiva, perfetta per creare una decorazione murale zen ispirata alla natura e alla serenit\u00e0. Pi\u00f9 che un semplice motivo decorativo, \u00e8 un vero e proprio strumento creativo pensato per trasformare pareti, tele, mobili o oggetti in opere d'arte viventi. Evoca la delicatezza della terracotta lavorata a mano, offrendo al contempo una totale libert\u00e0 di espressione. Riutilizzabile e adatto a tutte le superfici, invita a una delicata esplorazione artistica, per abbellire ogni angolo della casa con finezza, vita vegetale e spiritualit\u00e0.<\/p>\n<h3>Uno stile ispirato alla tradizione e alla modernit\u00e0<\/h3>\n<p><strong>Stencil Mandala boemo<\/strong> L'ispirazione per questo motivo deriva dai mandala naturali, dagli arabeschi orientali e dai rosoni decorativi presenti sia nell'arte sacra che nei decori antichi. Il designer fonde i codici della tradizione spirituale con quelli della modernit\u00e0 grafica, per un risultato raffinato, simbolico e contemporaneo. Ogni dettaglio \u00e8 studiato per bilanciare l'estetica floreale con una geometria pulita e ispirata. Ideale per gli amanti dell'arredamento boh\u00e9mien, \u00e8 altrettanto adatto a un ambiente zen, etnico o minimalista. Pu\u00f2 essere utilizzato da pittori, designer fai da te e appassionati di pittura decorativa per creare opere d'arte ricche di significato e bellezza. Reversibile, di alta qualit\u00e0 e disponibile in diverse dimensioni, questo stencil \u00e8 l'alleato perfetto per trasformare qualsiasi superficie in un terreno di espressione libero, floreale e profondamente personale.<\/p>","protected":false},"excerpt":{"rendered":"<p><strong data-start=\"1195\" data-end=\"1221\">Stencil Mandala boemo<\/strong> ideale per i pittori. Alta qualit\u00e0, reversibile, di diverse dimensioni per un elegante look boh\u00e9mien.<\/p>","protected":false},"featured_media":3547,"comment_status":"open","ping_status":"closed","template":"","meta":{"bwfblock_default_font":"","_kad_blocks_custom_css":"","_kad_blocks_head_custom_js":"","_kad_blocks_body_custom_js":"","_kad_blocks_footer_custom_js":"","_kadence_starter_templates_imported_post":false,"_kad_post_transparent":"default","_kad_post_title":"","_kad_post_layout":"default","_kad_post_sidebar_id":"","_kad_post_content_style":"default","_kad_post_vertical_padding":"default","_kad_post_feature":"","_kad_post_feature_position":"","_kad_post_header":false,"_kad_post_footer":false,"_kad_post_classname":""},"product_brand":[1415],"product_cat":[38],"product_tag":[229,1364,567,227,50,1360,230,1363,1361,1362,955,1337,1256],"class_list":{"0":"post-3537","1":"product","2":"type-product","3":"status-publish","4":"has-post-thumbnail","6":"product_brand-mes-pochoirs","7":"product_cat-pochoirs-mandala","8":"product_tag-arabesque","9":"product_tag-boheme","10":"product_tag-decoration","11":"product_tag-faience","12":"product_tag-fleur","13":"product_tag-maison","14":"product_tag-mandala","15":"product_tag-mandalas-naturels","16":"product_tag-modernite","17":"product_tag-rosaces","18":"product_tag-tradition","19":"product_tag-vegetal","20":"product_tag-zen","22":"first","23":"instock","24":"featured","25":"taxable","26":"shipping-taxable","27":"purchasable","28":"product-type-variable","29":"has-default-attributes","30":"entry","31":"content-bg","32":"loop-entry"},"taxonomy_info":{"product_brand":[{"value":1415,"label":"Mes Pochoirs"}],"product_cat":[{"value":38,"label":"Mandala"}],"product_tag":[{"value":229,"label":"arabesque"},{"value":1364,"label":"boh\u00e8me"},{"value":567,"label":"decoration"},{"value":227,"label":"fa\u00efence"},{"value":50,"label":"fleur"},{"value":1360,"label":"maison"},{"value":230,"label":"mandala"},{"value":1363,"label":"mandalas naturels"},{"value":1361,"label":"modernit\u00e9"},{"value":1362,"label":"rosaces"},{"value":955,"label":"tradition"},{"value":1337,"label":"v\u00e9g\u00e9tal"},{"value":1256,"label":"zen"}]},"featured_image_src_large":["https:\/\/mes-pochoirs.com\/wp-content\/uploads\/2021\/10\/M0004-pochoir-mandala-mes-pochoirs-com-858x1030.jpg",858,1030,true],"author_info":[],"comment_info":0,"_links":{"self":[{"href":"https:\/\/mes-pochoirs.com\/it\/wp-json\/wp\/v2\/product\/3537","targetHints":{"allow":["GET"]}}],"collection":[{"href":"https:\/\/mes-pochoirs.com\/it\/wp-json\/wp\/v2\/product"}],"about":[{"href":"https:\/\/mes-pochoirs.com\/it\/wp-json\/wp\/v2\/types\/product"}],"replies":[{"embeddable":true,"href":"https:\/\/mes-pochoirs.com\/it\/wp-json\/wp\/v2\/comments?post=3537"}],"wp:featuredmedia":[{"embeddable":true,"href":"https:\/\/mes-pochoirs.com\/it\/wp-json\/wp\/v2\/media\/3547"}],"wp:attachment":[{"href":"https:\/\/mes-pochoirs.com\/it\/wp-json\/wp\/v2\/media?parent=3537"}],"wp:term":[{"taxonomy":"product_brand","embeddable":true,"href":"https:\/\/mes-pochoirs.com\/it\/wp-json\/wp\/v2\/product_brand?post=3537"},{"taxonomy":"product_cat","embeddable":true,"href":"https:\/\/mes-pochoirs.com\/it\/wp-json\/wp\/v2\/product_cat?post=3537"},{"taxonomy":"product_tag","embeddable":true,"href":"https:\/\/mes-pochoirs.com\/it\/wp-json\/wp\/v2\/product_tag?post=3537"}],"curies":[{"name":"wp","href":"https:\/\/api.w.org\/{rel}","templated":true}]}}