{"id":3575,"date":"2021-11-01T14:19:04","date_gmt":"2021-11-01T14:19:04","guid":{"rendered":"https:\/\/mes-pochoirs.com\/?post_type=product&#038;p=3575"},"modified":"2025-10-31T11:40:42","modified_gmt":"2025-10-31T10:40:42","slug":"piastrella-stencil-fleur-de-lys-cc0008","status":"publish","type":"product","link":"https:\/\/mes-pochoirs.com\/it\/produit\/pochoir-carreau-fleur-de-lys-cc0008","title":{"rendered":"Stencil per piastrelle Fleur de Lys - CC0008"},"content":{"rendered":"<h2>Stencil quadrato Fleur de Lys<\/h2>\n<h3>Un motivo ricco di simbolismo e tradizione<\/h3>\n<p><strong>Stencil quadrato Fleur de Lys<\/strong> - Questo motivo ricco di storia evoca sia l'eleganza senza tempo della tradizione sia la forza espressiva dei grandi periodi decorativi. Il fleur-de-lys, simbolo di nobilt\u00e0, sboccia qui in una rosetta simmetrica ispirata alle raffinate volute degli arabeschi classici. Questo motivo racconta una storia, quella di un prezioso patrimonio ornamentale tramandato nei secoli. \u00c8 accattivante, attira l'attenzione e infonde vita floreale al vostro arredamento, trasformando ogni piastrella in un potente messaggio visivo. Ideale per la decorazione di interni o per progetti artistici, questo stencil \u00e8 stato progettato per conferire un'estetica nobile ed evocativa a pareti, mobili o tele. Conferisce alle vostre creazioni un'atmosfera boh\u00e9mien ma tradizionale, con un tocco di eleganza storica. Perfetto per valorizzare una superficie in cemento, un murale o una serie di dipinti creativi, porta un soffio di poesia nella vita di tutti i giorni.<\/p>\n<h3>Lo stile artigianale al centro della vostra creativit\u00e0<\/h3>\n<p><strong>Stencil quadrato Fleur de Lys<\/strong> - Pi\u00f9 che uno strumento, \u00e8 una fonte di ispirazione. Ogni dettaglio del disegno \u00e8 stato pensato per evidenziare il lavoro manuale dell'artista. Lo stile floreale e ornamentale segue sottilmente i contorni geometrici della piastrella, creando un equilibrio tra rigore e spontaneit\u00e0. Le volute ondeggiano con leggerezza, mentre gli arabeschi si intrecciano per dare vita a una composizione armoniosa e simmetrica. Con il suo spirito boh\u00e9mien ma raffinato, questo stencil si presta ugualmente bene alla decorazione di pareti, a progetti tessili, a creazioni su tela o a oggetti personalizzati. \u00c8 pensato per gli artisti che vogliono esprimere la propria individualit\u00e0 con audacia e delicatezza, mettendo in mostra una maestria artigianale profondamente radicata nell'amore per il dettaglio. Grazie a lui, ogni creazione diventa un'opera unica, vibrante di emozione e carattere.<\/p>","protected":false},"excerpt":{"rendered":"<p><strong>Stencil quadrato Fleur de Lys<\/strong> Pittura murale riutilizzabile. Alta qualit\u00e0, motivi floreali, arabeschi e uno stile artigianale per le vostre opere.<\/p>","protected":false},"featured_media":3585,"comment_status":"open","ping_status":"closed","template":"","meta":{"bwfblock_default_font":"","_kad_blocks_custom_css":"","_kad_blocks_head_custom_js":"","_kad_blocks_body_custom_js":"","_kad_blocks_footer_custom_js":"","_kadence_starter_templates_imported_post":false,"_kad_post_transparent":"default","_kad_post_title":"","_kad_post_layout":"default","_kad_post_sidebar_id":"","_kad_post_content_style":"default","_kad_post_vertical_padding":"default","_kad_post_feature":"","_kad_post_feature_position":"","_kad_post_header":false,"_kad_post_footer":false,"_kad_post_classname":""},"product_brand":[1415],"product_cat":[37],"product_tag":[229,1376,1364,1374,1373,567,50,228,648,1375,252,1372,955,1367],"class_list":{"0":"post-3575","1":"product","2":"type-product","3":"status-publish","4":"has-post-thumbnail","6":"product_brand-mes-pochoirs","7":"product_cat-pochoirs-pour-carreaux-ciment","8":"product_tag-arabesque","9":"product_tag-artisanal","10":"product_tag-boheme","11":"product_tag-carreau","12":"product_tag-ciment","13":"product_tag-decoration","14":"product_tag-fleur","15":"product_tag-fleur-de-lys","16":"product_tag-floral","17":"product_tag-ornemental","18":"product_tag-rosace","19":"product_tag-symetrique","20":"product_tag-tradition","21":"product_tag-volutes","23":"first","24":"instock","25":"taxable","26":"shipping-taxable","27":"purchasable","28":"product-type-variable","29":"has-default-attributes","30":"entry","31":"content-bg","32":"loop-entry"},"taxonomy_info":{"product_brand":[{"value":1415,"label":"Mes Pochoirs"}],"product_cat":[{"value":37,"label":"Carreaux de ciment"}],"product_tag":[{"value":229,"label":"arabesque"},{"value":1376,"label":"artisanal"},{"value":1364,"label":"boh\u00e8me"},{"value":1374,"label":"carreau"},{"value":1373,"label":"ciment"},{"value":567,"label":"decoration"},{"value":50,"label":"fleur"},{"value":228,"label":"fleur de lys"},{"value":648,"label":"floral"},{"value":1375,"label":"ornemental"},{"value":252,"label":"rosace"},{"value":1372,"label":"sym\u00e9trique"},{"value":955,"label":"tradition"},{"value":1367,"label":"volutes"}]},"featured_image_src_large":["https:\/\/mes-pochoirs.com\/wp-content\/uploads\/2021\/11\/CC0008-mes-pochoirs-com-858x1030.jpg",858,1030,true],"author_info":[],"comment_info":0,"_links":{"self":[{"href":"https:\/\/mes-pochoirs.com\/it\/wp-json\/wp\/v2\/product\/3575","targetHints":{"allow":["GET"]}}],"collection":[{"href":"https:\/\/mes-pochoirs.com\/it\/wp-json\/wp\/v2\/product"}],"about":[{"href":"https:\/\/mes-pochoirs.com\/it\/wp-json\/wp\/v2\/types\/product"}],"replies":[{"embeddable":true,"href":"https:\/\/mes-pochoirs.com\/it\/wp-json\/wp\/v2\/comments?post=3575"}],"wp:featuredmedia":[{"embeddable":true,"href":"https:\/\/mes-pochoirs.com\/it\/wp-json\/wp\/v2\/media\/3585"}],"wp:attachment":[{"href":"https:\/\/mes-pochoirs.com\/it\/wp-json\/wp\/v2\/media?parent=3575"}],"wp:term":[{"taxonomy":"product_brand","embeddable":true,"href":"https:\/\/mes-pochoirs.com\/it\/wp-json\/wp\/v2\/product_brand?post=3575"},{"taxonomy":"product_cat","embeddable":true,"href":"https:\/\/mes-pochoirs.com\/it\/wp-json\/wp\/v2\/product_cat?post=3575"},{"taxonomy":"product_tag","embeddable":true,"href":"https:\/\/mes-pochoirs.com\/it\/wp-json\/wp\/v2\/product_tag?post=3575"}],"curies":[{"name":"wp","href":"https:\/\/api.w.org\/{rel}","templated":true}]}}