{"id":3808,"date":"2021-11-11T17:27:35","date_gmt":"2021-11-11T17:27:35","guid":{"rendered":"https:\/\/mes-pochoirs.com\/?post_type=product&#038;p=3808"},"modified":"2025-10-31T12:46:59","modified_gmt":"2025-10-31T11:46:59","slug":"stencil-rosetta-fiore-di-loto-bohemien-cc0029","status":"publish","type":"product","link":"https:\/\/mes-pochoirs.com\/it\/produit\/pochoir-rosace-fleur-de-lotus-boheme-cc0029","title":{"rendered":"Stencil per piastrelle di cemento - CC0029"},"content":{"rendered":"<h2>Stencil per rosette di fiori di loto di Boemia\u00a0<\/h2>\n<h3>Un'espressione floreale piena di grazia<\/h3>\n<p><strong>Stencil per rosette di fiori di loto di Boemia<\/strong> \u00e8 un invito alla serenit\u00e0 e alla realizzazione artistica. Il motivo centrale del fiore di loto irradia eleganza, evocando purezza, rinascita e armonia botanica. Ogni petalo stilizzato dispiega la sua morbidezza in una corona simmetrica, perfetta per creare composizioni equilibrate e potenti. Questo stencil diventa uno strumento di espressione personale, trasformando pareti, tele o oggetti in vere e proprie opere d'arte floreale. Pensato per artisti alla ricerca di un significato, questo modello fatto a mano incarna l'incontro tra natura stilizzata e ispirazione boh\u00e9mien. Si trova a suo agio sia in un interno zen che in un ambiente vintage o contemporaneo. Ogni applicazione \u00e8 un invito alla calma, alla creazione e alla valorizzazione dello spazio decorativo, con un motivo che evoca sia il fleur-de-lys che le volute orientali.<\/p>\n<h3>L'arte decorativa al crocevia delle tradizioni<\/h3>\n<p><strong>Stencil per rosette di fiori di loto di Boemia<\/strong> rivisita il fascino delle tradizionali piastrelle in cemento, aggiungendo un tocco di poesia boh\u00e9mien. Il suo design ornamentale e simmetrico si inserisce nella grande tradizione della terracotta decorativa, aprendosi per\u00f2 a influenze orientali e a morbidi arabeschi. I motivi di questo stencil ricordano i rosoni degli antichi palazzi e gli affreschi meditativi, dove fiore e geometria si incontrano in un dialogo raffinato. Questo stencil pu\u00f2 essere utilizzato su un'ampia gamma di superfici, \u00e8 riutilizzabile e reversibile ed \u00e8 disponibile in diverse dimensioni per adattarsi a tutti i progetti di decorazione artigianale. La sua qualit\u00e0 di taglio garantisce linee pulite e precise, fedeli all'intento artistico. Perfetto per valorizzare una stanza, un fregio murale, una tela o un mobile, diventa un vettore di autenticit\u00e0 e tradizione floreale, al servizio della vostra immaginazione.<\/p>","protected":false},"excerpt":{"rendered":"<p><strong>Stencil per rosette di fiori di loto di Boemia<\/strong> ispirato alle piastrelle di cemento. Riutilizzabili, precisi, perfetti per dipingere e decorare le pareti.<\/p>","protected":false},"featured_media":3818,"comment_status":"open","ping_status":"closed","template":"","meta":{"bwfblock_default_font":"","_kad_blocks_custom_css":"","_kad_blocks_head_custom_js":"","_kad_blocks_body_custom_js":"","_kad_blocks_footer_custom_js":"","_kadence_starter_templates_imported_post":false,"_kad_post_transparent":"default","_kad_post_title":"","_kad_post_layout":"default","_kad_post_sidebar_id":"","_kad_post_content_style":"default","_kad_post_vertical_padding":"default","_kad_post_feature":"","_kad_post_feature_position":"","_kad_post_header":false,"_kad_post_footer":false,"_kad_post_classname":""},"product_brand":[1415],"product_cat":[37],"product_tag":[229,1376,1364,1407,1374,1373,226,567,227,50,228,648,1375,252,1372,955,1367],"class_list":{"0":"post-3808","1":"product","2":"type-product","3":"status-publish","4":"has-post-thumbnail","6":"product_brand-mes-pochoirs","7":"product_cat-pochoirs-pour-carreaux-ciment","8":"product_tag-arabesque","9":"product_tag-artisanal","10":"product_tag-boheme","11":"product_tag-botanique","12":"product_tag-carreau","13":"product_tag-ciment","14":"product_tag-couronne","15":"product_tag-decoration","16":"product_tag-faience","17":"product_tag-fleur","18":"product_tag-fleur-de-lys","19":"product_tag-floral","20":"product_tag-ornemental","21":"product_tag-rosace","22":"product_tag-symetrique","23":"product_tag-tradition","24":"product_tag-volutes","26":"first","27":"instock","28":"taxable","29":"shipping-taxable","30":"purchasable","31":"product-type-variable","32":"has-default-attributes","33":"entry","34":"content-bg","35":"loop-entry"},"taxonomy_info":{"product_brand":[{"value":1415,"label":"Mes Pochoirs"}],"product_cat":[{"value":37,"label":"Carreaux de ciment"}],"product_tag":[{"value":229,"label":"arabesque"},{"value":1376,"label":"artisanal"},{"value":1364,"label":"boh\u00e8me"},{"value":1407,"label":"botanique"},{"value":1374,"label":"carreau"},{"value":1373,"label":"ciment"},{"value":226,"label":"couronne"},{"value":567,"label":"decoration"},{"value":227,"label":"fa\u00efence"},{"value":50,"label":"fleur"},{"value":228,"label":"fleur de lys"},{"value":648,"label":"floral"},{"value":1375,"label":"ornemental"},{"value":252,"label":"rosace"},{"value":1372,"label":"sym\u00e9trique"},{"value":955,"label":"tradition"},{"value":1367,"label":"volutes"}]},"featured_image_src_large":["https:\/\/mes-pochoirs.com\/wp-content\/uploads\/2021\/11\/CC00029-mes-pochoirs-com-858x1030.jpg",858,1030,true],"author_info":[],"comment_info":0,"_links":{"self":[{"href":"https:\/\/mes-pochoirs.com\/it\/wp-json\/wp\/v2\/product\/3808","targetHints":{"allow":["GET"]}}],"collection":[{"href":"https:\/\/mes-pochoirs.com\/it\/wp-json\/wp\/v2\/product"}],"about":[{"href":"https:\/\/mes-pochoirs.com\/it\/wp-json\/wp\/v2\/types\/product"}],"replies":[{"embeddable":true,"href":"https:\/\/mes-pochoirs.com\/it\/wp-json\/wp\/v2\/comments?post=3808"}],"wp:featuredmedia":[{"embeddable":true,"href":"https:\/\/mes-pochoirs.com\/it\/wp-json\/wp\/v2\/media\/3818"}],"wp:attachment":[{"href":"https:\/\/mes-pochoirs.com\/it\/wp-json\/wp\/v2\/media?parent=3808"}],"wp:term":[{"taxonomy":"product_brand","embeddable":true,"href":"https:\/\/mes-pochoirs.com\/it\/wp-json\/wp\/v2\/product_brand?post=3808"},{"taxonomy":"product_cat","embeddable":true,"href":"https:\/\/mes-pochoirs.com\/it\/wp-json\/wp\/v2\/product_cat?post=3808"},{"taxonomy":"product_tag","embeddable":true,"href":"https:\/\/mes-pochoirs.com\/it\/wp-json\/wp\/v2\/product_tag?post=3808"}],"curies":[{"name":"wp","href":"https:\/\/api.w.org\/{rel}","templated":true}]}}