{"id":3883,"date":"2021-11-14T11:20:22","date_gmt":"2021-11-14T11:20:22","guid":{"rendered":"https:\/\/mes-pochoirs.com\/?post_type=product&#038;p=3883"},"modified":"2025-10-31T12:47:09","modified_gmt":"2025-10-31T11:47:09","slug":"stencil-fleur-de-lys-cc0034","status":"publish","type":"product","link":"https:\/\/mes-pochoirs.com\/it\/produit\/pochoir-motif-fleur-de-lys-cc0034","title":{"rendered":"Stencil con motivo Fleur-De-Lys - CC0034"},"content":{"rendered":"<h2>Stencil con motivo Fleur-De-Lys<\/h2>\n<h3>Maestosa decorazione floreale<\/h3>\n<p><strong>Motivo Fleur-De-Lys Stencil :<\/strong> Questo stencil \u00e8 una celebrazione dell'eleganza e della tradizione, con il suo motivo centrale ispirato al fleur-de-lys, simbolo intramontabile di nobilt\u00e0 e raffinatezza. I quattro rami delicatamente disegnati si arricciano in una composizione simmetrica ed equilibrata, che ricorda l'anima delle vecchie piastrelle di cemento. Le forme botaniche e gli arabeschi ornamentali conferiscono un fascino naturale e poetico alle vostre creazioni. Ogni voluta e curva evoca l'artigianalit\u00e0, la passione per i dettagli e la bellezza senza tempo delle decorazioni tradizionali.<\/p>\n<p><strong>Motivo Fleur-De-Lys Stencil :<\/strong> uno stencil che invita l'artista a dare vita a opere uniche. \u00c8 perfetto per tutti i progetti, dai murales ai mobili rinnovati e ai dipinti di ispirazione boh\u00e9mien. Il suo motivo floreale regale crea un potente impatto visivo, trasformando qualsiasi spazio in una vetrina di autenticit\u00e0 e maestosit\u00e0. Lasciatevi sedurre dalla corona vegetale e dalle raffinate volute per immaginare una decorazione degna di un palazzo o di un laboratorio creativo.<\/p>\n<h3>Uno stile ornamentale e tradizionale<\/h3>\n<p><strong>Motivo Fleur-De-Lys Stencil :<\/strong> Questo disegno incarna l'anima dello stile barocco e floreale, dove la forza delle linee e la morbidezza degli arabeschi si fondono in perfetto equilibrio. Le influenze ornamentali di questo stencil ricordano rosoni antichi, fregi delicati e motivi di maiolica dipinti a mano, offrendo uno stile tradizionale e senza tempo. Il motivo centrale, simile a un sole botanico, irradia una luce poetica che valorizza qualsiasi superficie.<\/p>\n<p><strong>Stencil con motivo Fleur-De-Lys<\/strong> Uno stile che unisce la nobilt\u00e0 della tradizione alla libert\u00e0 boh\u00e9mien. La sua qualit\u00e0 e le sue finiture accurate lo rendono il compagno ideale di pittori, artigiani e amanti della decorazione raffinata. Riutilizzabile e disponibile in diverse dimensioni, permette di esprimere la propria creativit\u00e0 aggiungendo un tocco regale e botanico al proprio lavoro. Dona alla vostra casa una ventata di eleganza e tradizione e trasforma ogni creazione in un capolavoro unico e personale.<\/p>","protected":false},"excerpt":{"rendered":"<p><strong>Stencil con motivo Fleur-De-Lys<\/strong> - Riutilizzabile, reversibile e di alta qualit\u00e0 per dipinti, immagini e decorazioni uniche.<\/p>","protected":false},"featured_media":3893,"comment_status":"open","ping_status":"closed","template":"","meta":{"bwfblock_default_font":"","_kad_blocks_custom_css":"","_kad_blocks_head_custom_js":"","_kad_blocks_body_custom_js":"","_kad_blocks_footer_custom_js":"","_kadence_starter_templates_imported_post":false,"_kad_post_transparent":"default","_kad_post_title":"","_kad_post_layout":"default","_kad_post_sidebar_id":"","_kad_post_content_style":"default","_kad_post_vertical_padding":"default","_kad_post_feature":"","_kad_post_feature_position":"","_kad_post_header":false,"_kad_post_footer":false,"_kad_post_classname":""},"product_brand":[1415],"product_cat":[37],"product_tag":[229,1376,1364,1407,1374,1373,236,226,567,227,50,228,648,1375,252,628,1372,955,1367],"class_list":{"0":"post-3883","1":"product","2":"type-product","3":"status-publish","4":"has-post-thumbnail","6":"product_brand-mes-pochoirs","7":"product_cat-pochoirs-pour-carreaux-ciment","8":"product_tag-arabesque","9":"product_tag-artisanal","10":"product_tag-boheme","11":"product_tag-botanique","12":"product_tag-carreau","13":"product_tag-ciment","14":"product_tag-coeur","15":"product_tag-couronne","16":"product_tag-decoration","17":"product_tag-faience","18":"product_tag-fleur","19":"product_tag-fleur-de-lys","20":"product_tag-floral","21":"product_tag-ornemental","22":"product_tag-rosace","23":"product_tag-soleil","24":"product_tag-symetrique","25":"product_tag-tradition","26":"product_tag-volutes","28":"first","29":"instock","30":"taxable","31":"shipping-taxable","32":"purchasable","33":"product-type-variable","34":"has-default-attributes","35":"entry","36":"content-bg","37":"loop-entry"},"taxonomy_info":{"product_brand":[{"value":1415,"label":"Mes Pochoirs"}],"product_cat":[{"value":37,"label":"Carreaux de ciment"}],"product_tag":[{"value":229,"label":"arabesque"},{"value":1376,"label":"artisanal"},{"value":1364,"label":"boh\u00e8me"},{"value":1407,"label":"botanique"},{"value":1374,"label":"carreau"},{"value":1373,"label":"ciment"},{"value":236,"label":"coeur"},{"value":226,"label":"couronne"},{"value":567,"label":"decoration"},{"value":227,"label":"fa\u00efence"},{"value":50,"label":"fleur"},{"value":228,"label":"fleur de lys"},{"value":648,"label":"floral"},{"value":1375,"label":"ornemental"},{"value":252,"label":"rosace"},{"value":628,"label":"soleil"},{"value":1372,"label":"sym\u00e9trique"},{"value":955,"label":"tradition"},{"value":1367,"label":"volutes"}]},"featured_image_src_large":["https:\/\/mes-pochoirs.com\/wp-content\/uploads\/2021\/11\/CC00034-mes-pochoirs-com-858x1030.jpg",858,1030,true],"author_info":[],"comment_info":0,"_links":{"self":[{"href":"https:\/\/mes-pochoirs.com\/it\/wp-json\/wp\/v2\/product\/3883","targetHints":{"allow":["GET"]}}],"collection":[{"href":"https:\/\/mes-pochoirs.com\/it\/wp-json\/wp\/v2\/product"}],"about":[{"href":"https:\/\/mes-pochoirs.com\/it\/wp-json\/wp\/v2\/types\/product"}],"replies":[{"embeddable":true,"href":"https:\/\/mes-pochoirs.com\/it\/wp-json\/wp\/v2\/comments?post=3883"}],"wp:featuredmedia":[{"embeddable":true,"href":"https:\/\/mes-pochoirs.com\/it\/wp-json\/wp\/v2\/media\/3893"}],"wp:attachment":[{"href":"https:\/\/mes-pochoirs.com\/it\/wp-json\/wp\/v2\/media?parent=3883"}],"wp:term":[{"taxonomy":"product_brand","embeddable":true,"href":"https:\/\/mes-pochoirs.com\/it\/wp-json\/wp\/v2\/product_brand?post=3883"},{"taxonomy":"product_cat","embeddable":true,"href":"https:\/\/mes-pochoirs.com\/it\/wp-json\/wp\/v2\/product_cat?post=3883"},{"taxonomy":"product_tag","embeddable":true,"href":"https:\/\/mes-pochoirs.com\/it\/wp-json\/wp\/v2\/product_tag?post=3883"}],"curies":[{"name":"wp","href":"https:\/\/api.w.org\/{rel}","templated":true}]}}