{"id":4127,"date":"2021-11-25T14:24:31","date_gmt":"2021-11-25T14:24:31","guid":{"rendered":"https:\/\/mes-pochoirs.com\/?post_type=product&#038;p=4127"},"modified":"2025-12-16T13:24:08","modified_gmt":"2025-12-16T12:24:08","slug":"stencil-con-motivo-diagonale-g0018","status":"publish","type":"product","link":"https:\/\/mes-pochoirs.com\/it\/produit\/pochoir-motif-diagonale-g0018","title":{"rendered":"Stencil con motivo diagonale - G0018"},"content":{"rendered":"<h2>Stencil con motivo diagonale<\/h2>\n<p><strong>Stencil con linee diagonali<\/strong> Un disegno geometrico senza tempo che aggiunge un tocco moderno e dinamico a tutte le vostre creazioni. Ispirato ai motivi minimalisti e alle tendenze grafiche contemporanee, questo stencil si distingue per le sue linee oblique perfettamente regolari che attraversano lo spazio con eleganza ed equilibrio. Permette di creare sfondi, texture o composizioni originali in un batter d'occhio, rimanendo estremamente facile da usare.<\/p>\n<p>Ideale per un'ampia gamma di progetti artistici, decorativi e hobbistici, questo stencil \u00e8 un vero camaleonte grafico. Pu\u00f2 essere utilizzato per decorazioni d'interni, oggetti personalizzati, creazioni di carta, mobili, tessuti o persino per personalizzare le pareti. Che siate appassionati di arte urbana, bricolage o design, questo motivo semplice ma d'impatto offre infinite possibilit\u00e0 creative.<\/p>\n<p>Le linee inclinate creano un effetto visivo dinamico che pu\u00f2 anche evocare movimento, velocit\u00e0 o modernit\u00e0. Possono essere utilizzate da sole per un effetto sobrio e strutturato, oppure combinate con altri motivi o stencil per creare composizioni pi\u00f9 complesse e uniche. Giocando con la spaziatura, le sovrapposizioni o le direzioni, \u00e8 possibile sperimentare un'ampia gamma di variazioni grafiche a proprio piacimento.<\/p>\n<p>Facile da posizionare e da riutilizzare, questo stencil garantisce un risultato preciso e costante ad ogni utilizzo. \u00c8 perfetto per artisti, artigiani, decoratori d'interni, appassionati di scrapbooking, designer di mobili o chiunque voglia personalizzare i propri ambienti in modo originale e accattivante.<\/p>\n<p>Questo modello si trova a suo agio sia in ambienti contemporanei sia in ambienti pi\u00f9 industriali, urbani o minimalisti. Grazie alla sua grafica universale, pu\u00f2 essere utilizzato per un'ampia gamma di progetti: decorazione di scatole, tele, quaderni, pareti, pavimenti, mobili, accessori di moda, segnaletica e comunicazione visiva.<\/p>","protected":false},"excerpt":{"rendered":"<p><strong>Stencil con motivo diagonale<\/strong>ideale per la decorazione di pareti, il bricolage, la ristrutturazione di mobili e gli hobby creativi.<\/p>","protected":false},"featured_media":4137,"comment_status":"open","ping_status":"closed","template":"","meta":{"bwfblock_default_font":"","_kad_blocks_custom_css":"","_kad_blocks_head_custom_js":"","_kad_blocks_body_custom_js":"","_kad_blocks_footer_custom_js":"","_kadence_starter_templates_imported_post":false,"_kad_post_transparent":"default","_kad_post_title":"","_kad_post_layout":"default","_kad_post_sidebar_id":"","_kad_post_content_style":"default","_kad_post_vertical_padding":"default","_kad_post_feature":"","_kad_post_feature_position":"","_kad_post_header":false,"_kad_post_footer":false,"_kad_post_classname":""},"product_brand":[1415],"product_cat":[241],"product_tag":[676,232,675,521,333,1428,1256],"class_list":{"0":"post-4127","1":"product","2":"type-product","3":"status-publish","4":"has-post-thumbnail","6":"product_brand-mes-pochoirs","7":"product_cat-pochoirs-geometriques","8":"product_tag-contemporain","9":"product_tag-geometrique","10":"product_tag-moderne","11":"product_tag-motif","12":"product_tag-pop-art","13":"product_tag-tissage","14":"product_tag-zen","16":"first","17":"instock","18":"taxable","19":"shipping-taxable","20":"purchasable","21":"product-type-variable","22":"has-default-attributes","23":"entry","24":"content-bg","25":"loop-entry"},"taxonomy_info":{"product_brand":[{"value":1415,"label":"Mes Pochoirs"}],"product_cat":[{"value":241,"label":"G\u00e9om\u00e9triques"}],"product_tag":[{"value":676,"label":"contemporain"},{"value":232,"label":"g\u00e9om\u00e9trique"},{"value":675,"label":"moderne"},{"value":521,"label":"motif"},{"value":333,"label":"pop art"},{"value":1428,"label":"tissage"},{"value":1256,"label":"zen"}]},"featured_image_src_large":["https:\/\/mes-pochoirs.com\/wp-content\/uploads\/2021\/11\/G0018-pochoir-geometrique-mes-pochoirs-com-858x1030.jpg",858,1030,true],"author_info":[],"comment_info":0,"_links":{"self":[{"href":"https:\/\/mes-pochoirs.com\/it\/wp-json\/wp\/v2\/product\/4127","targetHints":{"allow":["GET"]}}],"collection":[{"href":"https:\/\/mes-pochoirs.com\/it\/wp-json\/wp\/v2\/product"}],"about":[{"href":"https:\/\/mes-pochoirs.com\/it\/wp-json\/wp\/v2\/types\/product"}],"replies":[{"embeddable":true,"href":"https:\/\/mes-pochoirs.com\/it\/wp-json\/wp\/v2\/comments?post=4127"}],"wp:featuredmedia":[{"embeddable":true,"href":"https:\/\/mes-pochoirs.com\/it\/wp-json\/wp\/v2\/media\/4137"}],"wp:attachment":[{"href":"https:\/\/mes-pochoirs.com\/it\/wp-json\/wp\/v2\/media?parent=4127"}],"wp:term":[{"taxonomy":"product_brand","embeddable":true,"href":"https:\/\/mes-pochoirs.com\/it\/wp-json\/wp\/v2\/product_brand?post=4127"},{"taxonomy":"product_cat","embeddable":true,"href":"https:\/\/mes-pochoirs.com\/it\/wp-json\/wp\/v2\/product_cat?post=4127"},{"taxonomy":"product_tag","embeddable":true,"href":"https:\/\/mes-pochoirs.com\/it\/wp-json\/wp\/v2\/product_tag?post=4127"}],"curies":[{"name":"wp","href":"https:\/\/api.w.org\/{rel}","templated":true}]}}