{"id":4160,"date":"2021-11-25T14:45:31","date_gmt":"2021-11-25T14:45:31","guid":{"rendered":"https:\/\/mes-pochoirs.com\/?post_type=product&#038;p=4160"},"modified":"2025-10-31T11:42:19","modified_gmt":"2025-10-31T10:42:19","slug":"stencil-a-griglia-diagonale-g0021","status":"publish","type":"product","link":"https:\/\/mes-pochoirs.com\/it\/produit\/pochoir-motif-quadrillage-diagonale-g0021","title":{"rendered":"Stencil a griglia diagonale - G0021"},"content":{"rendered":"<h2>Stencil con motivo a griglia diagonale<\/h2>\n<p>Date un tocco di modernit\u00e0 e struttura alle vostre creazioni con le nostre <strong>Modello Stencil Griglia Diagonale<\/strong>. Questo disegno geometrico, con il suo motivo regolare e senza tempo, evoca sia l'eleganza del classico reticolo che la semplicit\u00e0 delle forme minimaliste. I rombi perfettamente allineati creano un effetto griglia armonioso che pu\u00f2 essere facilmente integrato in una variet\u00e0 di progetti, sia decorativi che artistici.<\/p>\n<p>Grazie al suo design equilibrato e alla precisa ripetizione delle forme, questo stencil \u00e8 un vero alleato per valorizzare le vostre creazioni. Pu\u00f2 essere utilizzato per personalizzare pareti, mobili, tele o oggetti di uso quotidiano, oppure per arricchire progetti di scrapbooking, cancelleria o decorazione di eventi. La sua grafica regolare permette di giocare con gli effetti di materiale, sovrapposizione o allineamento per un risultato sempre elegante e originale.<\/p>\n<p>Che siate appassionati di bricolage, designer professionisti, decoratori o semplicemente alla ricerca di un modo semplice per rinnovare la vostra casa, questo stencil vi dar\u00e0 un risultato pulito, preciso e facile da ottenere. Pu\u00f2 essere utilizzato su un'ampia gamma di superfici: legno, carta, cartoncino, tessuti, vetro e, naturalmente, pareti e mobili. La sua semplicit\u00e0 visiva consente di aggiungere un tocco grafico senza sovraccaricare lo spazio, lasciando ampio spazio alla creativit\u00e0.<\/p>\n<p>Il motivo \"Grillage Losange\" \u00e8 adatto sia ad arredamenti moderni che ad ambienti pi\u00f9 industriali o rustici. Pu\u00f2 essere utilizzato come sfondo per composizioni pi\u00f9 complesse o da solo per creare superfici strutturate, bordi o cornici decorative. Facile da pulire e riutilizzabile, questo stencil \u00e8 progettato per durare tutta la vita dei vostri progetti creativi.<\/p>\n<p>Con questo disegno geometrico senza tempo, ogni creazione diventa unica e porta la vostra firma artistica.<\/p>","protected":false},"excerpt":{"rendered":"<p><strong>Stencil a griglia diagonale<\/strong> per decorare pareti, mobili e oggetti. Ideale per il fai-da-te, gli hobby creativi e i progetti di decorazione moderna e grafica.<\/p>","protected":false},"featured_media":4170,"comment_status":"open","ping_status":"closed","template":"","meta":{"bwfblock_default_font":"","_kad_blocks_custom_css":"","_kad_blocks_head_custom_js":"","_kad_blocks_body_custom_js":"","_kad_blocks_footer_custom_js":"","_kadence_starter_templates_imported_post":false,"_kad_post_transparent":"default","_kad_post_title":"","_kad_post_layout":"default","_kad_post_sidebar_id":"","_kad_post_content_style":"default","_kad_post_vertical_padding":"default","_kad_post_feature":"","_kad_post_feature_position":"","_kad_post_header":false,"_kad_post_footer":false,"_kad_post_classname":""},"product_brand":[1415],"product_cat":[241],"product_tag":[676,232,675,521,333,1428,1256],"class_list":{"0":"post-4160","1":"product","2":"type-product","3":"status-publish","4":"has-post-thumbnail","6":"product_brand-mes-pochoirs","7":"product_cat-pochoirs-geometriques","8":"product_tag-contemporain","9":"product_tag-geometrique","10":"product_tag-moderne","11":"product_tag-motif","12":"product_tag-pop-art","13":"product_tag-tissage","14":"product_tag-zen","16":"first","17":"instock","18":"taxable","19":"shipping-taxable","20":"purchasable","21":"product-type-variable","22":"has-default-attributes","23":"entry","24":"content-bg","25":"loop-entry"},"taxonomy_info":{"product_brand":[{"value":1415,"label":"Mes Pochoirs"}],"product_cat":[{"value":241,"label":"G\u00e9om\u00e9triques"}],"product_tag":[{"value":676,"label":"contemporain"},{"value":232,"label":"g\u00e9om\u00e9trique"},{"value":675,"label":"moderne"},{"value":521,"label":"motif"},{"value":333,"label":"pop art"},{"value":1428,"label":"tissage"},{"value":1256,"label":"zen"}]},"featured_image_src_large":["https:\/\/mes-pochoirs.com\/wp-content\/uploads\/2021\/11\/G0021-pochoir-geometrique-mes-pochoirs-com-858x1030.jpg",858,1030,true],"author_info":[],"comment_info":1,"_links":{"self":[{"href":"https:\/\/mes-pochoirs.com\/it\/wp-json\/wp\/v2\/product\/4160","targetHints":{"allow":["GET"]}}],"collection":[{"href":"https:\/\/mes-pochoirs.com\/it\/wp-json\/wp\/v2\/product"}],"about":[{"href":"https:\/\/mes-pochoirs.com\/it\/wp-json\/wp\/v2\/types\/product"}],"replies":[{"embeddable":true,"href":"https:\/\/mes-pochoirs.com\/it\/wp-json\/wp\/v2\/comments?post=4160"}],"wp:featuredmedia":[{"embeddable":true,"href":"https:\/\/mes-pochoirs.com\/it\/wp-json\/wp\/v2\/media\/4170"}],"wp:attachment":[{"href":"https:\/\/mes-pochoirs.com\/it\/wp-json\/wp\/v2\/media?parent=4160"}],"wp:term":[{"taxonomy":"product_brand","embeddable":true,"href":"https:\/\/mes-pochoirs.com\/it\/wp-json\/wp\/v2\/product_brand?post=4160"},{"taxonomy":"product_cat","embeddable":true,"href":"https:\/\/mes-pochoirs.com\/it\/wp-json\/wp\/v2\/product_cat?post=4160"},{"taxonomy":"product_tag","embeddable":true,"href":"https:\/\/mes-pochoirs.com\/it\/wp-json\/wp\/v2\/product_tag?post=4160"}],"curies":[{"name":"wp","href":"https:\/\/api.w.org\/{rel}","templated":true}]}}