{"id":4821,"date":"2022-09-07T08:03:11","date_gmt":"2022-09-07T08:03:11","guid":{"rendered":"https:\/\/mes-pochoirs.com\/?post_type=product&#038;p=4821"},"modified":"2025-10-31T11:42:31","modified_gmt":"2025-10-31T10:42:31","slug":"statua-della-liberta-stencil-ny0003","status":"publish","type":"product","link":"https:\/\/mes-pochoirs.com\/it\/produit\/pochoir-statue-de-la-liberte-ny0003","title":{"rendered":"Stencil Statua della Libert\u00e0 - NY0003"},"content":{"rendered":"<h2>Stencil Statua della Libert\u00e0<\/h2>\n<p><strong>Stencil Statua della Libert\u00e0<\/strong> vi trasporta direttamente nel cuore di New York con questo motivo emblematico ricco di significato e di storia. Icona universale, la Statua della Libert\u00e0 incarna la libert\u00e0, la speranza e l'apertura al mondo. Con questo stencil, potrete dare alle vostre creazioni un messaggio forte e senza tempo, un invito al viaggio e alla scoperta. Che si tratti di un quadro, di una parete, di un mobile o di un progetto di bricolage, questo stencil cattura lo sguardo e risveglia i sognatori.<\/p>\n<p>Con il <strong>Stencil Statua della Libert\u00e0<\/strong>\u00c8 possibile creare un arredamento dall'accento americano, ideale per creare un'atmosfera urbana e cosmopolita. Evoca sia la grandezza di New York che i valori di libert\u00e0 e creativit\u00e0 senza frontiere. Uno sfondo perfetto per progetti artistici personali o professionali che vogliono raccontare una storia.<\/p>\n<h3>Uno stile urbano e grafico ispirato a New York<\/h3>\n<p><strong>Stencil Statua della Libert\u00e0<\/strong> adotta uno stile grafico pulito e incisivo, a met\u00e0 strada tra il vintage americano e la street art contemporanea. Il disegno dello stencil presenta l'iconica silhouette di Lady Liberty, circondata da un cerchio stellato e dalle parole \"USA\" e \"NEW YORK\", un cenno agli emblemi della cultura americana. Questa composizione visiva forte ed elegante pu\u00f2 essere facilmente integrata in diversi mondi creativi: pittura murale, decorazione di interni, quadri moderni o oggetti personalizzati.<\/p>\n<p>Questo <strong>Stencil Statua della Libert\u00e0<\/strong> \u00e8 di alta qualit\u00e0, riutilizzabile, reversibile e disponibile in un'ampia gamma di formati per soddisfare tutte le esigenze creative. Permette a pittori, appassionati di decorazione e di bricolage di creare opere originali, ispirate e piene di carattere. Un tocco americano unico per personalizzare le superfici e affermare il proprio stile.<\/p>\n<h3><\/h3>","protected":false},"excerpt":{"rendered":"<p>Questo stencil della Statua della Libert\u00e0 \u00e8 realizzato nel nostro laboratorio in Francia.<br \/>\n\u00c8 possibile scegliere la dimensione desiderata dal menu a discesa.<\/p>","protected":false},"featured_media":4811,"comment_status":"open","ping_status":"closed","template":"","meta":{"bwfblock_default_font":"","_kad_blocks_custom_css":"","_kad_blocks_head_custom_js":"","_kad_blocks_body_custom_js":"","_kad_blocks_footer_custom_js":"","_kadence_starter_templates_imported_post":false,"_kad_post_transparent":"default","_kad_post_title":"","_kad_post_layout":"default","_kad_post_sidebar_id":"","_kad_post_content_style":"default","_kad_post_vertical_padding":"default","_kad_post_feature":"","_kad_post_feature_position":"","_kad_post_header":false,"_kad_post_footer":false,"_kad_post_classname":""},"product_brand":[1415],"product_cat":[291,732,315,290],"product_tag":[292,294,293,276],"class_list":{"0":"post-4821","1":"product","2":"type-product","3":"status-publish","4":"has-post-thumbnail","6":"product_brand-mes-pochoirs","7":"product_cat-pochoirs-new-york","8":"product_cat-pochoirs-icones-celebrites","9":"product_cat-pochoirs-symboles","10":"product_cat-pochoirs-villes","11":"product_tag-new-york","12":"product_tag-statue-liberte","13":"product_tag-usa","14":"product_tag-ville","16":"first","17":"instock","18":"taxable","19":"shipping-taxable","20":"purchasable","21":"product-type-variable","22":"has-default-attributes","23":"entry","24":"content-bg","25":"loop-entry"},"taxonomy_info":{"product_brand":[{"value":1415,"label":"Mes Pochoirs"}],"product_cat":[{"value":291,"label":"New York"},{"value":732,"label":"Ic\u00f4nes &amp; C\u00e9l\u00e9brit\u00e9s"},{"value":315,"label":"Symboles"},{"value":290,"label":"Villes"}],"product_tag":[{"value":292,"label":"New York"},{"value":294,"label":"Statue Libert\u00e9"},{"value":293,"label":"USA"},{"value":276,"label":"ville"}]},"featured_image_src_large":["https:\/\/mes-pochoirs.com\/wp-content\/uploads\/2022\/09\/NY0003-pochoir-statue-liberte-mes-pochoirs-com-copy-858x1030.jpg",858,1030,true],"author_info":[],"comment_info":1,"_links":{"self":[{"href":"https:\/\/mes-pochoirs.com\/it\/wp-json\/wp\/v2\/product\/4821","targetHints":{"allow":["GET"]}}],"collection":[{"href":"https:\/\/mes-pochoirs.com\/it\/wp-json\/wp\/v2\/product"}],"about":[{"href":"https:\/\/mes-pochoirs.com\/it\/wp-json\/wp\/v2\/types\/product"}],"replies":[{"embeddable":true,"href":"https:\/\/mes-pochoirs.com\/it\/wp-json\/wp\/v2\/comments?post=4821"}],"wp:featuredmedia":[{"embeddable":true,"href":"https:\/\/mes-pochoirs.com\/it\/wp-json\/wp\/v2\/media\/4811"}],"wp:attachment":[{"href":"https:\/\/mes-pochoirs.com\/it\/wp-json\/wp\/v2\/media?parent=4821"}],"wp:term":[{"taxonomy":"product_brand","embeddable":true,"href":"https:\/\/mes-pochoirs.com\/it\/wp-json\/wp\/v2\/product_brand?post=4821"},{"taxonomy":"product_cat","embeddable":true,"href":"https:\/\/mes-pochoirs.com\/it\/wp-json\/wp\/v2\/product_cat?post=4821"},{"taxonomy":"product_tag","embeddable":true,"href":"https:\/\/mes-pochoirs.com\/it\/wp-json\/wp\/v2\/product_tag?post=4821"}],"curies":[{"name":"wp","href":"https:\/\/api.w.org\/{rel}","templated":true}]}}