{"id":4875,"date":"2022-09-07T15:17:38","date_gmt":"2022-09-07T15:17:38","guid":{"rendered":"https:\/\/mes-pochoirs.com\/?post_type=product&#038;p=4875"},"modified":"2025-10-31T11:42:34","modified_gmt":"2025-10-31T10:42:34","slug":"pochoir-ville-de-new-york-skyline-ny0002","status":"publish","type":"product","link":"https:\/\/mes-pochoirs.com\/it\/produit\/pochoir-ville-de-new-york-skyline-ny0002","title":{"rendered":"Stencil New York City Skyline - NY0002"},"content":{"rendered":"<h2>Pochoir ville de New York Skyline<\/h2>\n<p>Le <strong>Stencil New York City Skyline<\/strong> capture l\u2019essence m\u00eame de la c\u00e9l\u00e8bre ligne d\u2019horizon new-yorkaise. D\u2019un seul coup d\u2019\u0153il, on y reconna\u00eet les gratte-ciels l\u00e9gendaires, le majestueux pont de Brooklyn et bien s\u00fbr, la Statue de la Libert\u00e9 tr\u00f4nant au centre comme une sentinelle intemporelle. Ce pochoir invite \u00e0 un v\u00e9ritable voyage visuel au c\u0153ur de la ville qui ne dort jamais, symbole de libert\u00e9, de modernit\u00e9 et de dynamisme.<\/p>\n<p>Parfait pour d\u00e9corer un tableau, une fresque murale, un meuble ou m\u00eame un textile, le <strong>Stencil New York City Skyline<\/strong> transporte vos cr\u00e9ations dans l\u2019univers vibrant de Manhattan et de ses ic\u00f4nes architecturales. Il est id\u00e9al pour tous ceux qui veulent insuffler un souffle urbain et contemporain \u00e0 leur d\u00e9coration ou \u00e0 leurs \u0153uvres artistiques, tout en affirmant un amour profond pour la ville de New York.<\/p>\n<h3>Un design urbain au style graphique \u00e9pur\u00e9<\/h3>\n<p>Le <strong>Stencil New York City Skyline<\/strong> s\u00e9duit par son style graphique minimaliste et percutant, directement inspir\u00e9 de l\u2019art urbain et des silhouettes modernes. Chaque ligne, chaque d\u00e9coupe est pens\u00e9e pour restituer avec finesse les contours de la skyline new-yorkaise, tout en offrant une grande libert\u00e9 cr\u00e9ative aux artistes et bricoleurs passionn\u00e9s.<\/p>\n<p>Gr\u00e2ce \u00e0 son trac\u00e9 net et pr\u00e9cis, ce pochoir est parfait pour des projets de peinture, de d\u00e9co murale ou de personnalisation d\u2019objets. R\u00e9utilisable, r\u00e9versible et disponible en plusieurs tailles, le <strong>Stencil New York City Skyline<\/strong> vous permettra de cr\u00e9er des \u0153uvres originales, au style urbain chic ou street art selon vos envies. Il apportera instantan\u00e9ment du caract\u00e8re et une touche internationale \u00e0 vos projets cr\u00e9atifs.<\/p>","protected":false},"excerpt":{"rendered":"<p><strong data-start=\"1427\" data-end=\"1566\">Stencil New York City Skyline <\/strong>pour personnaliser vos \u0153uvres, murs ou tableaux. Haute qualit\u00e9, r\u00e9utilisable, r\u00e9versible et pratique.<\/p>","protected":false},"featured_media":4854,"comment_status":"open","ping_status":"closed","template":"","meta":{"bwfblock_default_font":"","_kad_blocks_custom_css":"","_kad_blocks_head_custom_js":"","_kad_blocks_body_custom_js":"","_kad_blocks_footer_custom_js":"","_kadence_starter_templates_imported_post":false,"_kad_post_transparent":"default","_kad_post_title":"","_kad_post_layout":"default","_kad_post_sidebar_id":"","_kad_post_content_style":"default","_kad_post_vertical_padding":"default","_kad_post_feature":"","_kad_post_feature_position":"","_kad_post_header":false,"_kad_post_footer":false,"_kad_post_classname":""},"product_brand":[1415],"product_cat":[291,290],"product_tag":[308,292,309,341,293,276],"class_list":{"0":"post-4875","1":"product","2":"type-product","3":"status-publish","4":"has-post-thumbnail","6":"product_brand-mes-pochoirs","7":"product_cat-pochoirs-new-york","8":"product_cat-pochoirs-villes","9":"product_tag-cityscape","10":"product_tag-new-york","11":"product_tag-paysage","12":"product_tag-skyline","13":"product_tag-usa","14":"product_tag-ville","16":"first","17":"instock","18":"taxable","19":"shipping-taxable","20":"purchasable","21":"product-type-variable","22":"has-default-attributes","23":"entry","24":"content-bg","25":"loop-entry"},"taxonomy_info":{"product_brand":[{"value":1415,"label":"Mes Pochoirs"}],"product_cat":[{"value":291,"label":"New York"},{"value":290,"label":"Villes"}],"product_tag":[{"value":308,"label":"cityscape"},{"value":292,"label":"New York"},{"value":309,"label":"paysage"},{"value":341,"label":"skyline"},{"value":293,"label":"USA"},{"value":276,"label":"ville"}]},"featured_image_src_large":["https:\/\/mes-pochoirs.com\/wp-content\/uploads\/2022\/09\/Newyorkcity-NY0002-mes-pochoirs-com-858x1030.jpg",858,1030,true],"author_info":[],"comment_info":4,"_links":{"self":[{"href":"https:\/\/mes-pochoirs.com\/it\/wp-json\/wp\/v2\/product\/4875","targetHints":{"allow":["GET"]}}],"collection":[{"href":"https:\/\/mes-pochoirs.com\/it\/wp-json\/wp\/v2\/product"}],"about":[{"href":"https:\/\/mes-pochoirs.com\/it\/wp-json\/wp\/v2\/types\/product"}],"replies":[{"embeddable":true,"href":"https:\/\/mes-pochoirs.com\/it\/wp-json\/wp\/v2\/comments?post=4875"}],"wp:featuredmedia":[{"embeddable":true,"href":"https:\/\/mes-pochoirs.com\/it\/wp-json\/wp\/v2\/media\/4854"}],"wp:attachment":[{"href":"https:\/\/mes-pochoirs.com\/it\/wp-json\/wp\/v2\/media?parent=4875"}],"wp:term":[{"taxonomy":"product_brand","embeddable":true,"href":"https:\/\/mes-pochoirs.com\/it\/wp-json\/wp\/v2\/product_brand?post=4875"},{"taxonomy":"product_cat","embeddable":true,"href":"https:\/\/mes-pochoirs.com\/it\/wp-json\/wp\/v2\/product_cat?post=4875"},{"taxonomy":"product_tag","embeddable":true,"href":"https:\/\/mes-pochoirs.com\/it\/wp-json\/wp\/v2\/product_tag?post=4875"}],"curies":[{"name":"wp","href":"https:\/\/api.w.org\/{rel}","templated":true}]}}