{"id":4893,"date":"2022-09-07T15:37:23","date_gmt":"2022-09-07T15:37:23","guid":{"rendered":"https:\/\/mes-pochoirs.com\/?post_type=product&#038;p=4893"},"modified":"2025-10-31T11:42:36","modified_gmt":"2025-10-31T10:42:36","slug":"pochoir-skyline-new-york-ny0001","status":"publish","type":"product","link":"https:\/\/mes-pochoirs.com\/it\/produit\/pochoir-skyline-new-york-ny0001","title":{"rendered":"Stencil Skyline di New York - NY0001"},"content":{"rendered":"<h2>Stencil Skyline New York<\/h2>\n<p>Le <strong>Stencil Skyline New York<\/strong> vous transporte instantan\u00e9ment au c\u0153ur de la ville la plus iconique du monde. Sa silhouette \u00e9l\u00e9gante r\u00e9v\u00e8le la skyline l\u00e9gendaire de Manhattan : les gratte-ciels effil\u00e9s, la majestueuse Statue de la Libert\u00e9 et les c\u00e9l\u00e8bres ponts new-yorkais. Chaque \u00e9l\u00e9ment \u00e9voque la d\u00e9mesure, la libert\u00e9 et l&#8217;\u00e9nergie incomparable de cette m\u00e9tropole o\u00f9 tout semble possible.<\/p>\n<p>Parfait pour sublimer un tableau, un mur, un meuble ou une cr\u00e9ation textile, le <strong>Stencil Skyline New York<\/strong> invite \u00e0 capturer l\u2019essence vibrante de la Grosse Pomme. Que vous soyez passionn\u00e9 de voyage, amateur d\u2019architecture ou tout simplement amoureux de New York, ce pochoir deviendra la pi\u00e8ce ma\u00eetresse de vos projets cr\u00e9atifs en apportant une touche urbaine et cosmopolite.<\/p>\n<h3>Un style graphique \u00e9pur\u00e9 pour des \u0153uvres modernes<\/h3>\n<p>Le <strong>Stencil Skyline New York<\/strong> se distingue par son design minimaliste et percutant, inspir\u00e9 du street art et du graphisme contemporain. Les lignes nettes et les contours d\u00e9coup\u00e9s avec pr\u00e9cision en font un pochoir polyvalent et facile \u00e0 utiliser, que ce soit pour la peinture murale, la d\u00e9coration de mobilier ou la cr\u00e9ation d&#8217;\u0153uvres sur toile.<\/p>\n<p>Riutilizzabile, reversibile e disponibile in diverse misure, il <strong>Stencil Skyline New York<\/strong> offre aux artistes peintres et cr\u00e9ateurs un support de haute qualit\u00e9 pour exprimer leur imagination. Ce pochoir est id\u00e9al pour insuffler un style urbain chic, cr\u00e9er des ambiances modernes et raconter, \u00e0 travers l\u2019art, la magie et l\u2019\u00e9nergie in\u00e9puisable de New York.<\/p>","protected":false},"excerpt":{"rendered":"<p><strong>Stencil Skyline New York<\/strong> pour personnaliser tableau, fresque ou \u0153uvre. Haute qualit\u00e9, plusieurs tailles, r\u00e9utilisable et r\u00e9versible.<\/p>","protected":false},"featured_media":4858,"comment_status":"open","ping_status":"closed","template":"","meta":{"bwfblock_default_font":"","_kad_blocks_custom_css":"","_kad_blocks_head_custom_js":"","_kad_blocks_body_custom_js":"","_kad_blocks_footer_custom_js":"","_kadence_starter_templates_imported_post":false,"_kad_post_transparent":"default","_kad_post_title":"","_kad_post_layout":"default","_kad_post_sidebar_id":"","_kad_post_content_style":"default","_kad_post_vertical_padding":"default","_kad_post_feature":"","_kad_post_feature_position":"","_kad_post_header":false,"_kad_post_footer":false,"_kad_post_classname":""},"product_brand":[1415],"product_cat":[291,290],"product_tag":[308,292,309,341,293,276],"class_list":{"0":"post-4893","1":"product","2":"type-product","3":"status-publish","4":"has-post-thumbnail","6":"product_brand-mes-pochoirs","7":"product_cat-pochoirs-new-york","8":"product_cat-pochoirs-villes","9":"product_tag-cityscape","10":"product_tag-new-york","11":"product_tag-paysage","12":"product_tag-skyline","13":"product_tag-usa","14":"product_tag-ville","16":"first","17":"instock","18":"taxable","19":"shipping-taxable","20":"purchasable","21":"product-type-variable","22":"has-default-attributes","23":"entry","24":"content-bg","25":"loop-entry"},"taxonomy_info":{"product_brand":[{"value":1415,"label":"Mes Pochoirs"}],"product_cat":[{"value":291,"label":"New York"},{"value":290,"label":"Villes"}],"product_tag":[{"value":308,"label":"cityscape"},{"value":292,"label":"New York"},{"value":309,"label":"paysage"},{"value":341,"label":"skyline"},{"value":293,"label":"USA"},{"value":276,"label":"ville"}]},"featured_image_src_large":["https:\/\/mes-pochoirs.com\/wp-content\/uploads\/2022\/09\/Newyorkcity-NY0001-mes-pochoirs-com-858x1030.jpg",858,1030,true],"author_info":[],"comment_info":3,"_links":{"self":[{"href":"https:\/\/mes-pochoirs.com\/it\/wp-json\/wp\/v2\/product\/4893","targetHints":{"allow":["GET"]}}],"collection":[{"href":"https:\/\/mes-pochoirs.com\/it\/wp-json\/wp\/v2\/product"}],"about":[{"href":"https:\/\/mes-pochoirs.com\/it\/wp-json\/wp\/v2\/types\/product"}],"replies":[{"embeddable":true,"href":"https:\/\/mes-pochoirs.com\/it\/wp-json\/wp\/v2\/comments?post=4893"}],"wp:featuredmedia":[{"embeddable":true,"href":"https:\/\/mes-pochoirs.com\/it\/wp-json\/wp\/v2\/media\/4858"}],"wp:attachment":[{"href":"https:\/\/mes-pochoirs.com\/it\/wp-json\/wp\/v2\/media?parent=4893"}],"wp:term":[{"taxonomy":"product_brand","embeddable":true,"href":"https:\/\/mes-pochoirs.com\/it\/wp-json\/wp\/v2\/product_brand?post=4893"},{"taxonomy":"product_cat","embeddable":true,"href":"https:\/\/mes-pochoirs.com\/it\/wp-json\/wp\/v2\/product_cat?post=4893"},{"taxonomy":"product_tag","embeddable":true,"href":"https:\/\/mes-pochoirs.com\/it\/wp-json\/wp\/v2\/product_tag?post=4893"}],"curies":[{"name":"wp","href":"https:\/\/api.w.org\/{rel}","templated":true}]}}