{"id":6913,"date":"2023-02-07T12:21:18","date_gmt":"2023-02-07T12:21:18","guid":{"rendered":"https:\/\/mes-pochoirs.com\/?post_type=product&#038;p=6913"},"modified":"2025-10-31T11:46:52","modified_gmt":"2025-10-31T10:46:52","slug":"stencil-fiore-della-vita-m0025","status":"publish","type":"product","link":"https:\/\/mes-pochoirs.com\/it\/produit\/pochoir-fleur-de-vie-m0025","title":{"rendered":"Stencil Fleur de Vie - M0025"},"content":{"rendered":"<h2>Stencil Fleur de Vie<\/h2>\n<p><strong>Stencil Fleur de Vie<\/strong> Questo motivo sacro \u00e8 molto pi\u00f9 di un semplice disegno geometrico. Composto da una ripetizione di cerchi intrecciati che formano un insieme perfettamente simmetrico, evoca unit\u00e0, creazione e armonia. Utilizzato fin dall'antichit\u00e0 in molte culture, il Fiore della Vita \u00e8 noto per il suo potere vibratorio e la sua bellezza rilassante. Questo stencil \u00e8 un invito alla serenit\u00e0 e alla connessione interiore, sia che si tratti di un lavoro personale, di una decorazione murale o di un progetto di pittura energetica.<\/p>\n<h3>Un disegno geometrico preciso e spirituale<\/h3>\n<p><strong>Stencil Fleur de Vie<\/strong> Il suo stile combina rigore geometrico ed estetismo simbolico. Si trova a suo agio sia in creazioni artistiche astratte che in ambienti di ispirazione zen o mandala. Grazie al suo design riutilizzabile e reversibile e alla sua produzione di alta qualit\u00e0, questo stencil \u00e8 perfetto per tutti i tipi di superfici: dipinti, mobili, tessuti, pareti o tele. Disponibile in diverse dimensioni, aggiunge un tocco sacro ed elegante a qualsiasi opera d'arte, con una finitura precisa, equilibrata e di grande impatto visivo.<\/p>","protected":false},"excerpt":{"rendered":"<p><strong>Stencil Fleur de Vie<\/strong> per pittori o decoratori di mandala. Riutilizzabili, reversibili e in diverse misure, di alta qualit\u00e0 garantita.<\/p>","protected":false},"featured_media":6912,"comment_status":"open","ping_status":"closed","template":"","meta":{"bwfblock_default_font":"","_kad_blocks_custom_css":"","_kad_blocks_head_custom_js":"","_kad_blocks_body_custom_js":"","_kad_blocks_footer_custom_js":"","_kadence_starter_templates_imported_post":false,"_kad_post_transparent":"default","_kad_post_title":"","_kad_post_layout":"default","_kad_post_sidebar_id":"","_kad_post_content_style":"default","_kad_post_vertical_padding":"default","_kad_post_feature":"","_kad_post_feature_position":"","_kad_post_header":false,"_kad_post_footer":false,"_kad_post_classname":""},"product_brand":[1415],"product_cat":[38,51,315],"product_tag":[50,331,230,324,330],"class_list":{"0":"post-6913","1":"product","2":"type-product","3":"status-publish","4":"has-post-thumbnail","6":"product_brand-mes-pochoirs","7":"product_cat-pochoirs-mandala","8":"product_cat-pochoirs-fleurs","9":"product_cat-pochoirs-symboles","10":"product_tag-fleur","11":"product_tag-fleur-de-vie","12":"product_tag-mandala","13":"product_tag-symbole","14":"product_tag-vie","16":"first","17":"instock","18":"taxable","19":"shipping-taxable","20":"purchasable","21":"product-type-variable","22":"has-default-attributes","23":"entry","24":"content-bg","25":"loop-entry"},"taxonomy_info":{"product_brand":[{"value":1415,"label":"Mes Pochoirs"}],"product_cat":[{"value":38,"label":"Mandala"},{"value":51,"label":"Fleurs"},{"value":315,"label":"Symboles"}],"product_tag":[{"value":50,"label":"fleur"},{"value":331,"label":"fleur de vie"},{"value":230,"label":"mandala"},{"value":324,"label":"symbole"},{"value":330,"label":"vie"}]},"featured_image_src_large":["https:\/\/mes-pochoirs.com\/wp-content\/uploads\/2023\/02\/M0025-pochoir-fleur-de-vie-mes-pochoirs-com-858x1030.jpg",858,1030,true],"author_info":[],"comment_info":2,"_links":{"self":[{"href":"https:\/\/mes-pochoirs.com\/it\/wp-json\/wp\/v2\/product\/6913","targetHints":{"allow":["GET"]}}],"collection":[{"href":"https:\/\/mes-pochoirs.com\/it\/wp-json\/wp\/v2\/product"}],"about":[{"href":"https:\/\/mes-pochoirs.com\/it\/wp-json\/wp\/v2\/types\/product"}],"replies":[{"embeddable":true,"href":"https:\/\/mes-pochoirs.com\/it\/wp-json\/wp\/v2\/comments?post=6913"}],"wp:featuredmedia":[{"embeddable":true,"href":"https:\/\/mes-pochoirs.com\/it\/wp-json\/wp\/v2\/media\/6912"}],"wp:attachment":[{"href":"https:\/\/mes-pochoirs.com\/it\/wp-json\/wp\/v2\/media?parent=6913"}],"wp:term":[{"taxonomy":"product_brand","embeddable":true,"href":"https:\/\/mes-pochoirs.com\/it\/wp-json\/wp\/v2\/product_brand?post=6913"},{"taxonomy":"product_cat","embeddable":true,"href":"https:\/\/mes-pochoirs.com\/it\/wp-json\/wp\/v2\/product_cat?post=6913"},{"taxonomy":"product_tag","embeddable":true,"href":"https:\/\/mes-pochoirs.com\/it\/wp-json\/wp\/v2\/product_tag?post=6913"}],"curies":[{"name":"wp","href":"https:\/\/api.w.org\/{rel}","templated":true}]}}