{"id":7418,"date":"2023-03-08T13:43:44","date_gmt":"2023-03-08T12:43:44","guid":{"rendered":"https:\/\/mes-pochoirs.com\/?post_type=product&#038;p=7418"},"modified":"2025-10-31T11:46:56","modified_gmt":"2025-10-31T10:46:56","slug":"stencil-mezzitoni-mezzitoni-g0023","status":"publish","type":"product","link":"https:\/\/mes-pochoirs.com\/it\/produit\/pochoir-halftone-demi-teinte-g0023","title":{"rendered":"Stencil mezzotono - G0023"},"content":{"rendered":"<h2>Stencil mezzotono Mezzotono<\/h2>\n<p><strong>Stencil mezzotono Mezzotono<\/strong> Questo disegno rappresenta una gradazione progressiva di cerchi neri su sfondo bianco, passando da grandi punti densi a micropunti diffusi. Si ispira direttamente alla tecnica di retinatura utilizzata nella stampa per suggerire luce e volume attraverso i punti. Questo stencil evoca sia il dinamismo del movimento che l'evoluzione del tono, perfetto per creare sfondi strutturati, aggiungere profondit\u00e0 a una composizione o attirare l'attenzione su un elemento centrale di un'opera, un dipinto o un murale.<\/p>\n<h3>Un cenno retr\u00f2 allo stile Pop Art<\/h3>\n<p><strong>Stencil mezzotono Mezzotono<\/strong> Il suo design regolare e geometrico evoca immediatamente il mondo visivo della pop art, dei fumetti d'epoca e della stampa offset degli anni '60. \u00c8 un potente strumento visivo per gli artisti che desiderano creare effetti materici, vibrazioni o ombreggiature in uno spirito grafico. Questo stencil riutilizzabile e reversibile, disponibile in diverse dimensioni e progettato in alta qualit\u00e0, si adatta a una moltitudine di supporti creativi: tela, carta, tessuti, legno o pareti. Ideale per aggiungere ritmo, contrasto e stile alle vostre creazioni.<\/p>","protected":false},"excerpt":{"rendered":"<p><strong>Stencil mezzotono Mezzotono<\/strong> per un design grafico originale. Di alta qualit\u00e0, riutilizzabili, reversibili e disponibili in diversi formati.<\/p>","protected":false},"featured_media":7359,"comment_status":"open","ping_status":"closed","template":"","meta":{"bwfblock_default_font":"","_kad_blocks_custom_css":"","_kad_blocks_head_custom_js":"","_kad_blocks_body_custom_js":"","_kad_blocks_footer_custom_js":"","_kadence_starter_templates_imported_post":false,"_kad_post_transparent":"default","_kad_post_title":"","_kad_post_layout":"default","_kad_post_sidebar_id":"","_kad_post_content_style":"default","_kad_post_vertical_padding":"default","_kad_post_feature":"","_kad_post_feature_position":"","_kad_post_header":false,"_kad_post_footer":false,"_kad_post_classname":""},"product_brand":[1415],"product_cat":[498,241],"product_tag":[335,519,232,234,336,362],"class_list":{"0":"post-7418","1":"product","2":"type-product","3":"status-publish","4":"has-post-thumbnail","6":"product_brand-mes-pochoirs","7":"product_cat-pochoirs-halftone","8":"product_cat-pochoirs-geometriques","9":"product_tag-demi-teinte","10":"product_tag-effet","11":"product_tag-geometrique","12":"product_tag-grille","13":"product_tag-halftone","14":"product_tag-motifs","16":"first","17":"instock","18":"taxable","19":"shipping-taxable","20":"purchasable","21":"product-type-variable","22":"has-default-attributes","23":"entry","24":"content-bg","25":"loop-entry"},"taxonomy_info":{"product_brand":[{"value":1415,"label":"Mes Pochoirs"}],"product_cat":[{"value":498,"label":"Halftone &amp; Benday"},{"value":241,"label":"G\u00e9om\u00e9triques"}],"product_tag":[{"value":335,"label":"demi-teinte"},{"value":519,"label":"effet"},{"value":232,"label":"g\u00e9om\u00e9trique"},{"value":234,"label":"grille"},{"value":336,"label":"halftone"},{"value":362,"label":"motifs"}]},"featured_image_src_large":["https:\/\/mes-pochoirs.com\/wp-content\/uploads\/2023\/03\/G0023-pochoir-halftone-demi-teinte-mes-pochoirs-com-858x1030.jpg",858,1030,true],"author_info":[],"comment_info":1,"_links":{"self":[{"href":"https:\/\/mes-pochoirs.com\/it\/wp-json\/wp\/v2\/product\/7418","targetHints":{"allow":["GET"]}}],"collection":[{"href":"https:\/\/mes-pochoirs.com\/it\/wp-json\/wp\/v2\/product"}],"about":[{"href":"https:\/\/mes-pochoirs.com\/it\/wp-json\/wp\/v2\/types\/product"}],"replies":[{"embeddable":true,"href":"https:\/\/mes-pochoirs.com\/it\/wp-json\/wp\/v2\/comments?post=7418"}],"wp:featuredmedia":[{"embeddable":true,"href":"https:\/\/mes-pochoirs.com\/it\/wp-json\/wp\/v2\/media\/7359"}],"wp:attachment":[{"href":"https:\/\/mes-pochoirs.com\/it\/wp-json\/wp\/v2\/media?parent=7418"}],"wp:term":[{"taxonomy":"product_brand","embeddable":true,"href":"https:\/\/mes-pochoirs.com\/it\/wp-json\/wp\/v2\/product_brand?post=7418"},{"taxonomy":"product_cat","embeddable":true,"href":"https:\/\/mes-pochoirs.com\/it\/wp-json\/wp\/v2\/product_cat?post=7418"},{"taxonomy":"product_tag","embeddable":true,"href":"https:\/\/mes-pochoirs.com\/it\/wp-json\/wp\/v2\/product_tag?post=7418"}],"curies":[{"name":"wp","href":"https:\/\/api.w.org\/{rel}","templated":true}]}}