{"id":8081,"date":"2023-04-01T15:13:13","date_gmt":"2023-04-01T13:13:13","guid":{"rendered":"https:\/\/mes-pochoirs.com\/?post_type=product&#038;p=8081"},"modified":"2025-10-31T11:47:04","modified_gmt":"2025-10-31T10:47:04","slug":"stencil-a-linee-incrociate-g0038","status":"publish","type":"product","link":"https:\/\/mes-pochoirs.com\/it\/produit\/pochoir-lignes-entrecroisees-g0038","title":{"rendered":"Stencil a linee incrociate - G0038"},"content":{"rendered":"<h2>Stencil a linee incrociate<\/h2>\n<p><strong>Stencil a linee incrociate<\/strong> Questo motivo \u00e8 costituito da un groviglio di linee verticali con diverse angolazioni, che creano un effetto grafico potente e strutturato. Evoca tensione ed equilibrio, rigore e movimento. Il suo ritmo visivo attira immediatamente l'attenzione, perfetto per dare energia a un'opera astratta, per accentuare la verticalit\u00e0 di un murale o per creare un contrasto moderno su diverse superfici. \u00c8 un motivo audace che aggiunge carattere e profondit\u00e0 alle vostre composizioni.<\/p>\n<h3>Uno stile geometrico forte e contemporaneo<\/h3>\n<p><strong>Stencil a linee incrociate<\/strong> Questo disegno geometrico minimalista si ispira ai codici della grafica contemporanea, combinando rigore e spontaneit\u00e0. Si adatta perfettamente a un ambiente urbano, moderno o industriale, sia su tela che su mobili personalizzati o su una parete. Questo stencil \u00e8 riutilizzabile, reversibile, realizzato con materiali di alta qualit\u00e0 e disponibile in diverse dimensioni, per cui pu\u00f2 essere utilizzato sia per progetti artistici ambiziosi che per piccole creazioni decorative. Offre un forte impatto visivo con una semplicit\u00e0 che lascia spazio all'interpretazione.<\/p>\n<p>\u00a0<\/p>","protected":false},"excerpt":{"rendered":"<p><strong>Stencil a linee incrociate<\/strong>Motivo strutturato per dipingere o decorare. Riutilizzabile, di alta qualit\u00e0, di varie dimensioni.<\/p>","protected":false},"featured_media":7798,"comment_status":"open","ping_status":"closed","template":"","meta":{"bwfblock_default_font":"","_kad_blocks_custom_css":"","_kad_blocks_head_custom_js":"","_kad_blocks_body_custom_js":"","_kad_blocks_footer_custom_js":"","_kadence_starter_templates_imported_post":false,"_kad_post_transparent":"default","_kad_post_title":"","_kad_post_layout":"default","_kad_post_sidebar_id":"","_kad_post_content_style":"default","_kad_post_vertical_padding":"default","_kad_post_feature":"","_kad_post_feature_position":"","_kad_post_header":false,"_kad_post_footer":false,"_kad_post_classname":""},"product_brand":[1415],"product_cat":[241],"product_tag":[232,245],"class_list":{"0":"post-8081","1":"product","2":"type-product","3":"status-publish","4":"has-post-thumbnail","6":"product_brand-mes-pochoirs","7":"product_cat-pochoirs-geometriques","8":"product_tag-geometrique","9":"product_tag-lignes","11":"first","12":"instock","13":"taxable","14":"shipping-taxable","15":"purchasable","16":"product-type-variable","17":"has-default-attributes","18":"entry","19":"content-bg","20":"loop-entry"},"taxonomy_info":{"product_brand":[{"value":1415,"label":"Mes Pochoirs"}],"product_cat":[{"value":241,"label":"G\u00e9om\u00e9triques"}],"product_tag":[{"value":232,"label":"g\u00e9om\u00e9trique"},{"value":245,"label":"lignes"}]},"featured_image_src_large":["https:\/\/mes-pochoirs.com\/wp-content\/uploads\/2023\/03\/G0038-pochoir-geometrique-mes-pochoirs-com-858x1030.jpg",858,1030,true],"author_info":[],"comment_info":0,"_links":{"self":[{"href":"https:\/\/mes-pochoirs.com\/it\/wp-json\/wp\/v2\/product\/8081","targetHints":{"allow":["GET"]}}],"collection":[{"href":"https:\/\/mes-pochoirs.com\/it\/wp-json\/wp\/v2\/product"}],"about":[{"href":"https:\/\/mes-pochoirs.com\/it\/wp-json\/wp\/v2\/types\/product"}],"replies":[{"embeddable":true,"href":"https:\/\/mes-pochoirs.com\/it\/wp-json\/wp\/v2\/comments?post=8081"}],"wp:featuredmedia":[{"embeddable":true,"href":"https:\/\/mes-pochoirs.com\/it\/wp-json\/wp\/v2\/media\/7798"}],"wp:attachment":[{"href":"https:\/\/mes-pochoirs.com\/it\/wp-json\/wp\/v2\/media?parent=8081"}],"wp:term":[{"taxonomy":"product_brand","embeddable":true,"href":"https:\/\/mes-pochoirs.com\/it\/wp-json\/wp\/v2\/product_brand?post=8081"},{"taxonomy":"product_cat","embeddable":true,"href":"https:\/\/mes-pochoirs.com\/it\/wp-json\/wp\/v2\/product_cat?post=8081"},{"taxonomy":"product_tag","embeddable":true,"href":"https:\/\/mes-pochoirs.com\/it\/wp-json\/wp\/v2\/product_tag?post=8081"}],"curies":[{"name":"wp","href":"https:\/\/api.w.org\/{rel}","templated":true}]}}