{"id":9046,"date":"2023-05-11T16:43:08","date_gmt":"2023-05-11T14:43:08","guid":{"rendered":"https:\/\/mes-pochoirs.com\/?post_type=product&#038;p=9046"},"modified":"2025-10-31T11:56:30","modified_gmt":"2025-10-31T10:56:30","slug":"stencil-zebra-a0001","status":"publish","type":"product","link":"https:\/\/mes-pochoirs.com\/it\/produit\/pochoir-zebre-a0001","title":{"rendered":"Stencil Zebra - A0001"},"content":{"rendered":"<h2>Stencil Zebra\u00a0<\/h2>\n<p>Le <strong>Stencil Zebra<\/strong> \u00e9voque imm\u00e9diatement la beaut\u00e9 brute et instinctive de la nature. Inspir\u00e9 par les lignes fluides et irr\u00e9guli\u00e8res du pelage du z\u00e8bre, ce motif organique semble bouger \u00e0 chaque regard. Il attire l\u2019\u0153il par son rythme ondulant, ses contrastes subtils et sa capacit\u00e9 \u00e0 animer une surface avec une intensit\u00e9 visuelle presque hypnotique.<\/p>\n<p>Ce pochoir permet de recr\u00e9er facilement une ambiance sauvage, exotique ou graphique, selon les supports et les techniques utilis\u00e9es. Que ce soit sur un tableau, un mur, du textile ou dans un carnet de croquis, il insuffle une touche de libert\u00e9 et de mouvement \u00e0 vos \u0153uvres. Il est parfait pour les artistes qui aiment jouer avec la spontan\u00e9it\u00e9 et les textures naturelles.<\/p>\n<h3>Une esth\u00e9tique entre abstraction et nature<\/h3>\n<p>Le <strong>Stencil Zebra<\/strong> s\u2019inscrit dans une d\u00e9marche artistique o\u00f9 l\u2019abstraction rencontre le vivant. Les lignes s\u2019allongent, se croisent, se dispersent comme des courants graphiques libres, \u00e9voquant aussi bien l\u2019esth\u00e9tique tribale que celle du design contemporain. Il rappelle les gestes spontan\u00e9s de la peinture gestuelle ou les imprim\u00e9s embl\u00e9matiques des arts d\u00e9coratifs africains.<\/p>\n<p>Ce pochoir offre un v\u00e9ritable terrain d\u2019exploration pour cr\u00e9er des compositions rythm\u00e9es, en superposition ou en motif r\u00e9p\u00e9t\u00e9. Il trouve sa place dans des \u0153uvres abstraites, des d\u00e9cors inspir\u00e9s de la savane ou des projets artistiques o\u00f9 l\u2019animalier devient symbole d\u2019\u00e9lan cr\u00e9atif. C\u2019est un outil riche, expressif, et extr\u00eamement polyvalent.<\/p>","protected":false},"excerpt":{"rendered":"<p><strong>Stencil Zebra<\/strong> pour peinture moderne ou \u0153uvre tribale. R\u00e9utilisable, haute qualit\u00e9, d\u00e9clin\u00e9 en plusieurs tailles pour artistes visuels.<\/p>","protected":false},"featured_media":7997,"comment_status":"open","ping_status":"closed","template":"","meta":{"bwfblock_default_font":"","_kad_blocks_custom_css":"","_kad_blocks_head_custom_js":"","_kad_blocks_body_custom_js":"","_kad_blocks_footer_custom_js":"","_kadence_starter_templates_imported_post":false,"_kad_post_transparent":"default","_kad_post_title":"","_kad_post_layout":"default","_kad_post_sidebar_id":"","_kad_post_content_style":"default","_kad_post_vertical_padding":"default","_kad_post_feature":"","_kad_post_feature_position":"","_kad_post_header":false,"_kad_post_footer":false,"_kad_post_classname":""},"product_brand":[1415],"product_cat":[364],"product_tag":[367,366,368,365],"class_list":{"0":"post-9046","1":"product","2":"type-product","3":"status-publish","4":"has-post-thumbnail","6":"product_brand-mes-pochoirs","7":"product_cat-pochoirs-animaux","8":"product_tag-animal","9":"product_tag-animaux","10":"product_tag-effet-peau-de-zebre","11":"product_tag-zebre","13":"first","14":"instock","15":"taxable","16":"shipping-taxable","17":"purchasable","18":"product-type-variable","19":"has-default-attributes","20":"entry","21":"content-bg","22":"loop-entry"},"taxonomy_info":{"product_brand":[{"value":1415,"label":"Mes Pochoirs"}],"product_cat":[{"value":364,"label":"Animaux"}],"product_tag":[{"value":367,"label":"animal"},{"value":366,"label":"animaux"},{"value":368,"label":"effet peau de z\u00e8bre"},{"value":365,"label":"z\u00e8bre"}]},"featured_image_src_large":["https:\/\/mes-pochoirs.com\/wp-content\/uploads\/2023\/03\/A0001-pochoir-zebre-mes-pochoirs-com-858x1030.jpg",858,1030,true],"author_info":[],"comment_info":0,"_links":{"self":[{"href":"https:\/\/mes-pochoirs.com\/it\/wp-json\/wp\/v2\/product\/9046","targetHints":{"allow":["GET"]}}],"collection":[{"href":"https:\/\/mes-pochoirs.com\/it\/wp-json\/wp\/v2\/product"}],"about":[{"href":"https:\/\/mes-pochoirs.com\/it\/wp-json\/wp\/v2\/types\/product"}],"replies":[{"embeddable":true,"href":"https:\/\/mes-pochoirs.com\/it\/wp-json\/wp\/v2\/comments?post=9046"}],"wp:featuredmedia":[{"embeddable":true,"href":"https:\/\/mes-pochoirs.com\/it\/wp-json\/wp\/v2\/media\/7997"}],"wp:attachment":[{"href":"https:\/\/mes-pochoirs.com\/it\/wp-json\/wp\/v2\/media?parent=9046"}],"wp:term":[{"taxonomy":"product_brand","embeddable":true,"href":"https:\/\/mes-pochoirs.com\/it\/wp-json\/wp\/v2\/product_brand?post=9046"},{"taxonomy":"product_cat","embeddable":true,"href":"https:\/\/mes-pochoirs.com\/it\/wp-json\/wp\/v2\/product_cat?post=9046"},{"taxonomy":"product_tag","embeddable":true,"href":"https:\/\/mes-pochoirs.com\/it\/wp-json\/wp\/v2\/product_tag?post=9046"}],"curies":[{"name":"wp","href":"https:\/\/api.w.org\/{rel}","templated":true}]}}