{"id":9599,"date":"2023-07-16T10:05:27","date_gmt":"2023-07-16T08:05:27","guid":{"rendered":"https:\/\/mes-pochoirs.com\/?post_type=product&#038;p=9599"},"modified":"2025-10-31T11:56:50","modified_gmt":"2025-10-31T10:56:50","slug":"stencil-foglie-di-palma-n0004","status":"publish","type":"product","link":"https:\/\/mes-pochoirs.com\/it\/produit\/pochoir-feuilles-de-palmier-n0004","title":{"rendered":"Stencil per foglie di palma - N0004"},"content":{"rendered":"<h2>Stencil per foglie di palma<\/h2>\n<p><strong>Stencil per foglie di palma<\/strong> : Ce motif v\u00e9g\u00e9tal \u00e9voque la l\u00e9g\u00e8ret\u00e9 et la fra\u00eecheur des feuillages exotiques, comme une brise qui traverse un jardin tropical. L\u2019organisation sym\u00e9trique et g\u00e9n\u00e9reuse des palmes cr\u00e9e une impression d\u2019abondance et d\u2019harmonie naturelle. Chaque feuille semble danser au rythme du vent, apportant une sensation d\u2019\u00e9vasion et de s\u00e9r\u00e9nit\u00e9 \u00e0 votre \u0153uvre.<\/p>\n<p>C\u2019est un pochoir qui transforme un simple support en d\u00e9cor luxuriant, id\u00e9al pour les artistes en qu\u00eate d\u2019inspiration botanique ou les passionn\u00e9s de d\u00e9co naturelle. Il invite \u00e0 composer des ambiances estivales et lumineuses, pleines de vitalit\u00e9.<\/p>\n<h3>Un design fluide, r\u00e9p\u00e9titif et tr\u00e8s d\u00e9coratif<\/h3>\n<p><strong>Stencil per foglie di palma<\/strong> : Le style de ce pochoir repose sur un motif g\u00e9om\u00e9trique souple, bas\u00e9 sur des feuilles au trac\u00e9 lin\u00e9aire et rythmique. Le rendu est \u00e0 la fois graphique et organique, parfait pour cr\u00e9er une frise v\u00e9g\u00e9tale, un fond mural ou une \u0153uvre contemporaine aux accents tropicaux. Ce motif convient aussi bien \u00e0 une peinture murale qu&#8217;\u00e0 un tableau abstrait ou \u00e0 une d\u00e9coration textile.<\/p>\n<p>Questo <strong>Stencil per foglie di palma<\/strong> est r\u00e9utilisable, r\u00e9versible, fabriqu\u00e9 en mat\u00e9riau de haute qualit\u00e9 et disponible en plusieurs tailles. Il offre aux artistes peintres, d\u00e9corateurs ou amateurs de DIY une solution cr\u00e9ative et simple pour apporter structure, fra\u00eecheur et \u00e9l\u00e9gance naturelle \u00e0 leurs projets.<\/p>","protected":false},"excerpt":{"rendered":"<p style=\"text-align: left\"><strong>Stencil per foglie di palma<\/strong> pour \u0153uvre nature et moderne. Haute qualit\u00e9, r\u00e9utilisable, multi-tailles. Parfait pour d\u00e9co mur ou meuble.<\/p>","protected":false},"featured_media":9318,"comment_status":"open","ping_status":"closed","template":"","meta":{"bwfblock_default_font":"","_kad_blocks_custom_css":"","_kad_blocks_head_custom_js":"","_kad_blocks_body_custom_js":"","_kad_blocks_footer_custom_js":"","_kadence_starter_templates_imported_post":false,"_kad_post_transparent":"default","_kad_post_title":"","_kad_post_layout":"default","_kad_post_sidebar_id":"","_kad_post_content_style":"default","_kad_post_vertical_padding":"default","_kad_post_feature":"","_kad_post_feature_position":"","_kad_post_header":false,"_kad_post_footer":false,"_kad_post_classname":""},"product_brand":[1415],"product_cat":[369],"product_tag":[371,409,413,374,370,412],"class_list":{"0":"post-9599","1":"product","2":"type-product","3":"status-publish","4":"has-post-thumbnail","6":"product_brand-mes-pochoirs","7":"product_cat-pochoirs-nature","8":"product_tag-feuilles","9":"product_tag-feuilles-composees","10":"product_tag-feuilles-palmier","11":"product_tag-feuilles-tropicales","12":"product_tag-nature","13":"product_tag-palmier","15":"first","16":"instock","17":"taxable","18":"shipping-taxable","19":"purchasable","20":"product-type-variable","21":"entry","22":"content-bg","23":"loop-entry"},"taxonomy_info":{"product_brand":[{"value":1415,"label":"Mes Pochoirs"}],"product_cat":[{"value":369,"label":"Nature"}],"product_tag":[{"value":371,"label":"feuilles"},{"value":409,"label":"feuilles compos\u00e9es"},{"value":413,"label":"feuilles palmier"},{"value":374,"label":"feuilles tropicales"},{"value":370,"label":"nature"},{"value":412,"label":"palmier"}]},"featured_image_src_large":["https:\/\/mes-pochoirs.com\/wp-content\/uploads\/2023\/06\/N0004-FR-pochoir-feuilles-copyright-mes-pochoirs-858x1030.jpg",858,1030,true],"author_info":[],"comment_info":0,"_links":{"self":[{"href":"https:\/\/mes-pochoirs.com\/it\/wp-json\/wp\/v2\/product\/9599","targetHints":{"allow":["GET"]}}],"collection":[{"href":"https:\/\/mes-pochoirs.com\/it\/wp-json\/wp\/v2\/product"}],"about":[{"href":"https:\/\/mes-pochoirs.com\/it\/wp-json\/wp\/v2\/types\/product"}],"replies":[{"embeddable":true,"href":"https:\/\/mes-pochoirs.com\/it\/wp-json\/wp\/v2\/comments?post=9599"}],"wp:featuredmedia":[{"embeddable":true,"href":"https:\/\/mes-pochoirs.com\/it\/wp-json\/wp\/v2\/media\/9318"}],"wp:attachment":[{"href":"https:\/\/mes-pochoirs.com\/it\/wp-json\/wp\/v2\/media?parent=9599"}],"wp:term":[{"taxonomy":"product_brand","embeddable":true,"href":"https:\/\/mes-pochoirs.com\/it\/wp-json\/wp\/v2\/product_brand?post=9599"},{"taxonomy":"product_cat","embeddable":true,"href":"https:\/\/mes-pochoirs.com\/it\/wp-json\/wp\/v2\/product_cat?post=9599"},{"taxonomy":"product_tag","embeddable":true,"href":"https:\/\/mes-pochoirs.com\/it\/wp-json\/wp\/v2\/product_tag?post=9599"}],"curies":[{"name":"wp","href":"https:\/\/api.w.org\/{rel}","templated":true}]}}