{"id":9688,"date":"2023-08-04T12:41:54","date_gmt":"2023-08-04T10:41:54","guid":{"rendered":"https:\/\/mes-pochoirs.com\/?post_type=product&#038;p=9688"},"modified":"2025-10-31T11:56:51","modified_gmt":"2025-10-31T10:56:51","slug":"stencil-fiore-arabesco-n0005","status":"publish","type":"product","link":"https:\/\/mes-pochoirs.com\/it\/produit\/pochoir-fleur-arabesque-n0005","title":{"rendered":"Stencil per fiori arabescati - N0005"},"content":{"rendered":"<h2>Stencil a fiore arabescato<\/h2>\n<p><strong>Stencil a fiore arabescato<\/strong> \u2013 Ce motif \u00e9l\u00e9gant \u00e9voque un enchev\u00eatrement v\u00e9g\u00e9tal raffin\u00e9, o\u00f9 chaque courbe semble suivre une partition florale orchestr\u00e9e avec douceur. Inspir\u00e9 par la nature stylis\u00e9e, ce pochoir fait jaillir sur vos surfaces un souffle de l\u00e9g\u00e8ret\u00e9 et d\u2019harmonie. Ses arabesques foisonnantes, m\u00eal\u00e9es \u00e0 des tiges et feuilles effil\u00e9es, composent un ballet de formes qui captivent le regard et apaisent l\u2019espace.<\/p>\n<p>Ce mod\u00e8le est id\u00e9al pour cr\u00e9er une ambiance chaleureuse, v\u00e9g\u00e9tale et organique dans vos d\u00e9cors. Il s\u2019adapte aussi bien \u00e0 des cr\u00e9ations murales qu\u2019\u00e0 des supports textiles, bois ou toile. Que vous cherchiez \u00e0 embellir une t\u00eate de lit, une porte, un meuble ou un carnet d\u2019artiste, ce pochoir transforme chaque support en \u0153uvre inspir\u00e9e.<\/p>\n<h3>entre h\u00e9ritage ornemental et design contemporain<\/h3>\n<p><strong>Stencil a fiore arabescato<\/strong> \u2013 Issu de la tradition des motifs d\u00e9coratifs orientaux et baroques, ce pochoir reprend les codes de l\u2019ornementation classique tout en les modernisant. Son dessin aux volutes g\u00e9n\u00e9reuses s\u2019inscrit dans un style intemporel, entre arabesques de l&#8217;art islamique, \u00e9l\u00e9ments floraux stylis\u00e9s et inspirations de ferronnerie d\u2019art. On y retrouve aussi une sym\u00e9trie presque hypnotique, propre aux d\u00e9cors architecturaux du monde m\u00e9diterran\u00e9en.<\/p>\n<p>Ce motif s\u00e9duira les amateurs d\u2019\u00e9l\u00e9gance artisanale autant que les passionn\u00e9s de DIY contemporain. Il apporte un cachet unique aux projets cr\u00e9atifs, en m\u00ealant tradition et expressivit\u00e9 graphique. Gr\u00e2ce \u00e0 sa d\u00e9coupe fine et \u00e0 sa densit\u00e9 de d\u00e9tail, il permet des applications nettes et pr\u00e9cises, avec un effet &#8220;waouh&#8221; garanti.<\/p>","protected":false},"excerpt":{"rendered":"<p style=\"text-align: left\"><strong>Stencil a fiore arabescato<\/strong> pour artistes, peinture et d\u00e9co chic \u2013 haute qualit\u00e9, motifs \u00e9l\u00e9gants, facile \u00e0 utiliser et \u00e0 r\u00e9utiliser.<\/p>","protected":false},"featured_media":9677,"comment_status":"open","ping_status":"closed","template":"","meta":{"bwfblock_default_font":"","_kad_blocks_custom_css":"","_kad_blocks_head_custom_js":"","_kad_blocks_body_custom_js":"","_kad_blocks_footer_custom_js":"","_kadence_starter_templates_imported_post":false,"_kad_post_transparent":"default","_kad_post_title":"","_kad_post_layout":"default","_kad_post_sidebar_id":"","_kad_post_content_style":"default","_kad_post_vertical_padding":"default","_kad_post_feature":"","_kad_post_feature_position":"","_kad_post_header":false,"_kad_post_footer":false,"_kad_post_classname":""},"product_brand":[1415],"product_cat":[369],"product_tag":[229,50,370,386],"class_list":{"0":"post-9688","1":"product","2":"type-product","3":"status-publish","4":"has-post-thumbnail","6":"product_brand-mes-pochoirs","7":"product_cat-pochoirs-nature","8":"product_tag-arabesque","9":"product_tag-fleur","10":"product_tag-nature","11":"product_tag-oriental","13":"first","14":"instock","15":"taxable","16":"shipping-taxable","17":"purchasable","18":"product-type-variable","19":"has-default-attributes","20":"entry","21":"content-bg","22":"loop-entry"},"taxonomy_info":{"product_brand":[{"value":1415,"label":"Mes Pochoirs"}],"product_cat":[{"value":369,"label":"Nature"}],"product_tag":[{"value":229,"label":"arabesque"},{"value":50,"label":"fleur"},{"value":370,"label":"nature"},{"value":386,"label":"oriental"}]},"featured_image_src_large":["https:\/\/mes-pochoirs.com\/wp-content\/uploads\/2023\/08\/N0005-FR-pochoir-fleur-arabesque-copyright-mes-pochoirs-858x1030.jpg",858,1030,true],"author_info":[],"comment_info":0,"_links":{"self":[{"href":"https:\/\/mes-pochoirs.com\/it\/wp-json\/wp\/v2\/product\/9688","targetHints":{"allow":["GET"]}}],"collection":[{"href":"https:\/\/mes-pochoirs.com\/it\/wp-json\/wp\/v2\/product"}],"about":[{"href":"https:\/\/mes-pochoirs.com\/it\/wp-json\/wp\/v2\/types\/product"}],"replies":[{"embeddable":true,"href":"https:\/\/mes-pochoirs.com\/it\/wp-json\/wp\/v2\/comments?post=9688"}],"wp:featuredmedia":[{"embeddable":true,"href":"https:\/\/mes-pochoirs.com\/it\/wp-json\/wp\/v2\/media\/9677"}],"wp:attachment":[{"href":"https:\/\/mes-pochoirs.com\/it\/wp-json\/wp\/v2\/media?parent=9688"}],"wp:term":[{"taxonomy":"product_brand","embeddable":true,"href":"https:\/\/mes-pochoirs.com\/it\/wp-json\/wp\/v2\/product_brand?post=9688"},{"taxonomy":"product_cat","embeddable":true,"href":"https:\/\/mes-pochoirs.com\/it\/wp-json\/wp\/v2\/product_cat?post=9688"},{"taxonomy":"product_tag","embeddable":true,"href":"https:\/\/mes-pochoirs.com\/it\/wp-json\/wp\/v2\/product_tag?post=9688"}],"curies":[{"name":"wp","href":"https:\/\/api.w.org\/{rel}","templated":true}]}}