{"id":9901,"date":"2023-08-30T14:39:03","date_gmt":"2023-08-30T12:39:03","guid":{"rendered":"https:\/\/mes-pochoirs.com\/?post_type=product&#038;p=9901"},"modified":"2026-03-25T14:58:38","modified_gmt":"2026-03-25T13:58:38","slug":"stencil-ritratto-donna-occhiali-chignon-pa0008","status":"publish","type":"product","link":"https:\/\/mes-pochoirs.com\/it\/produit\/pochoir-portrait-femme-lunettes-chignon-pa0008","title":{"rendered":"Ritratto Stencil donna occhiali e chignon - PA0008"},"content":{"rendered":"<h2>Ritratto Stencil Donna Occhiali e chignon<\/h2>\n<p><strong>Ritratto Stencil Donna Occhiali e chignon<\/strong> capture avec audace une attitude r\u00e9solument mode et contemporaine. Le visage d\u2019une femme arborant fi\u00e8rement de larges lunettes et un chignon haut nous plonge dans l\u2019univers de l\u2019\u00e9l\u00e9gance urbaine. Ses l\u00e8vres entrouvertes, son regard masqu\u00e9 mais expressif, composent une image forte, empreinte de style, de confiance et d\u2019ind\u00e9pendance.<\/p>\n<p>Ce portrait glamour et charismatique \u00e9voque une femme moderne, s\u00fbre d\u2019elle, que l\u2019on imagine arpentant les rues d\u2019une grande ville ou posant sous les projecteurs d\u2019un studio photo. Ce pochoir apporte imm\u00e9diatement une touche affirm\u00e9e et iconique \u00e0 toute \u0153uvre de peinture, tableau ou cr\u00e9ation murale.<\/p>\n<h3>Un style graphique minimaliste et impactant<\/h3>\n<p><strong>Ritratto Stencil Donna Occhiali e chignon<\/strong> s\u00e9duit par sa composition visuelle percutante, jouant habilement sur les contrastes et les lignes franches. L\u2019esth\u00e9tique Pop Art se m\u00eale ici \u00e0 une touche street chic : des contours pr\u00e9cis, des zones de lumi\u00e8re et d\u2019ombre savamment d\u00e9coup\u00e9es, et une mise en page verticale qui donne de la hauteur \u00e0 la sc\u00e8ne.<\/p>\n<p>Ce pochoir est un outil cr\u00e9atif id\u00e9al pour les artistes en qu\u00eate d\u2019une expression visuelle forte. R\u00e9utilisable, r\u00e9versible, et disponible en plusieurs tailles, il s\u2019int\u00e8gre parfaitement \u00e0 des projets de peinture moderne, de d\u00e9coration graphique ou de customisation textile. Un v\u00e9ritable atout pour donner du caract\u00e8re \u00e0 vos compositions.<\/p>","protected":false},"excerpt":{"rendered":"<p><strong>Ritratto Stencil Donna Occhiali e chignon<\/strong> \u00e0 l\u2019allure chic. R\u00e9utilisable, qualit\u00e9 pro, plusieurs tailles pour \u0153uvre ou d\u00e9co murale.<\/p>","protected":false},"featured_media":9912,"comment_status":"open","ping_status":"closed","template":"","meta":{"bwfblock_default_font":"","_kad_blocks_custom_css":"","_kad_blocks_head_custom_js":"","_kad_blocks_body_custom_js":"","_kad_blocks_footer_custom_js":"","_kadence_starter_templates_imported_post":false,"_kad_post_transparent":"default","_kad_post_title":"","_kad_post_layout":"default","_kad_post_sidebar_id":"","_kad_post_content_style":"default","_kad_post_vertical_padding":"default","_kad_post_feature":"","_kad_post_feature_position":"","_kad_post_header":false,"_kad_post_footer":false,"_kad_post_classname":""},"product_brand":[1415],"product_cat":[332,36],"product_tag":[419,431,359,418,430,333,390],"class_list":{"0":"post-9901","1":"product","2":"type-product","3":"status-publish","4":"has-post-thumbnail","6":"product_brand-mes-pochoirs","7":"product_cat-pochoirs-pop-art","8":"product_cat-pochoirs-portraits-visages","9":"product_tag-belle-femme","10":"product_tag-chignon","11":"product_tag-femme","12":"product_tag-jeune-femme","13":"product_tag-lunettes","14":"product_tag-pop-art","15":"product_tag-portrait","17":"first","18":"instock","19":"taxable","20":"shipping-taxable","21":"purchasable","22":"product-type-variable","23":"entry","24":"content-bg","25":"loop-entry"},"taxonomy_info":{"product_brand":[{"value":1415,"label":"Mes Pochoirs"}],"product_cat":[{"value":332,"label":"Pop Art"},{"value":36,"label":"Portraits &amp; Visages"}],"product_tag":[{"value":419,"label":"belle femme"},{"value":431,"label":"chignon"},{"value":359,"label":"femme"},{"value":418,"label":"jeune femme"},{"value":430,"label":"lunettes"},{"value":333,"label":"pop art"},{"value":390,"label":"portrait"}]},"featured_image_src_large":["https:\/\/mes-pochoirs.com\/wp-content\/uploads\/2023\/08\/PA0008-FR-pochoir-portrait-femme-lunette-chignon-copyright-mes-pochoirs-858x1030.jpg",858,1030,true],"author_info":[],"comment_info":31,"_links":{"self":[{"href":"https:\/\/mes-pochoirs.com\/it\/wp-json\/wp\/v2\/product\/9901","targetHints":{"allow":["GET"]}}],"collection":[{"href":"https:\/\/mes-pochoirs.com\/it\/wp-json\/wp\/v2\/product"}],"about":[{"href":"https:\/\/mes-pochoirs.com\/it\/wp-json\/wp\/v2\/types\/product"}],"replies":[{"embeddable":true,"href":"https:\/\/mes-pochoirs.com\/it\/wp-json\/wp\/v2\/comments?post=9901"}],"wp:featuredmedia":[{"embeddable":true,"href":"https:\/\/mes-pochoirs.com\/it\/wp-json\/wp\/v2\/media\/9912"}],"wp:attachment":[{"href":"https:\/\/mes-pochoirs.com\/it\/wp-json\/wp\/v2\/media?parent=9901"}],"wp:term":[{"taxonomy":"product_brand","embeddable":true,"href":"https:\/\/mes-pochoirs.com\/it\/wp-json\/wp\/v2\/product_brand?post=9901"},{"taxonomy":"product_cat","embeddable":true,"href":"https:\/\/mes-pochoirs.com\/it\/wp-json\/wp\/v2\/product_cat?post=9901"},{"taxonomy":"product_tag","embeddable":true,"href":"https:\/\/mes-pochoirs.com\/it\/wp-json\/wp\/v2\/product_tag?post=9901"}],"curies":[{"name":"wp","href":"https:\/\/api.w.org\/{rel}","templated":true}]}}