{"id":11216,"date":"2023-12-12T09:16:47","date_gmt":"2023-12-12T08:16:47","guid":{"rendered":"https:\/\/mes-pochoirs.com\/?page_id=11216"},"modified":"2025-02-22T11:37:34","modified_gmt":"2025-02-22T10:37:34","slug":"verken-de-collecties","status":"publish","type":"page","link":"https:\/\/mes-pochoirs.com\/nl\/explorer-les-collections","title":{"rendered":"Ontdek de collecties"},"content":{"rendered":"<style>.kb-row-layout-id11216_f36139-55 > .kt-row-column-wrap{align-content:start;}:where(.kb-row-layout-id11216_f36139-55 > .kt-row-column-wrap) > .wp-block-kadence-column{justify-content:start;}.kb-row-layout-id11216_f36139-55 > .kt-row-column-wrap{column-gap:var(--global-kb-gap-md, 2rem);row-gap:var(--global-kb-gap-md, 2rem);padding-top:var(--global-kb-spacing-md, 2rem);padding-bottom:var(--global-kb-spacing-sm, 1.5rem);grid-template-columns:minmax(0, 1fr);}.kb-row-layout-id11216_f36139-55 > .kt-row-layout-overlay{opacity:0.30;}@media all and (max-width: 1024px){.kb-row-layout-id11216_f36139-55 > .kt-row-column-wrap{grid-template-columns:minmax(0, 1fr);}}@media all and (max-width: 767px){.kb-row-layout-id11216_f36139-55 > .kt-row-column-wrap{grid-template-columns:minmax(0, 1fr);}}<\/style><div class=\"kb-row-layout-wrap kb-row-layout-id11216_f36139-55 alignnone wp-block-kadence-rowlayout\"><div class=\"kt-row-column-wrap kt-has-1-columns kt-row-layout-equal kt-tab-layout-inherit kt-mobile-layout-row kt-row-valign-top\">\n<style>.kadence-column11216_ddce5a-08 > .kt-inside-inner-col,.kadence-column11216_ddce5a-08 > .kt-inside-inner-col:before{border-top-left-radius:0px;border-top-right-radius:0px;border-bottom-right-radius:0px;border-bottom-left-radius:0px;}.kadence-column11216_ddce5a-08 > .kt-inside-inner-col{column-gap:var(--global-kb-gap-sm, 1rem);}.kadence-column11216_ddce5a-08 > .kt-inside-inner-col{flex-direction:column;}.kadence-column11216_ddce5a-08 > .kt-inside-inner-col > .aligncenter{width:100%;}.kadence-column11216_ddce5a-08 > .kt-inside-inner-col:before{opacity:0.3;}.kadence-column11216_ddce5a-08{position:relative;}@media all and (max-width: 1024px){.kadence-column11216_ddce5a-08 > .kt-inside-inner-col{flex-direction:column;justify-content:center;}}@media all and (max-width: 767px){.kadence-column11216_ddce5a-08 > .kt-inside-inner-col{flex-direction:column;justify-content:center;}}<\/style>\n<div class=\"wp-block-kadence-column kadence-column11216_ddce5a-08\"><div class=\"kt-inside-inner-col\"><style>.wp-block-kadence-advancedheading.kt-adv-heading11216_98d52e-68, .wp-block-kadence-advancedheading.kt-adv-heading11216_98d52e-68[data-kb-block=\"kb-adv-heading11216_98d52e-68\"]{padding-top:0px;text-align:center;font-style:normal;}.wp-block-kadence-advancedheading.kt-adv-heading11216_98d52e-68 mark.kt-highlight, .wp-block-kadence-advancedheading.kt-adv-heading11216_98d52e-68[data-kb-block=\"kb-adv-heading11216_98d52e-68\"] mark.kt-highlight{font-style:normal;color:#f76a0c;-webkit-box-decoration-break:clone;box-decoration-break:clone;padding-top:0px;padding-right:0px;padding-bottom:0px;padding-left:0px;}.wp-block-kadence-advancedheading.kt-adv-heading11216_98d52e-68 img.kb-inline-image, .wp-block-kadence-advancedheading.kt-adv-heading11216_98d52e-68[data-kb-block=\"kb-adv-heading11216_98d52e-68\"] img.kb-inline-image{width:150px;vertical-align:baseline;}@media all and (max-width: 767px){.wp-block-kadence-advancedheading.kt-adv-heading11216_98d52e-68, .wp-block-kadence-advancedheading.kt-adv-heading11216_98d52e-68[data-kb-block=\"kb-adv-heading11216_98d52e-68\"]{font-size:var(--global-kb-font-size-lg, 2rem);}}<\/style>\n<h1 class=\"kt-adv-heading11216_98d52e-68 wp-block-kadence-advancedheading\" data-kb-block=\"kb-adv-heading11216_98d52e-68\">Explorer Nos Collections<\/h1>\n<\/div><\/div>\n\n<\/div><\/div>\n\n<style>.kt-accordion-id11216_1d8f5d-b1 .kt-accordion-inner-wrap{column-gap:var(--global-kb-gap-md, 2rem);row-gap:32px;}.kt-accordion-id11216_1d8f5d-b1 .kt-accordion-panel-inner{border-top:0px solid transparent;border-right:0px solid transparent;border-bottom:0px solid var(--global-palette5, #4A5568);border-left:0px solid transparent;padding-top:var(--global-kb-spacing-sm, 1.5rem);padding-right:var(--global-kb-spacing-sm, 1.5rem);padding-bottom:0px;padding-left:0px;}.kt-accordion-id11216_1d8f5d-b1 > .kt-accordion-inner-wrap > .wp-block-kadence-pane > .kt-accordion-header-wrap > .kt-blocks-accordion-header{border-top:1px solid var(--global-palette3, #1A202C);border-right-color:#eeeeee;border-right-style:solid;border-bottom:0px solid var(--global-palette3, #1A202C);border-left-color:#eeeeee;border-left-style:solid;border-top-left-radius:0px;border-top-right-radius:0px;border-bottom-right-radius:0px;border-bottom-left-radius:0px;background:var(--global-palette9, #ffffff);color:var(--global-palette3, #1A202C);padding-top:var(--global-kb-spacing-md, 2rem);padding-right:0px;padding-bottom:0px;padding-left:0px;}.kt-accordion-id11216_1d8f5d-b1:not( .kt-accodion-icon-style-basiccircle ):not( .kt-accodion-icon-style-xclosecircle ):not( .kt-accodion-icon-style-arrowcircle )  > .kt-accordion-inner-wrap > .wp-block-kadence-pane > .kt-accordion-header-wrap .kt-blocks-accordion-icon-trigger:after, .kt-accordion-id11216_1d8f5d-b1:not( .kt-accodion-icon-style-basiccircle ):not( .kt-accodion-icon-style-xclosecircle ):not( .kt-accodion-icon-style-arrowcircle )  > .kt-accordion-inner-wrap > .wp-block-kadence-pane > .kt-accordion-header-wrap .kt-blocks-accordion-icon-trigger:before{background:var(--global-palette6, #718096);}.kt-accordion-id11216_1d8f5d-b1 .kt-accordion-panel-inner, .kt-accordion-id11216_1d8f5d-b1 .kt-accordion-panel-inner h1, .kt-accordion-id11216_1d8f5d-b1 .kt-accordion-panel-inner h2, .kt-accordion-id11216_1d8f5d-b1 .kt-accordion-panel-inner h3, .kt-accordion-id11216_1d8f5d-b1 .kt-accordion-panel-inner h4, .kt-accordion-id11216_1d8f5d-b1 .kt-accordion-panel-inner h5, .kt-accordion-id11216_1d8f5d-b1 .kt-accordion-panel-inner h6{color:var(--global-palette3, #1A202C);}.kt-accordion-id11216_1d8f5d-b1 .kt-accordion-panel-inner a{color:var(--global-palette1, #3182CE);}.kt-accordion-id11216_1d8f5d-b1 .kt-accordion-panel-inner a:hover{color:var(--global-palette2, #2B6CB0);}.kt-accordion-id11216_1d8f5d-b1:not( .kt-accodion-icon-style-basic ):not( .kt-accodion-icon-style-xclose ):not( .kt-accodion-icon-style-arrow ) .kt-blocks-accordion-icon-trigger{background:var(--global-palette6, #718096);}.kt-accordion-id11216_1d8f5d-b1:not( .kt-accodion-icon-style-basic ):not( .kt-accodion-icon-style-xclose ):not( .kt-accodion-icon-style-arrow ) .kt-blocks-accordion-icon-trigger:after, .kt-accordion-id11216_1d8f5d-b1:not( .kt-accodion-icon-style-basic ):not( .kt-accodion-icon-style-xclose ):not( .kt-accodion-icon-style-arrow ) .kt-blocks-accordion-icon-trigger:before{background:var(--global-palette9, #ffffff);}.kt-accordion-id11216_1d8f5d-b1 > .kt-accordion-inner-wrap > .wp-block-kadence-pane > .kt-accordion-header-wrap > .kt-blocks-accordion-header:hover, \n\t\t\t\tbody:not(.hide-focus-outline) .kt-accordion-id11216_1d8f5d-b1 .kt-blocks-accordion-header:focus-visible{color:var(--global-palette3, #1A202C);border-top-color:var(--global-palette3, #1A202C);border-top-style:solid;border-right-color:var(--global-palette3, #1A202C);border-right-style:solid;border-bottom-color:var(--global-palette3, #1A202C);border-bottom-style:solid;border-left-color:var(--global-palette3, #1A202C);border-left-style:solid;}.kt-accordion-id11216_1d8f5d-b1:not( .kt-accodion-icon-style-basiccircle ):not( .kt-accodion-icon-style-xclosecircle ):not( .kt-accodion-icon-style-arrowcircle ) .kt-accordion-header-wrap .kt-blocks-accordion-header:hover .kt-blocks-accordion-icon-trigger:after, .kt-accordion-id11216_1d8f5d-b1:not( .kt-accodion-icon-style-basiccircle ):not( .kt-accodion-icon-style-xclosecircle ):not( .kt-accodion-icon-style-arrowcircle ) .kt-accordion-header-wrap .kt-blocks-accordion-header:hover .kt-blocks-accordion-icon-trigger:before, body:not(.hide-focus-outline) .kt-accordion-id11216_1d8f5d-b1:not( .kt-accodion-icon-style-basiccircle ):not( .kt-accodion-icon-style-xclosecircle ):not( .kt-accodion-icon-style-arrowcircle ) .kt-blocks-accordion--visible .kt-blocks-accordion-icon-trigger:after, body:not(.hide-focus-outline) .kt-accordion-id11216_1d8f5d-b1:not( .kt-accodion-icon-style-basiccircle ):not( .kt-accodion-icon-style-xclosecircle ):not( .kt-accodion-icon-style-arrowcircle ) .kt-blocks-accordion-header:focus-visible .kt-blocks-accordion-icon-trigger:before{background:var(--global-palette5, #4A5568);}.kt-accordion-id11216_1d8f5d-b1:not( .kt-accodion-icon-style-basic ):not( .kt-accodion-icon-style-xclose ):not( .kt-accodion-icon-style-arrow ) .kt-accordion-header-wrap .kt-blocks-accordion-header:hover .kt-blocks-accordion-icon-trigger, body:not(.hide-focus-outline) .kt-accordion-id11216_1d8f5d-b1:not( .kt-accodion-icon-style-basic ):not( .kt-accodion-icon-style-xclose ):not( .kt-accodion-icon-style-arrow ) .kt-accordion-header-wrap .kt-blocks-accordion-header:focus-visible .kt-blocks-accordion-icon-trigger{background:var(--global-palette5, #4A5568);}.kt-accordion-id11216_1d8f5d-b1 .kt-accordion-header-wrap .kt-blocks-accordion-header:focus-visible,\n\t\t\t\t.kt-accordion-id11216_1d8f5d-b1 > .kt-accordion-inner-wrap > .wp-block-kadence-pane > .kt-accordion-header-wrap > .kt-blocks-accordion-header.kt-accordion-panel-active{color:var(--global-palette3, #1A202C);border-top-color:var(--global-palette3, #1A202C);border-top-style:solid;border-right-color:#eeeeee;border-right-style:solid;border-bottom-color:#eeeeee;border-bottom-style:solid;border-left-color:#0e9cd1;border-left-style:solid;}.kt-accordion-id11216_1d8f5d-b1:not( .kt-accodion-icon-style-basiccircle ):not( .kt-accodion-icon-style-xclosecircle ):not( .kt-accodion-icon-style-arrowcircle )  > .kt-accordion-inner-wrap > .wp-block-kadence-pane > .kt-accordion-header-wrap > .kt-blocks-accordion-header.kt-accordion-panel-active .kt-blocks-accordion-icon-trigger:after, .kt-accordion-id11216_1d8f5d-b1:not( .kt-accodion-icon-style-basiccircle ):not( .kt-accodion-icon-style-xclosecircle ):not( .kt-accodion-icon-style-arrowcircle )  > .kt-accordion-inner-wrap > .wp-block-kadence-pane > .kt-accordion-header-wrap > .kt-blocks-accordion-header.kt-accordion-panel-active .kt-blocks-accordion-icon-trigger:before{background:var(--global-palette6, #718096);}.kt-accordion-id11216_1d8f5d-b1:not( .kt-accodion-icon-style-basic ):not( .kt-accodion-icon-style-xclose ):not( .kt-accodion-icon-style-arrow ) .kt-blocks-accordion-header.kt-accordion-panel-active .kt-blocks-accordion-icon-trigger{background:var(--global-palette6, #718096);}@media all and (max-width: 1024px){.kt-accordion-id11216_1d8f5d-b1 .kt-accordion-panel-inner{border-top:0px solid transparent;border-right:0px solid transparent;border-bottom:0px solid var(--global-palette5, #4A5568);border-left:0px solid transparent;}}@media all and (max-width: 1024px){.kt-accordion-id11216_1d8f5d-b1 > .kt-accordion-inner-wrap > .wp-block-kadence-pane > .kt-accordion-header-wrap > .kt-blocks-accordion-header{border-top:1px solid var(--global-palette3, #1A202C);border-right-color:#eeeeee;border-right-style:solid;border-bottom:0px solid var(--global-palette3, #1A202C);border-left-color:#eeeeee;border-left-style:solid;}}@media all and (max-width: 1024px){.kt-accordion-id11216_1d8f5d-b1 > .kt-accordion-inner-wrap > .wp-block-kadence-pane > .kt-accordion-header-wrap > .kt-blocks-accordion-header:hover, \n\t\t\t\tbody:not(.hide-focus-outline) .kt-accordion-id11216_1d8f5d-b1 .kt-blocks-accordion-header:focus-visible{border-top-color:var(--global-palette3, #1A202C);border-top-style:solid;border-right-color:var(--global-palette3, #1A202C);border-right-style:solid;border-bottom-color:var(--global-palette3, #1A202C);border-bottom-style:solid;border-left-color:var(--global-palette3, #1A202C);border-left-style:solid;}}@media all and (max-width: 1024px){.kt-accordion-id11216_1d8f5d-b1 .kt-accordion-header-wrap .kt-blocks-accordion-header:focus-visible,\n\t\t\t\t.kt-accordion-id11216_1d8f5d-b1 > .kt-accordion-inner-wrap > .wp-block-kadence-pane > .kt-accordion-header-wrap > .kt-blocks-accordion-header.kt-accordion-panel-active{border-top-color:var(--global-palette3, #1A202C);border-top-style:solid;border-right-color:#eeeeee;border-right-style:solid;border-bottom-color:#eeeeee;border-bottom-style:solid;border-left-color:#0e9cd1;border-left-style:solid;}}@media all and (max-width: 767px){.kt-accordion-id11216_1d8f5d-b1 .kt-accordion-inner-wrap{display:block;}.kt-accordion-id11216_1d8f5d-b1 .kt-accordion-inner-wrap .kt-accordion-pane:not(:first-child){margin-top:32px;}.kt-accordion-id11216_1d8f5d-b1 .kt-accordion-panel-inner{border-top:0px solid transparent;border-right:0px solid transparent;border-bottom:0px solid var(--global-palette5, #4A5568);border-left:0px solid transparent;padding-top:0px;padding-right:var(--global-kb-spacing-md, 2rem);padding-bottom:var(--global-kb-spacing-md, 2rem);padding-left:var(--global-kb-spacing-md, 2rem);}.kt-accordion-id11216_1d8f5d-b1 > .kt-accordion-inner-wrap > .wp-block-kadence-pane > .kt-accordion-header-wrap > .kt-blocks-accordion-header{border-top:1px solid var(--global-palette3, #1A202C);border-right-color:#eeeeee;border-right-style:solid;border-bottom:0px solid var(--global-palette3, #1A202C);border-left-color:#eeeeee;border-left-style:solid;padding-top:var(--global-kb-spacing-sm, 1.5rem);padding-right:var(--global-kb-spacing-sm, 1.5rem);padding-bottom:var(--global-kb-spacing-sm, 1.5rem);padding-left:var(--global-kb-spacing-sm, 1.5rem);}.kt-accordion-id11216_1d8f5d-b1 > .kt-accordion-inner-wrap > .wp-block-kadence-pane > .kt-accordion-header-wrap > .kt-blocks-accordion-header:hover, \n\t\t\t\tbody:not(.hide-focus-outline) .kt-accordion-id11216_1d8f5d-b1 .kt-blocks-accordion-header:focus-visible{border-top-color:var(--global-palette3, #1A202C);border-top-style:solid;border-right-color:var(--global-palette3, #1A202C);border-right-style:solid;border-bottom-color:var(--global-palette3, #1A202C);border-bottom-style:solid;border-left-color:var(--global-palette3, #1A202C);border-left-style:solid;}.kt-accordion-id11216_1d8f5d-b1 .kt-accordion-header-wrap .kt-blocks-accordion-header:focus-visible,\n\t\t\t\t.kt-accordion-id11216_1d8f5d-b1 > .kt-accordion-inner-wrap > .wp-block-kadence-pane > .kt-accordion-header-wrap > .kt-blocks-accordion-header.kt-accordion-panel-active{border-top-color:var(--global-palette3, #1A202C);border-top-style:solid;border-right-color:#eeeeee;border-right-style:solid;border-bottom-color:#eeeeee;border-bottom-style:solid;border-left-color:#0e9cd1;border-left-style:solid;}}<\/style>\n<div class=\"wp-block-kadence-accordion alignnone\"><div class=\"kt-accordion-wrap kt-accordion-id11216_1d8f5d-b1 kt-accordion-has-4-panes kt-active-pane-0 kt-accordion-block kt-pane-header-alignment-left kt-accodion-icon-style-basic kt-accodion-icon-side-right\" style=\"max-width:none\"><div class=\"kt-accordion-inner-wrap\" data-allow-multiple-open=\"false\" data-start-open=\"none\">\n<div class=\"wp-block-kadence-pane kt-accordion-pane kt-accordion-pane-1 kt-pane11216_aee8c9-e0\"><div class=\"kt-accordion-header-wrap\"><button class=\"kt-blocks-accordion-header kt-acccordion-button-label-show\" type=\"button\"><span class=\"kt-blocks-accordion-title-wrap\"><span class=\"kt-blocks-accordion-title\"><strong>En Savoir Plus<\/strong><\/span><\/span><span class=\"kt-blocks-accordion-icon-trigger\"><\/span><\/button><\/div><div class=\"kt-accordion-panel kt-accordion-panel-hidden\"><div class=\"kt-accordion-panel-inner\"><style>.wp-block-kadence-advancedheading.kt-adv-heading11216_5977a1-41, .wp-block-kadence-advancedheading.kt-adv-heading11216_5977a1-41[data-kb-block=\"kb-adv-heading11216_5977a1-41\"]{font-style:normal;}.wp-block-kadence-advancedheading.kt-adv-heading11216_5977a1-41 mark.kt-highlight, .wp-block-kadence-advancedheading.kt-adv-heading11216_5977a1-41[data-kb-block=\"kb-adv-heading11216_5977a1-41\"] mark.kt-highlight{font-style:normal;color:#f76a0c;-webkit-box-decoration-break:clone;box-decoration-break:clone;padding-top:0px;padding-right:0px;padding-bottom:0px;padding-left:0px;}.wp-block-kadence-advancedheading.kt-adv-heading11216_5977a1-41 img.kb-inline-image, .wp-block-kadence-advancedheading.kt-adv-heading11216_5977a1-41[data-kb-block=\"kb-adv-heading11216_5977a1-41\"] img.kb-inline-image{width:150px;vertical-align:baseline;}<\/style>\n<p class=\"kt-adv-heading11216_5977a1-41 wp-block-kadence-advancedheading has-theme-palette-3-color has-text-color\" data-kb-block=\"kb-adv-heading11216_5977a1-41\">Bienvenue dans l&#8217;espace &#8220;Explorer les Collections&#8221; de mes-pochoirs.com, o\u00f9 notre passion pour la cr\u00e9ation de pochoirs se r\u00e9v\u00e8le dans chaque collection. En tant que cr\u00e9ateurs, nous vous proposons des s\u00e9ries uniques de pochoirs, chacune impr\u00e9gn\u00e9e de son identit\u00e9 et de son th\u00e8me distincts. Que vous soyez artiste, d\u00e9corateur ou amateur de DIY, nos cr\u00e9ations originales sont con\u00e7ues pour stimuler votre imagination et enrichir vos projets. De la pr\u00e9cision des portraits en close-up \u00e0 la libert\u00e9 des motifs abstraits, plongez dans un univers o\u00f9 chaque pochoir est une \u0153uvre d&#8217;art.<\/p>\n<\/div><\/div><\/div>\n<\/div><\/div><\/div>\n\n\n<style>.kadence-column11216_ff9312-2e > .kt-inside-inner-col{padding-top:var(--global-kb-spacing-lg, 3rem);padding-bottom:var(--global-kb-spacing-lg, 3rem);}.kadence-column11216_ff9312-2e > .kt-inside-inner-col,.kadence-column11216_ff9312-2e > .kt-inside-inner-col:before{border-top-left-radius:0px;border-top-right-radius:0px;border-bottom-right-radius:0px;border-bottom-left-radius:0px;}.kadence-column11216_ff9312-2e > .kt-inside-inner-col{column-gap:var(--global-kb-gap-sm, 1rem);}.kadence-column11216_ff9312-2e > .kt-inside-inner-col{flex-direction:column;}.kadence-column11216_ff9312-2e > .kt-inside-inner-col > .aligncenter{width:100%;}.kadence-column11216_ff9312-2e > .kt-inside-inner-col:before{opacity:0.3;}.kadence-column11216_ff9312-2e{position:relative;}@media all and (max-width: 1024px){.kadence-column11216_ff9312-2e > .kt-inside-inner-col{flex-direction:column;justify-content:center;}}@media all and (max-width: 767px){.kadence-column11216_ff9312-2e > .kt-inside-inner-col{padding-top:var(--global-kb-spacing-xs, 1rem);flex-direction:column;justify-content:center;}}<\/style>\n<div class=\"wp-block-kadence-column kadence-column11216_ff9312-2e\"><div class=\"kt-inside-inner-col\"><p>[my_collections_advanced]<\/p>\n<\/div><\/div>\n","protected":false},"excerpt":{"rendered":"<p>Ontdek onze collecties<\/p>","protected":false},"author":1,"featured_media":0,"parent":0,"menu_order":0,"comment_status":"closed","ping_status":"closed","template":"","meta":{"bwfblock_default_font":"","_kad_blocks_custom_css":"","_kad_blocks_head_custom_js":"","_kad_blocks_body_custom_js":"","_kad_blocks_footer_custom_js":"","_kadence_starter_templates_imported_post":false,"_kad_post_transparent":"","_kad_post_title":"","_kad_post_layout":"","_kad_post_sidebar_id":"","_kad_post_content_style":"","_kad_post_vertical_padding":"","_kad_post_feature":"","_kad_post_feature_position":"","_kad_post_header":false,"_kad_post_footer":false,"_kad_post_classname":"","footnotes":""},"class_list":["post-11216","page","type-page","status-publish","hentry"],"taxonomy_info":[],"featured_image_src_large":false,"author_info":{"display_name":"John Beckley","author_link":"https:\/\/mes-pochoirs.com\/nl\/author\/adminjohn"},"comment_info":0,"_links":{"self":[{"href":"https:\/\/mes-pochoirs.com\/nl\/wp-json\/wp\/v2\/pages\/11216","targetHints":{"allow":["GET"]}}],"collection":[{"href":"https:\/\/mes-pochoirs.com\/nl\/wp-json\/wp\/v2\/pages"}],"about":[{"href":"https:\/\/mes-pochoirs.com\/nl\/wp-json\/wp\/v2\/types\/page"}],"author":[{"embeddable":true,"href":"https:\/\/mes-pochoirs.com\/nl\/wp-json\/wp\/v2\/users\/1"}],"replies":[{"embeddable":true,"href":"https:\/\/mes-pochoirs.com\/nl\/wp-json\/wp\/v2\/comments?post=11216"}],"version-history":[{"count":0,"href":"https:\/\/mes-pochoirs.com\/nl\/wp-json\/wp\/v2\/pages\/11216\/revisions"}],"wp:attachment":[{"href":"https:\/\/mes-pochoirs.com\/nl\/wp-json\/wp\/v2\/media?parent=11216"}],"curies":[{"name":"wp","href":"https:\/\/api.w.org\/{rel}","templated":true}]}}