{"id":9197,"date":"2023-05-18T20:22:21","date_gmt":"2023-05-18T18:22:21","guid":{"rendered":"https:\/\/mes-pochoirs.com\/?page_id=9197"},"modified":"2025-04-26T11:07:04","modified_gmt":"2025-04-26T09:07:04","slug":"privacybeleid","status":"publish","type":"page","link":"https:\/\/mes-pochoirs.com\/nl\/politique-de-confidentialite","title":{"rendered":"Privacybeleid"},"content":{"rendered":"<style>.kb-row-layout-id9197_1fa548-c4 > .kt-row-column-wrap{align-content:start;}:where(.kb-row-layout-id9197_1fa548-c4 > .kt-row-column-wrap) > .wp-block-kadence-column{justify-content:start;}.kb-row-layout-id9197_1fa548-c4 > .kt-row-column-wrap{column-gap:var(--global-kb-gap-md, 2rem);row-gap:var(--global-kb-gap-md, 2rem);padding-top:var(--global-kb-spacing-lg, 3rem);padding-bottom:var(--global-kb-spacing-sm, 1.5rem);grid-template-columns:minmax(0, 1fr);}.kb-row-layout-id9197_1fa548-c4 > .kt-row-layout-overlay{opacity:0.30;}@media all and (max-width: 1024px){.kb-row-layout-id9197_1fa548-c4 > .kt-row-column-wrap{grid-template-columns:minmax(0, 1fr);}}@media all and (max-width: 767px){.kb-row-layout-id9197_1fa548-c4 > .kt-row-column-wrap{grid-template-columns:minmax(0, 1fr);}}<\/style><div class=\"kb-row-layout-wrap kb-row-layout-id9197_1fa548-c4 alignnone wp-block-kadence-rowlayout\"><div class=\"kt-row-column-wrap kt-has-1-columns kt-row-layout-equal kt-tab-layout-inherit kt-mobile-layout-row kt-row-valign-top\">\n<style>.kadence-column9197_8cb6a3-2d > .kt-inside-inner-col,.kadence-column9197_8cb6a3-2d > .kt-inside-inner-col:before{border-top-left-radius:0px;border-top-right-radius:0px;border-bottom-right-radius:0px;border-bottom-left-radius:0px;}.kadence-column9197_8cb6a3-2d > .kt-inside-inner-col{column-gap:var(--global-kb-gap-sm, 1rem);}.kadence-column9197_8cb6a3-2d > .kt-inside-inner-col{flex-direction:column;}.kadence-column9197_8cb6a3-2d > .kt-inside-inner-col > .aligncenter{width:100%;}.kadence-column9197_8cb6a3-2d > .kt-inside-inner-col:before{opacity:0.3;}.kadence-column9197_8cb6a3-2d{position:relative;}@media all and (max-width: 1024px){.kadence-column9197_8cb6a3-2d > .kt-inside-inner-col{flex-direction:column;justify-content:center;}}@media all and (max-width: 767px){.kadence-column9197_8cb6a3-2d > .kt-inside-inner-col{flex-direction:column;justify-content:center;}}<\/style>\n<div class=\"wp-block-kadence-column kadence-column9197_8cb6a3-2d\"><div class=\"kt-inside-inner-col\">\n<h1 class=\"wp-block-heading\">Privacybeleid<\/h1>\n<\/div><\/div>\n\n<\/div><\/div>\n\n\n<h2 class=\"wp-block-heading\">1. Inleiding<\/h2>\n\n\n\n<p>De website <strong>Mes-Pochoirs.com<\/strong> (hierna \"wij\", \"ons\", \"onze\") hecht veel belang aan de bescherming van uw persoonlijke gegevens. Het doel van dit privacybeleid is om u duidelijke en transparante informatie te geven over hoe wij uw persoonlijke gegevens verzamelen, gebruiken, opslaan en beschermen, in overeenstemming met de Wet Bescherming Persoonsgegevens. <strong>Algemene verordening gegevensbescherming (GDPR)<\/strong>.<\/p>\n\n\n\n<hr class=\"wp-block-separator has-alpha-channel-opacity\"\/>\n\n\n\n<h2 class=\"wp-block-heading\">2. Verzamelde gegevens<\/h2>\n\n\n\n<p>We verzamelen de volgende persoonlijke gegevens wanneer u onze site gebruikt:<\/p>\n\n\n\n<ul class=\"wp-block-list\">\n<li>Voornaam en achternaam<\/li>\n\n\n\n<li>Postadres<\/li>\n\n\n\n<li>E-mailadres<\/li>\n\n\n\n<li>Telefoonnummer<\/li>\n\n\n\n<li>IP-adres (via cookies)<\/li>\n\n\n\n<li>Inloggegevens (als je een klanten- of VIP-account aanmaakt)<\/li>\n\n\n\n<li>Browsergegevens (bekeken pagina's, duur van het bezoek, enz.)<\/li>\n<\/ul>\n\n\n\n<p>Deze gegevens worden verzameld:<\/p>\n\n\n\n<ul class=\"wp-block-list\">\n<li>Wanneer u een aankoop doet bij de<\/li>\n\n\n\n<li>Wanneer u zich inschrijft voor onze nieuwsbrief<\/li>\n\n\n\n<li>Bij gebruik van het contactformulier<\/li>\n\n\n\n<li>Bij het registreren voor een gebied dat is gereserveerd voor leden<\/li>\n\n\n\n<li>Door middel van cookies, met uw toestemming<\/li>\n<\/ul>\n\n\n\n<hr class=\"wp-block-separator has-alpha-channel-opacity\"\/>\n\n\n\n<h2 class=\"wp-block-heading\">3. Gebruik van gegevens<\/h2>\n\n\n\n<p>Wij gebruiken uw persoonlijke gegevens voor de volgende doeleinden:<\/p>\n\n\n\n<ul class=\"wp-block-list\">\n<li>Om uw bestellingen te verwerken en te verzenden<\/li>\n\n\n\n<li>Je klant- of VIP-account aanmaken en beheren<\/li>\n\n\n\n<li>Om u onze nieuwsbrieven en commerci\u00eble aanbiedingen te sturen (als u daarvoor toestemming hebt gegeven)<\/li>\n\n\n\n<li>Om statistieken over websiteverkeer te analyseren via Google Analytics 4<\/li>\n\n\n\n<li>Om te reageren op uw verzoeken via ons contactformulier<\/li>\n<\/ul>\n\n\n\n<hr class=\"wp-block-separator has-alpha-channel-opacity\"\/>\n\n\n\n<h2 class=\"wp-block-heading\">4. Wettelijke basis voor verwerking<\/h2>\n\n\n\n<p>Onder de GDPR verwerken wij uw persoonlijke gegevens op de volgende rechtsgronden:<\/p>\n\n\n\n<ul class=\"wp-block-list\">\n<li><strong>Uitvoering van een contract<\/strong> : verwerking en levering van uw bestellingen<\/li>\n\n\n\n<li><strong>Toestemming<\/strong> nieuwsbriefregistratie, cookies, VIP-ruimte<\/li>\n\n\n\n<li><strong>Gerechtvaardigd belang<\/strong> : verbeterde gebruikerservaring en statistische analyse (geanonimiseerde gegevens)<\/li>\n<\/ul>\n\n\n\n<hr class=\"wp-block-separator has-alpha-channel-opacity\"\/>\n\n\n\n<h2 class=\"wp-block-heading\">5. Google Analytics<\/h2>\n\n\n\n<p>We gebruiken <strong>Google Analytics 4<\/strong>een webanalysedienst van Google Ireland Ltd.<br>Google Analytics verzamelt anonieme gegevens over uw gebruik van de website, zodat we kunnen begrijpen hoe de website wordt gebruikt en de inhoud ervan kunnen verbeteren.<br>Deze gegevens zijn <strong>geanonimiseerd<\/strong> en staan niet toe dat u persoonlijk wordt ge\u00efdentificeerd.<\/p>\n\n\n\n<p>Er worden geen Google Analytics-gegevens verzameld <strong>voor het verkrijgen van uw toestemming<\/strong>in overeenstemming met de huidige regelgeving.<\/p>\n\n\n\n<hr class=\"wp-block-separator has-alpha-channel-opacity\"\/>\n\n\n\n<h2 class=\"wp-block-heading\">6. Cookies en toestemming<\/h2>\n\n\n\n<p>We gebruiken de <strong>Compliancy<\/strong> om uw toestemming voor het gebruik van cookies te verzamelen en te beheren.<\/p>\n\n\n\n<p>Bij uw eerste bezoek informeert een toestemmingsbanner u over de gebruikte cookies. U kunt dan <strong>accepteren, weigeren of aanpassen<\/strong> jouw keuzes.<br>U kunt <strong>je voorkeuren op elk moment wijzigen<\/strong> door te klikken op de link \"Cookies beheren\" onderaan de pagina.<\/p>\n\n\n\n<p>Essenti\u00eble cookies (zoals het winkelmandje) zijn standaard geactiveerd omdat ze nodig zijn om de site goed te laten functioneren.<\/p>\n\n\n\n<hr class=\"wp-block-separator has-alpha-channel-opacity\"\/>\n\n\n\n<h2 class=\"wp-block-heading\">7. Delen van gegevens<\/h2>\n\n\n\n<p>Wij verkopen, verhuren of delen uw persoonlijke gegevens nooit met derden, tenzij dit noodzakelijk is voor :<\/p>\n\n\n\n<ul class=\"wp-block-list\">\n<li>Het verwerken van je bestelling (bijv. vervoerder, betalingsoplossing)<\/li>\n\n\n\n<li>Juridische redenen (bijv. verzoek van een gerechtelijke instantie)<\/li>\n<\/ul>\n\n\n\n<hr class=\"wp-block-separator has-alpha-channel-opacity\"\/>\n\n\n\n<h2 class=\"wp-block-heading\">8. Beveiliging van gegevens<\/h2>\n\n\n\n<p>We treffen technische en organisatorische maatregelen om uw gegevens te beveiligen.<br>Uw gegevens worden opgeslagen op beveiligde servers en <strong>geen bankgegevens<\/strong> wordt opgeslagen op onze site.<\/p>\n\n\n\n<hr class=\"wp-block-separator has-alpha-channel-opacity\"\/>\n\n\n\n<h2 class=\"wp-block-heading\">9. Uw rechten<\/h2>\n\n\n\n<p>In overeenstemming met de RGPD heeft u de volgende rechten:<\/p>\n\n\n\n<ul class=\"wp-block-list\">\n<li>Recht op toegang tot uw gegevens<\/li>\n\n\n\n<li>Recht op correctie<\/li>\n\n\n\n<li>Recht op wissen (recht om vergeten te worden)<\/li>\n\n\n\n<li>Recht op beperking van de verwerking<\/li>\n\n\n\n<li>Recht op bezwaar<\/li>\n\n\n\n<li>Recht op overdraagbaarheid<\/li>\n<\/ul>\n\n\n\n<p>\ud83d\udce9 Om deze rechten uit te oefenen, kunt u contact met ons opnemen via : <strong><a class=\"\">contact@mes-pochoirs.com<\/a><\/strong><\/p>\n\n\n\n<hr class=\"wp-block-separator has-alpha-channel-opacity\"\/>\n\n\n\n<h2 class=\"wp-block-heading\">10. Wijzigingen in het privacybeleid<\/h2>\n\n\n\n<p>We kunnen dit beleid te allen tijde wijzigen. In het geval van een belangrijke wijziging kan er bij uw volgende bezoek een nieuw verzoek om toestemming worden weergegeven.<\/p>\n\n\n\n<hr class=\"wp-block-separator has-alpha-channel-opacity\"\/>\n\n\n\n<h3 class=\"wp-block-heading\">Laatst bijgewerkt: april 2025<\/h3>\n\n\n\n<p><\/p>","protected":false},"excerpt":{"rendered":"<p>Politique de confidentialit\u00e9 1. Introduction Le site Mes-Pochoirs.com (ci-apr\u00e8s \u00ab nous \u00bb, \u00ab notre \u00bb, \u00ab nos \u00bb) accorde une grande importance \u00e0 la protection de vos donn\u00e9es personnelles. La pr\u00e9sente politique de confidentialit\u00e9 a pour objectif de vous informer de mani\u00e8re claire et transparente sur la mani\u00e8re dont nous collectons, utilisons, stockons et prot\u00e9geons&#8230;<\/p>","protected":false},"author":1,"featured_media":0,"parent":0,"menu_order":0,"comment_status":"closed","ping_status":"closed","template":"","meta":{"bwfblock_default_font":"","_kad_blocks_custom_css":"","_kad_blocks_head_custom_js":"","_kad_blocks_body_custom_js":"","_kad_blocks_footer_custom_js":"","_kadence_starter_templates_imported_post":false,"_kad_post_transparent":"","_kad_post_title":"","_kad_post_layout":"","_kad_post_sidebar_id":"","_kad_post_content_style":"","_kad_post_vertical_padding":"","_kad_post_feature":"","_kad_post_feature_position":"","_kad_post_header":false,"_kad_post_footer":false,"_kad_post_classname":"","footnotes":""},"class_list":["post-9197","page","type-page","status-publish","hentry"],"taxonomy_info":[],"featured_image_src_large":false,"author_info":{"display_name":"John Beckley","author_link":"https:\/\/mes-pochoirs.com\/nl\/author\/adminjohn"},"comment_info":0,"_links":{"self":[{"href":"https:\/\/mes-pochoirs.com\/nl\/wp-json\/wp\/v2\/pages\/9197","targetHints":{"allow":["GET"]}}],"collection":[{"href":"https:\/\/mes-pochoirs.com\/nl\/wp-json\/wp\/v2\/pages"}],"about":[{"href":"https:\/\/mes-pochoirs.com\/nl\/wp-json\/wp\/v2\/types\/page"}],"author":[{"embeddable":true,"href":"https:\/\/mes-pochoirs.com\/nl\/wp-json\/wp\/v2\/users\/1"}],"replies":[{"embeddable":true,"href":"https:\/\/mes-pochoirs.com\/nl\/wp-json\/wp\/v2\/comments?post=9197"}],"version-history":[{"count":0,"href":"https:\/\/mes-pochoirs.com\/nl\/wp-json\/wp\/v2\/pages\/9197\/revisions"}],"wp:attachment":[{"href":"https:\/\/mes-pochoirs.com\/nl\/wp-json\/wp\/v2\/media?parent=9197"}],"curies":[{"name":"wp","href":"https:\/\/api.w.org\/{rel}","templated":true}]}}