{"id":11297,"date":"2023-12-15T10:42:40","date_gmt":"2023-12-15T09:42:40","guid":{"rendered":"https:\/\/mes-pochoirs.com\/?post_type=product&#038;p=11297"},"modified":"2025-10-31T11:59:53","modified_gmt":"2025-10-31T10:59:53","slug":"close-up-gezichtstencil-cu0006","status":"publish","type":"product","link":"https:\/\/mes-pochoirs.com\/nl\/produit\/pochoir-close-up-visage-cu0006","title":{"rendered":"Close-up gezicht sjabloon - CU0006"},"content":{"rendered":"<h2>Close-up gezicht sjabloon<\/h2>\n<h3>Een exclusief unieke serie<\/h3>\n<p>Ontdek onze \"Close-Up Visage\" sjabloon, een juweel in onze \"Expressions en Close-Up\" collectie. Elk stuk is ontworpen om een kunstwerk op zich te zijn, dat een individuele stijl weerspiegelt. <strong>uniek ontwerp ge\u00efnspireerd op Pop Art<\/strong>. Het is niet zomaar een stencil, maar een uitnodiging om je onder te dompelen in een artistiek universum waar elk gezicht een verhaal vertelt. Met zijn gedurfde weergave van vrouwelijke gezichten is dit stencil een bron van inspiratie, ideaal voor kunstenaars die de essentie van moderniteit en emotie willen vastleggen.<\/p>\n<h3>Creatieve flexibiliteit en superieure kwaliteit<\/h3>\n<p>La polyvalence de nos pochoirs s&#8217;adapte \u00e0 tous vos projets artistiques. Disponibles en diff\u00e9rentes tailles, ils sont fabriqu\u00e9s en plastique durable de haute qualit\u00e9. Leurs caract\u00e9ristiques r\u00e9utilisables et r\u00e9versibles en font un choix parfait pour diverses surfaces. Laissez libre cours \u00e0 votre cr\u00e9ativit\u00e9, que ce soit avec de la peinture acrylique, aquarelle, ou d&#8217;autres techniques. Notre pochoir est parfait pour tous les artistes, des plus exp\u00e9riment\u00e9s aux d\u00e9butants. Il permet une grande libert\u00e9 d&#8217;expression et s&#8217;adapte \u00e0 divers supports et techniques. Avec notre pochoir, <strong>krijgen je artistieke projecten een nieuwe dimensie<\/strong>Een merk van kwaliteit en originaliteit.<\/p>\n<h3>Meer informatie:<\/h3>\n<ul>\n<li>Dimensions: De\u00a040x50cm \u00e0 100 x 125 cm (s\u00e9lectionnez la taille qui convient \u00e0 votre projet parmi les options propos\u00e9es)<\/li>\n<li>Materiaal: Hoogwaardig plastic, flexibel en ultra-bestendig, levenslang herbruikbaar mits goed onderhouden.<\/li>\n<li>Format du pochoir: Portrait (4:5)<\/li>\n<li>R\u00e9f\u00e9rence: CU0006<\/li>\n<\/ul>","protected":false},"excerpt":{"rendered":"<p><strong>Close-up gezicht sjabloon<\/strong> voor onbewerkt artwork. Hoge kwaliteit, verkrijgbaar in verschillende maten, herbruikbaar naar believen.<\/p>","protected":false},"featured_media":11118,"comment_status":"open","ping_status":"closed","template":"","meta":{"bwfblock_default_font":"","_kad_blocks_custom_css":"","_kad_blocks_head_custom_js":"","_kad_blocks_body_custom_js":"","_kad_blocks_footer_custom_js":"","_kadence_starter_templates_imported_post":false,"_kad_post_transparent":"default","_kad_post_title":"","_kad_post_layout":"default","_kad_post_sidebar_id":"","_kad_post_content_style":"default","_kad_post_vertical_padding":"default","_kad_post_feature":"","_kad_post_feature_position":"","_kad_post_header":false,"_kad_post_footer":false,"_kad_post_classname":""},"product_brand":[1415],"product_cat":[486,485,481,332,36],"product_tag":[489,492,491,359,490,476,333,338],"class_list":{"0":"post-11297","1":"product","2":"type-product","3":"status-publish","4":"has-post-thumbnail","6":"product_brand-mes-pochoirs","7":"product_cat-expressions-en-close-up","8":"product_cat-close-up","9":"product_cat-collections","10":"product_cat-pochoirs-pop-art","11":"product_cat-pochoirs-portraits-visages","12":"product_tag-close-up","13":"product_tag-collection","14":"product_tag-expression","15":"product_tag-femme","16":"product_tag-gros-plan","17":"product_tag-pochoir","18":"product_tag-pop-art","19":"product_tag-visage","21":"first","22":"instock","23":"taxable","24":"shipping-taxable","25":"purchasable","26":"product-type-variable","27":"entry","28":"content-bg","29":"loop-entry"},"taxonomy_info":{"product_brand":[{"value":1415,"label":"Mes Pochoirs"}],"product_cat":[{"value":486,"label":"Expressions en Close-Up"},{"value":485,"label":"Close-Up"},{"value":481,"label":"Collections"},{"value":332,"label":"Pop Art"},{"value":36,"label":"Portraits &amp; Visages"}],"product_tag":[{"value":489,"label":"Close-Up"},{"value":492,"label":"collection"},{"value":491,"label":"expression"},{"value":359,"label":"femme"},{"value":490,"label":"Gros plan"},{"value":476,"label":"pochoir"},{"value":333,"label":"pop art"},{"value":338,"label":"visage"}]},"featured_image_src_large":["https:\/\/mes-pochoirs.com\/wp-content\/uploads\/2023\/12\/CU0006-FR-pochoir-Close-Up-Visage-4-5-copyright-mes-pochoirs-com-858x1030.jpg",858,1030,true],"author_info":[],"comment_info":1,"_links":{"self":[{"href":"https:\/\/mes-pochoirs.com\/nl\/wp-json\/wp\/v2\/product\/11297","targetHints":{"allow":["GET"]}}],"collection":[{"href":"https:\/\/mes-pochoirs.com\/nl\/wp-json\/wp\/v2\/product"}],"about":[{"href":"https:\/\/mes-pochoirs.com\/nl\/wp-json\/wp\/v2\/types\/product"}],"replies":[{"embeddable":true,"href":"https:\/\/mes-pochoirs.com\/nl\/wp-json\/wp\/v2\/comments?post=11297"}],"wp:featuredmedia":[{"embeddable":true,"href":"https:\/\/mes-pochoirs.com\/nl\/wp-json\/wp\/v2\/media\/11118"}],"wp:attachment":[{"href":"https:\/\/mes-pochoirs.com\/nl\/wp-json\/wp\/v2\/media?parent=11297"}],"wp:term":[{"taxonomy":"product_brand","embeddable":true,"href":"https:\/\/mes-pochoirs.com\/nl\/wp-json\/wp\/v2\/product_brand?post=11297"},{"taxonomy":"product_cat","embeddable":true,"href":"https:\/\/mes-pochoirs.com\/nl\/wp-json\/wp\/v2\/product_cat?post=11297"},{"taxonomy":"product_tag","embeddable":true,"href":"https:\/\/mes-pochoirs.com\/nl\/wp-json\/wp\/v2\/product_tag?post=11297"}],"curies":[{"name":"wp","href":"https:\/\/api.w.org\/{rel}","templated":true}]}}