{"id":11671,"date":"2024-01-19T12:00:30","date_gmt":"2024-01-19T11:00:30","guid":{"rendered":"https:\/\/mes-pochoirs.com\/?post_type=product&#038;p=11671"},"modified":"2025-10-31T12:00:21","modified_gmt":"2025-10-31T11:00:21","slug":"medeplichtige-liefde-stencil-el0002","status":"publish","type":"product","link":"https:\/\/mes-pochoirs.com\/nl\/produit\/pochoir-complicite-amoureuse-el0002","title":{"rendered":"Medeplichtigheid in de liefde sjabloon - EL0002"},"content":{"rendered":"<h2>Pochoir Complicit\u00e9 Amoureuse<\/h2>\n<h3>De essentie van liefde vastleggen<\/h3>\n<p>De \"Complicit\u00e9 Amoureuse\" stencil, uit onze exclusieve \"Expressions of Love\" collectie, legt het beeld vast van een koppel in een intiem en gepassioneerd moment. Dit stencil is meer dan alleen een hulpmiddel, het is een venster op de diepste emoties, waar elke streek een levendig liefdesverhaal tekent. Perfect voor liefhebbers van romantische kunst, dit stencil brengt een vleugje po\u00ebzie en elegantie op elk oppervlak.<\/p>\n<h3>Een stedelijk tintje voor je huis<\/h3>\n<p>Voeg een verrassingselement en authenticiteit toe aan je inrichting met onze op street art ge\u00efnspireerde producten. Of je nu een liefhebber van urban art bent of gewoon op zoek naar een uniek decoratief element, onze stukken zullen je ruimte transformeren. Ze voegen een modern tintje en een uitgesproken karakter toe aan elke kamer en weerspiegelen je smaak voor hedendaagse kunst en je waardering voor de uitingen van urban art.<\/p>\n<h3>Exclusief ontwerp en vakmanschap van hoge kwaliteit<\/h3>\n<p>Imagin\u00e9 et dessin\u00e9 par nos artistes talentueux, le design de &#8220;Complicit\u00e9 Amoureuse&#8221; est unique. Vous ne trouverez cette oeuvre d&#8217;art nulle part ailleurs ! Chaque pochoir, d\u00e9coup\u00e9 avec pr\u00e9cision dans un plastique r\u00e9sistant de haute qualit\u00e9, est le fruit d&#8217;un savoir-faire artisanal raffin\u00e9. R\u00e9utilisable, r\u00e9versible et facile \u00e0 entretenir, il est parfait pour des cr\u00e9ations multiples, sur tous supports : toiles, murs, papier, bois, et bien plus. Ce pochoir de format carr\u00e9 1:1, disponible en plusieurs tailles, est id\u00e9al pour tous vos projets artistiques, des plus petits aux plus grands. Sa facilit\u00e9 d&#8217;application permet \u00e0 chacun, amateur ou artiste confirm\u00e9, de r\u00e9aliser des oeuvres spectaculaires. Que ce soit \u00e0 la peinture acrylique, \u00e0 l&#8217;aquarelle ou \u00e0 la bombe, laissez libre cours \u00e0 votre imagination et cr\u00e9ez des chefs-d&#8217;oeuvre empreints d&#8217;amour et de passion.<\/p>","protected":false},"excerpt":{"rendered":"<p><strong data-start=\"740\" data-end=\"772\">Pochoir Complicit\u00e9 Amoureuse<\/strong> r\u00e9versible et durable, id\u00e9al pour cr\u00e9er une oeuvre unique sur toile ou mur. Plusieurs tailles disponibles.<\/p>","protected":false},"featured_media":11640,"comment_status":"open","ping_status":"closed","template":"","meta":{"bwfblock_default_font":"","_kad_blocks_custom_css":"","_kad_blocks_head_custom_js":"","_kad_blocks_body_custom_js":"","_kad_blocks_footer_custom_js":"","_kadence_starter_templates_imported_post":false,"_kad_post_transparent":"default","_kad_post_title":"","_kad_post_layout":"default","_kad_post_sidebar_id":"","_kad_post_content_style":"default","_kad_post_vertical_padding":"default","_kad_post_feature":"","_kad_post_feature_position":"","_kad_post_header":false,"_kad_post_footer":false,"_kad_post_classname":""},"product_brand":[1415],"product_cat":[504,481,36,1138,328],"product_tag":[325,507,497,508,492,506,509,491,359,490,505,510,296,476,333,390,327,286],"class_list":{"0":"post-11671","1":"product","2":"type-product","3":"status-publish","4":"has-post-thumbnail","6":"product_brand-mes-pochoirs","7":"product_cat-expressions-of-love","8":"product_cat-collections","9":"product_cat-pochoirs-portraits-visages","10":"product_cat-pochoirs-saint-valentin","11":"product_cat-pochoirs-street-art","12":"product_tag-amour","13":"product_tag-amoureux","14":"product_tag-art-urbain","15":"product_tag-baiser","16":"product_tag-collection","17":"product_tag-couple","18":"product_tag-embrasser","19":"product_tag-expression","20":"product_tag-femme","21":"product_tag-gros-plan","22":"product_tag-homme","23":"product_tag-kiss","24":"product_tag-love","25":"product_tag-pochoir","26":"product_tag-pop-art","27":"product_tag-portrait","28":"product_tag-street-art","29":"product_tag-urbain","31":"first","32":"instock","33":"taxable","34":"shipping-taxable","35":"purchasable","36":"product-type-variable","37":"entry","38":"content-bg","39":"loop-entry"},"taxonomy_info":{"product_brand":[{"value":1415,"label":"Mes Pochoirs"}],"product_cat":[{"value":504,"label":"Expressions of Love"},{"value":481,"label":"Collections"},{"value":36,"label":"Portraits &amp; Visages"},{"value":1138,"label":"Saint-Valentin"},{"value":328,"label":"Street Art"}],"product_tag":[{"value":325,"label":"amour"},{"value":507,"label":"amoureux"},{"value":497,"label":"Art urbain"},{"value":508,"label":"baiser"},{"value":492,"label":"collection"},{"value":506,"label":"couple"},{"value":509,"label":"embrasser"},{"value":491,"label":"expression"},{"value":359,"label":"femme"},{"value":490,"label":"Gros plan"},{"value":505,"label":"homme"},{"value":510,"label":"kiss"},{"value":296,"label":"Love"},{"value":476,"label":"pochoir"},{"value":333,"label":"pop art"},{"value":390,"label":"portrait"},{"value":327,"label":"street art"},{"value":286,"label":"urbain"}]},"featured_image_src_large":["https:\/\/mes-pochoirs.com\/wp-content\/uploads\/2024\/01\/EL0002-FR-pochoir-Expressions-Of-Love-1-1-copyright-mes-pochoirs-com-858x1030.jpg",858,1030,true],"author_info":[],"comment_info":0,"_links":{"self":[{"href":"https:\/\/mes-pochoirs.com\/nl\/wp-json\/wp\/v2\/product\/11671","targetHints":{"allow":["GET"]}}],"collection":[{"href":"https:\/\/mes-pochoirs.com\/nl\/wp-json\/wp\/v2\/product"}],"about":[{"href":"https:\/\/mes-pochoirs.com\/nl\/wp-json\/wp\/v2\/types\/product"}],"replies":[{"embeddable":true,"href":"https:\/\/mes-pochoirs.com\/nl\/wp-json\/wp\/v2\/comments?post=11671"}],"wp:featuredmedia":[{"embeddable":true,"href":"https:\/\/mes-pochoirs.com\/nl\/wp-json\/wp\/v2\/media\/11640"}],"wp:attachment":[{"href":"https:\/\/mes-pochoirs.com\/nl\/wp-json\/wp\/v2\/media?parent=11671"}],"wp:term":[{"taxonomy":"product_brand","embeddable":true,"href":"https:\/\/mes-pochoirs.com\/nl\/wp-json\/wp\/v2\/product_brand?post=11671"},{"taxonomy":"product_cat","embeddable":true,"href":"https:\/\/mes-pochoirs.com\/nl\/wp-json\/wp\/v2\/product_cat?post=11671"},{"taxonomy":"product_tag","embeddable":true,"href":"https:\/\/mes-pochoirs.com\/nl\/wp-json\/wp\/v2\/product_tag?post=11671"}],"curies":[{"name":"wp","href":"https:\/\/api.w.org\/{rel}","templated":true}]}}