{"id":11715,"date":"2024-01-19T12:00:18","date_gmt":"2024-01-19T11:00:18","guid":{"rendered":"https:\/\/mes-pochoirs.com\/?post_type=product&#038;p=11715"},"modified":"2025-10-31T12:00:28","modified_gmt":"2025-10-31T11:00:28","slug":"stencil-eeuwige-kus-el0005","status":"publish","type":"product","link":"https:\/\/mes-pochoirs.com\/nl\/produit\/pochoir-baiser-eternel-el0005","title":{"rendered":"Eeuwige kus sjabloon - EL0005"},"content":{"rendered":"<h2>Eeuwige kus sjabloon<\/h2>\n<h3>Sublieme intimiteit vastleggen<\/h3>\n<p>D\u00e9couvrez notre magnifique pochoir &#8220;Baiser Eternel&#8221;, une v\u00e9ritable \u0153uvre d&#8217;art capturant l&#8217;essence m\u00eame de l&#8217;amour. Ce pochoir d\u00e9peint un couple d\u2019amoureux s&#8217;embrassant, dans un moment de tendresse et de d\u00e9sir profond, offrant une repr\u00e9sentation intime et touchante de l&#8217;affection. Parfait pour ajouter une touche de romantisme et de passion \u00e0 votre espace, ce pochoir est un hommage \u00e0 l&#8217;amour \u00e9ternel. Le pochoir &#8220;Baiser Eternel&#8221; s&#8217;inscrit dans une longue tradition artistique qui c\u00e9l\u00e8bre les couples dans l&#8217;art. Du Pop Art au street art, les portraits de couples ont toujours eu une place significative, capturant des moments d&#8217;intimit\u00e9, de complicit\u00e9 et d&#8217;amour. Ce pochoir est un moyen id\u00e9al pour explorer ces th\u00e8mes artistiques et exprimer votre propre vision de l&#8217;amour.<\/p>\n<h3>Een uniek meesterwerk van straatkunst<\/h3>\n<p>Dit exclusieve straatkunststencil maakt deel uit van onze prestigieuze \"Expressions of Love\"-collectie en is het resultaat van een origineel en creatief ontwerp door ons team. Elk stuk is een uitnodiging om de verschillende uitingen van liefde door middel van urban art te verkennen, waardoor elke creatie met dit stencil uniek en speciaal is.<\/p>\n<h3>Artistieke kwaliteit en veelzijdigheid<\/h3>\n<p>Onze \"Eternal Kiss\" stencil is ontworpen voor al je artistieke projecten. Het is verkrijgbaar in verschillende maten en in 4:5 staand formaat, en is gemaakt in onze werkplaats met behulp van traditioneel vakmanschap. Dit stencil is gemaakt van slijtvast plastic van hoge kwaliteit, is herbruikbaar, omkeerbaar en gemakkelijk te onderhouden, en is compatibel met alle media en schildertechnieken.<\/p>","protected":false},"excerpt":{"rendered":"<p><strong>Eeuwige kus sjabloon<\/strong> om een uniek kunstwerk te maken. Hoge kwaliteit, herbruikbaar en verkrijgbaar in verschillende maten voor schilderen en kunst.<\/p>","protected":false},"featured_media":11643,"comment_status":"open","ping_status":"closed","template":"","meta":{"bwfblock_default_font":"","_kad_blocks_custom_css":"","_kad_blocks_head_custom_js":"","_kad_blocks_body_custom_js":"","_kad_blocks_footer_custom_js":"","_kadence_starter_templates_imported_post":false,"_kad_post_transparent":"default","_kad_post_title":"","_kad_post_layout":"default","_kad_post_sidebar_id":"","_kad_post_content_style":"default","_kad_post_vertical_padding":"default","_kad_post_feature":"","_kad_post_feature_position":"","_kad_post_header":false,"_kad_post_footer":false,"_kad_post_classname":""},"product_brand":[1415],"product_cat":[504,481,36,1138,328],"product_tag":[325,507,497,508,492,512,509,491,359,505,296,511,333,390,327],"class_list":{"0":"post-11715","1":"product","2":"type-product","3":"status-publish","4":"has-post-thumbnail","6":"product_brand-mes-pochoirs","7":"product_cat-expressions-of-love","8":"product_cat-collections","9":"product_cat-pochoirs-portraits-visages","10":"product_cat-pochoirs-saint-valentin","11":"product_cat-pochoirs-street-art","12":"product_tag-amour","13":"product_tag-amoureux","14":"product_tag-art-urbain","15":"product_tag-baiser","16":"product_tag-collection","17":"product_tag-duo","18":"product_tag-embrasser","19":"product_tag-expression","20":"product_tag-femme","21":"product_tag-homme","22":"product_tag-love","23":"product_tag-passion","24":"product_tag-pop-art","25":"product_tag-portrait","26":"product_tag-street-art","28":"first","29":"instock","30":"taxable","31":"shipping-taxable","32":"purchasable","33":"product-type-variable","34":"entry","35":"content-bg","36":"loop-entry"},"taxonomy_info":{"product_brand":[{"value":1415,"label":"Mes Pochoirs"}],"product_cat":[{"value":504,"label":"Expressions of Love"},{"value":481,"label":"Collections"},{"value":36,"label":"Portraits &amp; Visages"},{"value":1138,"label":"Saint-Valentin"},{"value":328,"label":"Street Art"}],"product_tag":[{"value":325,"label":"amour"},{"value":507,"label":"amoureux"},{"value":497,"label":"Art urbain"},{"value":508,"label":"baiser"},{"value":492,"label":"collection"},{"value":512,"label":"duo"},{"value":509,"label":"embrasser"},{"value":491,"label":"expression"},{"value":359,"label":"femme"},{"value":505,"label":"homme"},{"value":296,"label":"Love"},{"value":511,"label":"passion"},{"value":333,"label":"pop art"},{"value":390,"label":"portrait"},{"value":327,"label":"street art"}]},"featured_image_src_large":["https:\/\/mes-pochoirs.com\/wp-content\/uploads\/2024\/01\/EL0005-FR-pochoir-Expressions-Of-Love-4-5-copyright-mes-pochoirs-com-858x1030.jpg",858,1030,true],"author_info":[],"comment_info":1,"_links":{"self":[{"href":"https:\/\/mes-pochoirs.com\/nl\/wp-json\/wp\/v2\/product\/11715","targetHints":{"allow":["GET"]}}],"collection":[{"href":"https:\/\/mes-pochoirs.com\/nl\/wp-json\/wp\/v2\/product"}],"about":[{"href":"https:\/\/mes-pochoirs.com\/nl\/wp-json\/wp\/v2\/types\/product"}],"replies":[{"embeddable":true,"href":"https:\/\/mes-pochoirs.com\/nl\/wp-json\/wp\/v2\/comments?post=11715"}],"wp:featuredmedia":[{"embeddable":true,"href":"https:\/\/mes-pochoirs.com\/nl\/wp-json\/wp\/v2\/media\/11643"}],"wp:attachment":[{"href":"https:\/\/mes-pochoirs.com\/nl\/wp-json\/wp\/v2\/media?parent=11715"}],"wp:term":[{"taxonomy":"product_brand","embeddable":true,"href":"https:\/\/mes-pochoirs.com\/nl\/wp-json\/wp\/v2\/product_brand?post=11715"},{"taxonomy":"product_cat","embeddable":true,"href":"https:\/\/mes-pochoirs.com\/nl\/wp-json\/wp\/v2\/product_cat?post=11715"},{"taxonomy":"product_tag","embeddable":true,"href":"https:\/\/mes-pochoirs.com\/nl\/wp-json\/wp\/v2\/product_tag?post=11715"}],"curies":[{"name":"wp","href":"https:\/\/api.w.org\/{rel}","templated":true}]}}