{"id":12068,"date":"2024-02-02T09:00:33","date_gmt":"2024-02-02T08:00:33","guid":{"rendered":"https:\/\/mes-pochoirs.com\/?post_type=product&#038;p=12068"},"modified":"2025-10-31T12:01:21","modified_gmt":"2025-10-31T11:01:21","slug":"amour-denfants-urbains-stencil-an0002","status":"publish","type":"product","link":"https:\/\/mes-pochoirs.com\/nl\/produit\/pochoir-amour-denfants-urbains-an0002","title":{"rendered":"Urban Children's Love\" stencil - AN0002"},"content":{"rendered":"<h2>Pochoir &#8220;Amour d&#8217;Enfants Urbains&#8221;<\/h2>\n<h3>Une Ode \u00e0 l&#8217;Innocence et \u00e0 l&#8217;Amour<\/h3>\n<p>Dompel jezelf onder in de ontroerende en inspirerende wereld van onze \"Amour Naissant\" collectie met het sjabloon \"Amour d'Enfants Urbains\". Dit meesterwerk toont twee kinderen, een meisje en een jongen, verenigd in een moment van stedelijke puurheid waar de jongen, gewapend met een spuitbus verf, zijn expressie de vrije loop laat door een hart op een muur te tekenen. Dit tableau vivant is een viering van pure liefde, onschuld, tederheid en oprechte emotie, allemaal uitvergroot door de rauwe, authentieke essentie van straatkunst. Dit unieke ontwerp is exclusief door ons team bedacht en gemaakt, zodat je zoiets nergens anders zult vinden.<\/p>\n<h3>Aanpassingsvermogen en vakmanschap<\/h3>\n<p>Onze stencil \"Amour d'Enfants Urbains\" heeft een vierkant formaat en is verkrijgbaar in verschillende maten voor al je creatieve projecten. Elke sjabloon wordt met passie gemaakt in ons atelier en is het resultaat van vakmanschap, ontworpen in hoogwaardig, resistent plastic voor uitzonderlijke duurzaamheid en onderhoudsgemak. Ze zijn herbruikbaar en omkeerbaar, ideaal voor een veelheid aan oppervlakken en beloven een eenvoudige en leuke toepassing, of je nu kwasten, spuitverf of andere methoden gebruikt.<\/p>","protected":false},"excerpt":{"rendered":"<p><strong>Pochoir Amour d&#8217;Enfants Urbains<\/strong> pour artistes : r\u00e9versible, durable et parfait pour cr\u00e9er une \u0153uvre street art unique et pleine d\u2019\u00e9motion.<\/p>","protected":false},"featured_media":12059,"comment_status":"open","ping_status":"closed","template":"","meta":{"bwfblock_default_font":"","_kad_blocks_custom_css":"","_kad_blocks_head_custom_js":"","_kad_blocks_body_custom_js":"","_kad_blocks_footer_custom_js":"","_kadence_starter_templates_imported_post":false,"_kad_post_transparent":"default","_kad_post_title":"","_kad_post_layout":"default","_kad_post_sidebar_id":"","_kad_post_content_style":"default","_kad_post_vertical_padding":"default","_kad_post_feature":"","_kad_post_feature_position":"","_kad_post_header":false,"_kad_post_footer":false,"_kad_post_classname":""},"product_brand":[1415],"product_cat":[526,481,1138,328],"product_tag":[325,507,497,236,492,506,527,528,529,296,476,503,327,287,286],"class_list":{"0":"post-12068","1":"product","2":"type-product","3":"status-publish","4":"has-post-thumbnail","6":"product_brand-mes-pochoirs","7":"product_cat-amour-naissant","8":"product_cat-collections","9":"product_cat-pochoirs-saint-valentin","10":"product_cat-pochoirs-street-art","11":"product_tag-amour","12":"product_tag-amoureux","13":"product_tag-art-urbain","14":"product_tag-coeur","15":"product_tag-collection","16":"product_tag-couple","17":"product_tag-enfants","18":"product_tag-fille","19":"product_tag-garcon","20":"product_tag-love","21":"product_tag-pochoir","22":"product_tag-rue","23":"product_tag-street-art","24":"product_tag-tag","25":"product_tag-urbain","27":"first","28":"instock","29":"taxable","30":"shipping-taxable","31":"purchasable","32":"product-type-variable","33":"entry","34":"content-bg","35":"loop-entry"},"taxonomy_info":{"product_brand":[{"value":1415,"label":"Mes Pochoirs"}],"product_cat":[{"value":526,"label":"Amour Naissant"},{"value":481,"label":"Collections"},{"value":1138,"label":"Saint-Valentin"},{"value":328,"label":"Street Art"}],"product_tag":[{"value":325,"label":"amour"},{"value":507,"label":"amoureux"},{"value":497,"label":"Art urbain"},{"value":236,"label":"coeur"},{"value":492,"label":"collection"},{"value":506,"label":"couple"},{"value":527,"label":"enfants"},{"value":528,"label":"fille"},{"value":529,"label":"gar\u00e7on"},{"value":296,"label":"Love"},{"value":476,"label":"pochoir"},{"value":503,"label":"rue"},{"value":327,"label":"street art"},{"value":287,"label":"tag"},{"value":286,"label":"urbain"}]},"featured_image_src_large":["https:\/\/mes-pochoirs.com\/wp-content\/uploads\/2024\/02\/AN0002-FR-pochoir-collection-amour-naissant-copyright-mes-pochoirs-858x1030.jpg",858,1030,true],"author_info":[],"comment_info":1,"_links":{"self":[{"href":"https:\/\/mes-pochoirs.com\/nl\/wp-json\/wp\/v2\/product\/12068","targetHints":{"allow":["GET"]}}],"collection":[{"href":"https:\/\/mes-pochoirs.com\/nl\/wp-json\/wp\/v2\/product"}],"about":[{"href":"https:\/\/mes-pochoirs.com\/nl\/wp-json\/wp\/v2\/types\/product"}],"replies":[{"embeddable":true,"href":"https:\/\/mes-pochoirs.com\/nl\/wp-json\/wp\/v2\/comments?post=12068"}],"wp:featuredmedia":[{"embeddable":true,"href":"https:\/\/mes-pochoirs.com\/nl\/wp-json\/wp\/v2\/media\/12059"}],"wp:attachment":[{"href":"https:\/\/mes-pochoirs.com\/nl\/wp-json\/wp\/v2\/media?parent=12068"}],"wp:term":[{"taxonomy":"product_brand","embeddable":true,"href":"https:\/\/mes-pochoirs.com\/nl\/wp-json\/wp\/v2\/product_brand?post=12068"},{"taxonomy":"product_cat","embeddable":true,"href":"https:\/\/mes-pochoirs.com\/nl\/wp-json\/wp\/v2\/product_cat?post=12068"},{"taxonomy":"product_tag","embeddable":true,"href":"https:\/\/mes-pochoirs.com\/nl\/wp-json\/wp\/v2\/product_tag?post=12068"}],"curies":[{"name":"wp","href":"https:\/\/api.w.org\/{rel}","templated":true}]}}