{"id":12120,"date":"2024-02-02T09:00:39","date_gmt":"2024-02-02T08:00:39","guid":{"rendered":"https:\/\/mes-pochoirs.com\/?post_type=product&#038;p=12120"},"modified":"2025-10-31T12:01:59","modified_gmt":"2025-10-31T11:01:59","slug":"stencil-lamour-des-petits-artistes-an0009","status":"publish","type":"product","link":"https:\/\/mes-pochoirs.com\/nl\/produit\/pochoir-lamour-des-petits-artistes-an0009","title":{"rendered":"Sjabloon \"L'Amour des Petits Artistes\" - AN0009"},"content":{"rendered":"<h2>Pochoir &#8220;L\u2019Amour des Petits Artistes&#8221;<\/h2>\n<h3>Un Chef-d&#8217;\u0152uvre de Tendresse<\/h3>\n<p>D\u00e9couvrez le charme captivant de &#8220;L&#8217;Amour des Petits Artistes&#8221;, une pi\u00e8ce embl\u00e9matique au c\u0153ur de notre collection \u00ab Amour Naissant \u00bb. Ce pochoir illustre avec une douceur infinie deux enfants, une fille et un gar\u00e7on, unis dans un geste cr\u00e9atif et amoureux : ensemble, ils peignent un c\u0153ur sur un mur de leur rue. Ce moment, fig\u00e9 dans le temps, parle d&#8217;amour, de complicit\u00e9 et d&#8217;expression artistique, refl\u00e9tant l&#8217;essence m\u00eame du Street Art. Ce design exclusif invite \u00e0 partager une vision de l&#8217;amour \u00e0 travers le prisme color\u00e9 et vivant de l&#8217;art urbain.<\/p>\n<h3>Flexibiliteit ontworpen om te inspireren<\/h3>\n<p>\"L'Amour des Petits Artistes\" is verkrijgbaar in verschillende formaten voor al je ruimtes en creatieve projecten. Dit sjabloon is zorgvuldig vervaardigd in ons atelier en is gemaakt van hoogwaardig, slijtvast plastic. Het belooft niet alleen een uitzonderlijke duurzaamheid, maar ook een opmerkelijk onderhoudsgemak. Herbruikbaar en omkeerbaar, het leent zich voor alle oppervlakken en nodigt uit tot experimenteren, of het nu met kwasten, spuitverf of acryl- en aquarelverf is, het biedt een leuke ervaring die voor iedereen toegankelijk is.<\/p>","protected":false},"excerpt":{"rendered":"<p>Pochoir L\u2019Amour des Petits Artistes pour peinture et tableau : r\u00e9utilisable, r\u00e9versible, durable et parfait pour r\u00e9aliser une \u0153uvre street art.<\/p>","protected":false},"featured_media":12066,"comment_status":"open","ping_status":"closed","template":"","meta":{"bwfblock_default_font":"","_kad_blocks_custom_css":"","_kad_blocks_head_custom_js":"","_kad_blocks_body_custom_js":"","_kad_blocks_footer_custom_js":"","_kadence_starter_templates_imported_post":false,"_kad_post_transparent":"default","_kad_post_title":"","_kad_post_layout":"default","_kad_post_sidebar_id":"","_kad_post_content_style":"default","_kad_post_vertical_padding":"default","_kad_post_feature":"","_kad_post_feature_position":"","_kad_post_header":false,"_kad_post_footer":false,"_kad_post_classname":""},"product_brand":[1415],"product_cat":[526,481,1138,328],"product_tag":[325,507,497,236,492,506,527,528,529,296,476,503,327,287,286],"class_list":{"0":"post-12120","1":"product","2":"type-product","3":"status-publish","4":"has-post-thumbnail","6":"product_brand-mes-pochoirs","7":"product_cat-amour-naissant","8":"product_cat-collections","9":"product_cat-pochoirs-saint-valentin","10":"product_cat-pochoirs-street-art","11":"product_tag-amour","12":"product_tag-amoureux","13":"product_tag-art-urbain","14":"product_tag-coeur","15":"product_tag-collection","16":"product_tag-couple","17":"product_tag-enfants","18":"product_tag-fille","19":"product_tag-garcon","20":"product_tag-love","21":"product_tag-pochoir","22":"product_tag-rue","23":"product_tag-street-art","24":"product_tag-tag","25":"product_tag-urbain","27":"first","28":"instock","29":"taxable","30":"shipping-taxable","31":"purchasable","32":"product-type-variable","33":"entry","34":"content-bg","35":"loop-entry"},"taxonomy_info":{"product_brand":[{"value":1415,"label":"Mes Pochoirs"}],"product_cat":[{"value":526,"label":"Amour Naissant"},{"value":481,"label":"Collections"},{"value":1138,"label":"Saint-Valentin"},{"value":328,"label":"Street Art"}],"product_tag":[{"value":325,"label":"amour"},{"value":507,"label":"amoureux"},{"value":497,"label":"Art urbain"},{"value":236,"label":"coeur"},{"value":492,"label":"collection"},{"value":506,"label":"couple"},{"value":527,"label":"enfants"},{"value":528,"label":"fille"},{"value":529,"label":"gar\u00e7on"},{"value":296,"label":"Love"},{"value":476,"label":"pochoir"},{"value":503,"label":"rue"},{"value":327,"label":"street art"},{"value":287,"label":"tag"},{"value":286,"label":"urbain"}]},"featured_image_src_large":["https:\/\/mes-pochoirs.com\/wp-content\/uploads\/2024\/02\/AN0009-FR-pochoir-collection-amour-naissant-copyright-mes-pochoirs-858x1030.jpg",858,1030,true],"author_info":[],"comment_info":2,"_links":{"self":[{"href":"https:\/\/mes-pochoirs.com\/nl\/wp-json\/wp\/v2\/product\/12120","targetHints":{"allow":["GET"]}}],"collection":[{"href":"https:\/\/mes-pochoirs.com\/nl\/wp-json\/wp\/v2\/product"}],"about":[{"href":"https:\/\/mes-pochoirs.com\/nl\/wp-json\/wp\/v2\/types\/product"}],"replies":[{"embeddable":true,"href":"https:\/\/mes-pochoirs.com\/nl\/wp-json\/wp\/v2\/comments?post=12120"}],"wp:featuredmedia":[{"embeddable":true,"href":"https:\/\/mes-pochoirs.com\/nl\/wp-json\/wp\/v2\/media\/12066"}],"wp:attachment":[{"href":"https:\/\/mes-pochoirs.com\/nl\/wp-json\/wp\/v2\/media?parent=12120"}],"wp:term":[{"taxonomy":"product_brand","embeddable":true,"href":"https:\/\/mes-pochoirs.com\/nl\/wp-json\/wp\/v2\/product_brand?post=12120"},{"taxonomy":"product_cat","embeddable":true,"href":"https:\/\/mes-pochoirs.com\/nl\/wp-json\/wp\/v2\/product_cat?post=12120"},{"taxonomy":"product_tag","embeddable":true,"href":"https:\/\/mes-pochoirs.com\/nl\/wp-json\/wp\/v2\/product_tag?post=12120"}],"curies":[{"name":"wp","href":"https:\/\/api.w.org\/{rel}","templated":true}]}}