{"id":12370,"date":"2024-02-22T14:09:32","date_gmt":"2024-02-22T13:09:32","guid":{"rendered":"https:\/\/mes-pochoirs.com\/?post_type=product&#038;p=12370"},"modified":"2025-10-31T12:02:05","modified_gmt":"2025-10-31T11:02:05","slug":"stencil-liefde-opgooien-stijl-t0018","status":"publish","type":"product","link":"https:\/\/mes-pochoirs.com\/nl\/produit\/pochoir-amour-style-throw-up-t0018","title":{"rendered":"Liefde\" stencil Throw-Up stijl - T0018"},"content":{"rendered":"<h2>Pochoir &#8220;Amour&#8221; Style Throw-Up<\/h2>\n<h3>Viering van de liefde in graffiti<\/h3>\n<p>Ontdek een ware schat aan stedelijke expressie met ons graffiti-stencil \"Love\". Dit met passie bedachte en gemaakte stencil belichaamt de essentie van Street Art dankzij de Throw-Up \/ Flop stijl, een techniek die door straatartiesten wordt gewaardeerd om zijn dynamiek en visuele impact. Het woord \"Love\", geschreven met durf en flamboyantie, siert niet alleen een oppervlak; het vertelt een verhaal, dat van een rauwe en universele emotie, omgezet in de kleurrijke en rebelse wereld van graffiti. Het is een uitnodiging om door middel van kunst het krachtigste gevoel te delen dat er bestaat.<\/p>\n<h3>Levendige boodschappen van straatkunst<\/h3>\n<p>Het gebruik van sterke boodschappen zoals \"Love\" in Tags en Graffiti door kunstenaars is geen toeval. Deze creaties, gekenmerkt door energieke contouren en levendige vullingen die typisch zijn voor Flop en Graffiti, transformeren stedelijke ruimtes in verhalende achtergronden. Met dit stencil bieden we je de kans om de essentie van de Throw-Up stijl te vangen, om krachtige woorden zoals \"Love\" te laten resoneren in je Street Art creaties en een laag van emotie en betekenis toe te voegen aan de street art die ons dagelijks leven verfraait.<\/p>","protected":false},"excerpt":{"rendered":"<p><strong>Pochoir Amour Style Throw-Up<\/strong> pour graffiti, peinture et tableau : r\u00e9utilisable, r\u00e9versible et con\u00e7u en haute qualit\u00e9 pour artistes.<\/p>","protected":false},"featured_media":12380,"comment_status":"open","ping_status":"closed","template":"","meta":{"bwfblock_default_font":"","_kad_blocks_custom_css":"","_kad_blocks_head_custom_js":"","_kad_blocks_body_custom_js":"","_kad_blocks_footer_custom_js":"","_kadence_starter_templates_imported_post":false,"_kad_post_transparent":"default","_kad_post_title":"","_kad_post_layout":"default","_kad_post_sidebar_id":"","_kad_post_content_style":"default","_kad_post_vertical_padding":"default","_kad_post_feature":"","_kad_post_feature_position":"","_kad_post_header":false,"_kad_post_footer":false,"_kad_post_classname":""},"product_brand":[1415],"product_cat":[533,534,284,1138,316],"product_tag":[325,536,285,275,327,287,295,535,286],"class_list":{"0":"post-12370","1":"product","2":"type-product","3":"status-publish","4":"has-post-thumbnail","6":"product_brand-mes-pochoirs","7":"product_cat-pochoirs-style-throw-up-flop","8":"product_cat-pochoirs-mot-amour","9":"product_cat-pochoirs-graffitis","10":"product_cat-pochoirs-saint-valentin","11":"product_cat-pochoirs-textes-et-messages","12":"product_tag-amour","13":"product_tag-flop","14":"product_tag-graffiti","15":"product_tag-message","16":"product_tag-street-art","17":"product_tag-tag","18":"product_tag-texte","19":"product_tag-throw-up","20":"product_tag-urbain","22":"first","23":"instock","24":"taxable","25":"shipping-taxable","26":"purchasable","27":"product-type-variable","28":"has-default-attributes","29":"entry","30":"content-bg","31":"loop-entry"},"taxonomy_info":{"product_brand":[{"value":1415,"label":"Mes Pochoirs"}],"product_cat":[{"value":533,"label":"Throw-Up \/ Flop"},{"value":534,"label":"Amour"},{"value":284,"label":"Graffitis"},{"value":1138,"label":"Saint-Valentin"},{"value":316,"label":"Textes et Messages"}],"product_tag":[{"value":325,"label":"amour"},{"value":536,"label":"Flop"},{"value":285,"label":"graffiti"},{"value":275,"label":"message"},{"value":327,"label":"street art"},{"value":287,"label":"tag"},{"value":295,"label":"Texte"},{"value":535,"label":"Throw-Up"},{"value":286,"label":"urbain"}]},"featured_image_src_large":["https:\/\/mes-pochoirs.com\/wp-content\/uploads\/2024\/02\/T0018-FR-pochoir-ThrowUp-Amour-copyright-mes-pochoirs-com-858x1030.jpg",858,1030,true],"author_info":[],"comment_info":0,"_links":{"self":[{"href":"https:\/\/mes-pochoirs.com\/nl\/wp-json\/wp\/v2\/product\/12370","targetHints":{"allow":["GET"]}}],"collection":[{"href":"https:\/\/mes-pochoirs.com\/nl\/wp-json\/wp\/v2\/product"}],"about":[{"href":"https:\/\/mes-pochoirs.com\/nl\/wp-json\/wp\/v2\/types\/product"}],"replies":[{"embeddable":true,"href":"https:\/\/mes-pochoirs.com\/nl\/wp-json\/wp\/v2\/comments?post=12370"}],"wp:featuredmedia":[{"embeddable":true,"href":"https:\/\/mes-pochoirs.com\/nl\/wp-json\/wp\/v2\/media\/12380"}],"wp:attachment":[{"href":"https:\/\/mes-pochoirs.com\/nl\/wp-json\/wp\/v2\/media?parent=12370"}],"wp:term":[{"taxonomy":"product_brand","embeddable":true,"href":"https:\/\/mes-pochoirs.com\/nl\/wp-json\/wp\/v2\/product_brand?post=12370"},{"taxonomy":"product_cat","embeddable":true,"href":"https:\/\/mes-pochoirs.com\/nl\/wp-json\/wp\/v2\/product_cat?post=12370"},{"taxonomy":"product_tag","embeddable":true,"href":"https:\/\/mes-pochoirs.com\/nl\/wp-json\/wp\/v2\/product_tag?post=12370"}],"curies":[{"name":"wp","href":"https:\/\/api.w.org\/{rel}","templated":true}]}}