{"id":12488,"date":"2024-02-22T17:20:22","date_gmt":"2024-02-22T16:20:22","guid":{"rendered":"https:\/\/mes-pochoirs.com\/?post_type=product&#038;p=12488"},"modified":"2025-10-31T12:02:19","modified_gmt":"2025-10-31T11:02:19","slug":"hoop-stijl-omhoog-gooien-stencil-t0025","status":"publish","type":"product","link":"https:\/\/mes-pochoirs.com\/nl\/produit\/pochoir-hope-style-throw-up-t0025","title":{"rendered":"Hope\" sjabloon in werpstijl - T0025"},"content":{"rendered":"<h2>Pochoir &#8220;Hope&#8221; Style Throw-Up<\/h2>\n<h3>Geef stijlvol uiting aan je creativiteit<\/h3>\n<p>Dit unieke stencil vangt de rebelse en levendige essentie van Street Art en vereeuwigt het woord \"Hope\" in een Throw-Up \/ Flop stijl. Dit stencil is ontworpen voor liefhebbers van urban art en voegt een vleugje spontaniteit en originaliteit toe aan je interieur. Graffitischrift, met zijn vrije en nonchalante uitstraling, nodigt uit tot persoonlijke expressie en verandert elk oppervlak in een vluchtig kunstwerk vol leven.<\/p>\n<h3>De kunst van het gooien: meer dan een stijl, een statement<\/h3>\n<p>Throw-Up woorden, gekenmerkt door hun opgezwollen, kleurrijke uiterlijk, zijn meer dan alleen een graffititechniek: ze zijn een verklaring van artistieke onafhankelijkheid. Ze worden gebruikt door Street Art-kunstenaars om hun werk diepte en karakter te geven en roepen grenzeloze creatieve vrijheid op. Door dit stencil in je projecten te verwerken, omarm je iets van die brutaliteit en geef je een nieuwe en fascinerende dimensie aan je creaties. \u00a0<\/p>","protected":false},"excerpt":{"rendered":"<p><strong>Pochoir Hope Style Throw-Up<\/strong> pour cr\u00e9er une \u0153uvre unique graffiti. Haute qualit\u00e9, r\u00e9utilisable, r\u00e9versible et propos\u00e9 en plusieurs tailles.<\/p>","protected":false},"featured_media":12448,"comment_status":"open","ping_status":"closed","template":"","meta":{"bwfblock_default_font":"","_kad_blocks_custom_css":"","_kad_blocks_head_custom_js":"","_kad_blocks_body_custom_js":"","_kad_blocks_footer_custom_js":"","_kadence_starter_templates_imported_post":false,"_kad_post_transparent":"default","_kad_post_title":"","_kad_post_layout":"default","_kad_post_sidebar_id":"","_kad_post_content_style":"default","_kad_post_vertical_padding":"default","_kad_post_feature":"","_kad_post_feature_position":"","_kad_post_header":false,"_kad_post_footer":false,"_kad_post_classname":""},"product_brand":[1415],"product_cat":[533,284,543,316],"product_tag":[439,553,558,536,285,559,275,327,287,295,535,286],"class_list":{"0":"post-12488","1":"product","2":"type-product","3":"status-publish","4":"has-post-thumbnail","6":"product_brand-mes-pochoirs","7":"product_cat-pochoirs-style-throw-up-flop","8":"product_cat-pochoirs-graffitis","9":"product_cat-pochoirs-mot-hope","10":"product_cat-pochoirs-textes-et-messages","11":"product_tag-art","12":"product_tag-couleur","13":"product_tag-espoir","14":"product_tag-flop","15":"product_tag-graffiti","16":"product_tag-hope","17":"product_tag-message","18":"product_tag-street-art","19":"product_tag-tag","20":"product_tag-texte","21":"product_tag-throw-up","22":"product_tag-urbain","24":"first","25":"instock","26":"taxable","27":"shipping-taxable","28":"purchasable","29":"product-type-variable","30":"has-default-attributes","31":"entry","32":"content-bg","33":"loop-entry"},"taxonomy_info":{"product_brand":[{"value":1415,"label":"Mes Pochoirs"}],"product_cat":[{"value":533,"label":"Throw-Up \/ Flop"},{"value":284,"label":"Graffitis"},{"value":543,"label":"Hope"},{"value":316,"label":"Textes et Messages"}],"product_tag":[{"value":439,"label":"art"},{"value":553,"label":"couleur"},{"value":558,"label":"Espoir"},{"value":536,"label":"Flop"},{"value":285,"label":"graffiti"},{"value":559,"label":"Hope"},{"value":275,"label":"message"},{"value":327,"label":"street art"},{"value":287,"label":"tag"},{"value":295,"label":"Texte"},{"value":535,"label":"Throw-Up"},{"value":286,"label":"urbain"}]},"featured_image_src_large":["https:\/\/mes-pochoirs.com\/wp-content\/uploads\/2024\/02\/T0025-FR-pochoir-ThrowUp-Hope-copyright-mes-pochoirs-com-858x1030.jpg",858,1030,true],"author_info":[],"comment_info":0,"_links":{"self":[{"href":"https:\/\/mes-pochoirs.com\/nl\/wp-json\/wp\/v2\/product\/12488","targetHints":{"allow":["GET"]}}],"collection":[{"href":"https:\/\/mes-pochoirs.com\/nl\/wp-json\/wp\/v2\/product"}],"about":[{"href":"https:\/\/mes-pochoirs.com\/nl\/wp-json\/wp\/v2\/types\/product"}],"replies":[{"embeddable":true,"href":"https:\/\/mes-pochoirs.com\/nl\/wp-json\/wp\/v2\/comments?post=12488"}],"wp:featuredmedia":[{"embeddable":true,"href":"https:\/\/mes-pochoirs.com\/nl\/wp-json\/wp\/v2\/media\/12448"}],"wp:attachment":[{"href":"https:\/\/mes-pochoirs.com\/nl\/wp-json\/wp\/v2\/media?parent=12488"}],"wp:term":[{"taxonomy":"product_brand","embeddable":true,"href":"https:\/\/mes-pochoirs.com\/nl\/wp-json\/wp\/v2\/product_brand?post=12488"},{"taxonomy":"product_cat","embeddable":true,"href":"https:\/\/mes-pochoirs.com\/nl\/wp-json\/wp\/v2\/product_cat?post=12488"},{"taxonomy":"product_tag","embeddable":true,"href":"https:\/\/mes-pochoirs.com\/nl\/wp-json\/wp\/v2\/product_tag?post=12488"}],"curies":[{"name":"wp","href":"https:\/\/api.w.org\/{rel}","templated":true}]}}