{"id":12522,"date":"2024-02-22T17:25:16","date_gmt":"2024-02-22T16:25:16","guid":{"rendered":"https:\/\/mes-pochoirs.com\/?post_type=product&#038;p=12522"},"modified":"2025-10-31T12:02:23","modified_gmt":"2025-10-31T11:02:23","slug":"onthullingsstijl-omhoog-gooien-stencil-t0027","status":"publish","type":"product","link":"https:\/\/mes-pochoirs.com\/nl\/produit\/pochoir-reve-style-throw-up-t0027","title":{"rendered":"Dream\" sjabloon in werpstijl - T0027"},"content":{"rendered":"<h2>Pochoir &#8220;R\u00eave&#8221; Style Throw-Up<\/h2>\n<h3>Exprimez Votre Art<\/h3>\n<p>Laat je creativiteit de vrije loop met ons unieke sjabloon \"Dream\", ge\u00efnspireerd op iconische street art-technieken. Met zijn gedurfde Throw-Up ontwerp verandert deze stencil elke ruimte in een boeiend stuk urban art. Ideaal voor kunstliefhebbers en creatieve rebellen, het brengt een vleugje artistieke rebellie naar je binnen- of buitenruimte.<\/p>\n<h3>De essentie van straatkunst: Throw-Up &amp; Flop<\/h3>\n<p>Dompel jezelf onder in de wereld van Street Art met ons \"Dream\" stencil, perfect voor het reproduceren van woorden en berichten met het authentieke karakter van Graffiti. De Throw-Up en Flop stijlen gevierd door urban artists zijn nu binnen je bereik. Gebruik dit stencil om een dynamische dimensie toe te voegen aan je achtergronden, slaapkamermuren of zelfs meubels, en laat de taal van street art zich uiten in je projecten. \u00a0<\/p>","protected":false},"excerpt":{"rendered":"<p><strong>Pochoir R\u00eave Style Throw-Up<\/strong> parfait pour street art et graffiti. R\u00e9utilisable, r\u00e9versible, haute qualit\u00e9 et pens\u00e9 pour artistes peintres.<\/p>","protected":false},"featured_media":12450,"comment_status":"open","ping_status":"closed","template":"","meta":{"bwfblock_default_font":"","_kad_blocks_custom_css":"","_kad_blocks_head_custom_js":"","_kad_blocks_body_custom_js":"","_kad_blocks_footer_custom_js":"","_kadence_starter_templates_imported_post":false,"_kad_post_transparent":"default","_kad_post_title":"","_kad_post_layout":"default","_kad_post_sidebar_id":"","_kad_post_content_style":"default","_kad_post_vertical_padding":"default","_kad_post_feature":"","_kad_post_feature_position":"","_kad_post_header":false,"_kad_post_footer":false,"_kad_post_classname":""},"product_brand":[1415],"product_cat":[533,284,545,316],"product_tag":[439,553,441,536,285,275,442,453,327,287,295,535,286],"class_list":{"0":"post-12522","1":"product","2":"type-product","3":"status-publish","4":"has-post-thumbnail","6":"product_brand-mes-pochoirs","7":"product_cat-pochoirs-style-throw-up-flop","8":"product_cat-pochoirs-graffitis","9":"product_cat-pochoirs-mot-reve","10":"product_cat-pochoirs-textes-et-messages","11":"product_tag-art","12":"product_tag-couleur","13":"product_tag-dream","14":"product_tag-flop","15":"product_tag-graffiti","16":"product_tag-message","17":"product_tag-reve","18":"product_tag-rever","19":"product_tag-street-art","20":"product_tag-tag","21":"product_tag-texte","22":"product_tag-throw-up","23":"product_tag-urbain","25":"first","26":"instock","27":"taxable","28":"shipping-taxable","29":"purchasable","30":"product-type-variable","31":"has-default-attributes","32":"entry","33":"content-bg","34":"loop-entry"},"taxonomy_info":{"product_brand":[{"value":1415,"label":"Mes Pochoirs"}],"product_cat":[{"value":533,"label":"Throw-Up \/ Flop"},{"value":284,"label":"Graffitis"},{"value":545,"label":"R\u00eave"},{"value":316,"label":"Textes et Messages"}],"product_tag":[{"value":439,"label":"art"},{"value":553,"label":"couleur"},{"value":441,"label":"Dream"},{"value":536,"label":"Flop"},{"value":285,"label":"graffiti"},{"value":275,"label":"message"},{"value":442,"label":"R\u00eave"},{"value":453,"label":"r\u00eaver"},{"value":327,"label":"street art"},{"value":287,"label":"tag"},{"value":295,"label":"Texte"},{"value":535,"label":"Throw-Up"},{"value":286,"label":"urbain"}]},"featured_image_src_large":["https:\/\/mes-pochoirs.com\/wp-content\/uploads\/2024\/02\/T0027-FR-pochoir-ThrowUp-Reve-copyright-mes-pochoirs-com-858x1030.jpg",858,1030,true],"author_info":[],"comment_info":0,"_links":{"self":[{"href":"https:\/\/mes-pochoirs.com\/nl\/wp-json\/wp\/v2\/product\/12522","targetHints":{"allow":["GET"]}}],"collection":[{"href":"https:\/\/mes-pochoirs.com\/nl\/wp-json\/wp\/v2\/product"}],"about":[{"href":"https:\/\/mes-pochoirs.com\/nl\/wp-json\/wp\/v2\/types\/product"}],"replies":[{"embeddable":true,"href":"https:\/\/mes-pochoirs.com\/nl\/wp-json\/wp\/v2\/comments?post=12522"}],"wp:featuredmedia":[{"embeddable":true,"href":"https:\/\/mes-pochoirs.com\/nl\/wp-json\/wp\/v2\/media\/12450"}],"wp:attachment":[{"href":"https:\/\/mes-pochoirs.com\/nl\/wp-json\/wp\/v2\/media?parent=12522"}],"wp:term":[{"taxonomy":"product_brand","embeddable":true,"href":"https:\/\/mes-pochoirs.com\/nl\/wp-json\/wp\/v2\/product_brand?post=12522"},{"taxonomy":"product_cat","embeddable":true,"href":"https:\/\/mes-pochoirs.com\/nl\/wp-json\/wp\/v2\/product_cat?post=12522"},{"taxonomy":"product_tag","embeddable":true,"href":"https:\/\/mes-pochoirs.com\/nl\/wp-json\/wp\/v2\/product_tag?post=12522"}],"curies":[{"name":"wp","href":"https:\/\/api.w.org\/{rel}","templated":true}]}}