{"id":12554,"date":"2024-02-22T17:35:31","date_gmt":"2024-02-22T16:35:31","guid":{"rendered":"https:\/\/mes-pochoirs.com\/?post_type=product&#038;p=12554"},"modified":"2025-10-31T12:02:29","modified_gmt":"2025-10-31T11:02:29","slug":"soul-stijl-omhoog-gooien-stencil-t0030","status":"publish","type":"product","link":"https:\/\/mes-pochoirs.com\/nl\/produit\/pochoir-soul-style-throw-up-t0030","title":{"rendered":"Soul\" sjabloon in werpstijl - T0030"},"content":{"rendered":"<h2>Pochoir &#8220;Soul&#8221; Style Throw-Up<\/h2>\n<h3>Soul\" Graffiti stijl sjabloon<\/h3>\n<p>Ontdek onze \"Soul\" stencil, een echte uitdrukking van Street Art, waarmee je de energie en de geest van Soul in je omgeving kunt brengen. Dit stencil toont trots het woord \"Soul\" in een kenmerkende Throw-Up \/ Flop stijl, en biedt een gedurfde en authentieke esthetiek aan je ruimtes. Het is perfect voor liefhebbers van muziek en urban art en nodigt je uit om een creatieve reis te maken die niet van deze wereld is.<\/p>\n<h3>Stedelijke kunst binnen handbereik<\/h3>\n<p>Duik in de wereld van Street Art en druk je vrij uit met ons \"Soul\" stencil. De Throw-Up stijl wordt gebruikt door kunstenaars om een ziel te geven aan doeken en muren en voegt een persoonlijk, dynamisch tintje toe aan je projecten. Woorden in Flop, Graffiti en Tag stijlen trekken de aandacht en veranderen elk oppervlak in een boeiend kunstwerk. Laat de visuele taal van street art je gids zijn en breng je stoutmoedigste idee\u00ebn tot leven. \u00a0<\/p>","protected":false},"excerpt":{"rendered":"<p><strong>Pochoir Soul Style Throw-Up<\/strong> parfait pour street art et graffiti. R\u00e9utilisable, r\u00e9versible, haute qualit\u00e9 et pens\u00e9 pour artistes peintres.<\/p>","protected":false},"featured_media":12453,"comment_status":"open","ping_status":"closed","template":"","meta":{"bwfblock_default_font":"","_kad_blocks_custom_css":"","_kad_blocks_head_custom_js":"","_kad_blocks_body_custom_js":"","_kad_blocks_footer_custom_js":"","_kadence_starter_templates_imported_post":false,"_kad_post_transparent":"default","_kad_post_title":"","_kad_post_layout":"default","_kad_post_sidebar_id":"","_kad_post_content_style":"default","_kad_post_vertical_padding":"default","_kad_post_feature":"","_kad_post_feature_position":"","_kad_post_header":false,"_kad_post_footer":false,"_kad_post_classname":""},"product_brand":[1415],"product_cat":[533,284,548,316],"product_tag":[439,553,536,285,275,444,327,287,295,535,286],"class_list":{"0":"post-12554","1":"product","2":"type-product","3":"status-publish","4":"has-post-thumbnail","6":"product_brand-mes-pochoirs","7":"product_cat-pochoirs-style-throw-up-flop","8":"product_cat-pochoirs-graffitis","9":"product_cat-pochoirs-mot-soul","10":"product_cat-pochoirs-textes-et-messages","11":"product_tag-art","12":"product_tag-couleur","13":"product_tag-flop","14":"product_tag-graffiti","15":"product_tag-message","16":"product_tag-soul","17":"product_tag-street-art","18":"product_tag-tag","19":"product_tag-texte","20":"product_tag-throw-up","21":"product_tag-urbain","23":"first","24":"instock","25":"taxable","26":"shipping-taxable","27":"purchasable","28":"product-type-variable","29":"has-default-attributes","30":"entry","31":"content-bg","32":"loop-entry"},"taxonomy_info":{"product_brand":[{"value":1415,"label":"Mes Pochoirs"}],"product_cat":[{"value":533,"label":"Throw-Up \/ Flop"},{"value":284,"label":"Graffitis"},{"value":548,"label":"Soul"},{"value":316,"label":"Textes et Messages"}],"product_tag":[{"value":439,"label":"art"},{"value":553,"label":"couleur"},{"value":536,"label":"Flop"},{"value":285,"label":"graffiti"},{"value":275,"label":"message"},{"value":444,"label":"soul"},{"value":327,"label":"street art"},{"value":287,"label":"tag"},{"value":295,"label":"Texte"},{"value":535,"label":"Throw-Up"},{"value":286,"label":"urbain"}]},"featured_image_src_large":["https:\/\/mes-pochoirs.com\/wp-content\/uploads\/2024\/02\/T0030-FR-pochoir-ThrowUp-Soul-copyright-mes-pochoirs-com-858x1030.jpg",858,1030,true],"author_info":[],"comment_info":0,"_links":{"self":[{"href":"https:\/\/mes-pochoirs.com\/nl\/wp-json\/wp\/v2\/product\/12554","targetHints":{"allow":["GET"]}}],"collection":[{"href":"https:\/\/mes-pochoirs.com\/nl\/wp-json\/wp\/v2\/product"}],"about":[{"href":"https:\/\/mes-pochoirs.com\/nl\/wp-json\/wp\/v2\/types\/product"}],"replies":[{"embeddable":true,"href":"https:\/\/mes-pochoirs.com\/nl\/wp-json\/wp\/v2\/comments?post=12554"}],"wp:featuredmedia":[{"embeddable":true,"href":"https:\/\/mes-pochoirs.com\/nl\/wp-json\/wp\/v2\/media\/12453"}],"wp:attachment":[{"href":"https:\/\/mes-pochoirs.com\/nl\/wp-json\/wp\/v2\/media?parent=12554"}],"wp:term":[{"taxonomy":"product_brand","embeddable":true,"href":"https:\/\/mes-pochoirs.com\/nl\/wp-json\/wp\/v2\/product_brand?post=12554"},{"taxonomy":"product_cat","embeddable":true,"href":"https:\/\/mes-pochoirs.com\/nl\/wp-json\/wp\/v2\/product_cat?post=12554"},{"taxonomy":"product_tag","embeddable":true,"href":"https:\/\/mes-pochoirs.com\/nl\/wp-json\/wp\/v2\/product_tag?post=12554"}],"curies":[{"name":"wp","href":"https:\/\/api.w.org\/{rel}","templated":true}]}}