{"id":12670,"date":"2024-03-07T10:48:09","date_gmt":"2024-03-07T09:48:09","guid":{"rendered":"https:\/\/mes-pochoirs.com\/?post_type=product&#038;p=12670"},"modified":"2025-10-31T12:03:31","modified_gmt":"2025-10-31T11:03:31","slug":"stencil-meisje-met-parel-pa0013","status":"publish","type":"product","link":"https:\/\/mes-pochoirs.com\/nl\/produit\/pochoir-jeune-fille-a-la-perle-pa0013","title":{"rendered":"Jong meisje met een parel Stencil - PA0013"},"content":{"rendered":"<p><strong>Leg de essentie van kunst vast met ons sjabloon \"Jeune Fille \u00e0 la Perle<\/strong> Plongez dans l&#8217;univers fascinant de l&#8217;art classique avec notre pochoir exclusif inspir\u00e9 par &#8220;La Jeune Fille \u00e0 la Perle&#8221;, le c\u00e9l\u00e8bre tableau de Johannes Vermeer. Cet accessoire unique n&#8217;est pas seulement un outil, mais une v\u00e9ritable passerelle vers l&#8217;histoire de l&#8217;art, vous invitant \u00e0 apporter une touche personnelle et moderne \u00e0 ce portrait intemporel. Imaginez la possibilit\u00e9 de m\u00ealer tradition et innovation dans vos espaces de vie ou vos ateliers d&#8217;art, en apportant une dimension nouvelle \u00e0 une \u0153uvre admir\u00e9e \u00e0 travers les si\u00e8cles. Que vous souhaitiez cr\u00e9er un mur d&#8217;accent dans votre salon, personnaliser un objet du quotidien ou r\u00e9aliser une fresque urbaine, notre pochoir offre une opportunit\u00e9 unique de dialoguer avec le pass\u00e9 tout en exprimant votre propre vision artistique. C&#8217;est une chance inestimable de rendre hommage \u00e0 l&#8217;art classique tout en laissant libre cours \u00e0 votre cr\u00e9ativit\u00e9. \u00a0<\/p>\n<p><strong>Veelzijdigheid en kwaliteit tot uw dienst<\/strong> Ons portretstencil \"Jeune Fille \u00e0 la Perle\" is ontworpen voor al je creatieve behoeften. Het is verkrijgbaar in verschillende maten en ideaal voor verschillende oppervlakken zoals canvas, muren, papier of zelfs hout. Dit hoogwaardige plastic stencil is met zorg gemaakt in onze werkplaats en is gemakkelijk schoon te maken, herbruikbaar en omkeerbaar. Het is gemakkelijk aan te brengen met acrylverf of aquarelverf en maakt kunst toegankelijk voor iedereen, zowel amateurs als professionals. \u00a0<\/p>\n<p><strong>Details<\/strong><\/p>\n<ul>\n<li>Formaat: van 35x50cm tot 80x114cm (kies uit de beschikbare opties het formaat dat bij jouw project past)<\/li>\n<li>Materiaal: Hoogwaardig plastic, flexibel en ultra-bestendig, levenslang herbruikbaar mits goed onderhouden.<\/li>\n<li>Stencilformaat: 7:10<\/li>\n<li>Catalogusnummer: PA0013<\/li>\n<\/ul>","protected":false},"excerpt":{"rendered":"<p><strong><span style=\"color: #34568b;\">Een parel van inspiratie<\/span><\/strong><\/p>\n<p>Selecteer het formaat van je dromen uit de onderstaande opties.<\/p>","protected":false},"featured_media":12691,"comment_status":"open","ping_status":"closed","template":"","meta":{"bwfblock_default_font":"","_kad_blocks_custom_css":"","_kad_blocks_head_custom_js":"","_kad_blocks_body_custom_js":"","_kad_blocks_footer_custom_js":"","_kadence_starter_templates_imported_post":false,"_kad_post_transparent":"default","_kad_post_title":"","_kad_post_layout":"default","_kad_post_sidebar_id":"","_kad_post_content_style":"default","_kad_post_vertical_padding":"default","_kad_post_feature":"","_kad_post_feature_position":"","_kad_post_header":false,"_kad_post_footer":false,"_kad_post_classname":""},"product_brand":[1415],"product_cat":[36],"product_tag":[469,359,562,564,467,563,390,565],"class_list":{"0":"post-12670","1":"product","2":"type-product","3":"status-publish","4":"has-post-thumbnail","6":"product_brand-mes-pochoirs","7":"product_cat-pochoirs-portraits-visages","8":"product_tag-celebre","9":"product_tag-femme","10":"product_tag-jeune-fille","11":"product_tag-oeuvre","12":"product_tag-peinture","13":"product_tag-perle","14":"product_tag-portrait","15":"product_tag-vermeer","17":"first","18":"instock","19":"taxable","20":"shipping-taxable","21":"purchasable","22":"product-type-variable","23":"entry","24":"content-bg","25":"loop-entry"},"taxonomy_info":{"product_brand":[{"value":1415,"label":"Mes Pochoirs"}],"product_cat":[{"value":36,"label":"Portraits &amp; Visages"}],"product_tag":[{"value":469,"label":"c\u00e9l\u00e8bre"},{"value":359,"label":"femme"},{"value":562,"label":"jeune fille"},{"value":564,"label":"oeuvre"},{"value":467,"label":"peinture"},{"value":563,"label":"perle"},{"value":390,"label":"portrait"},{"value":565,"label":"Vermeer"}]},"featured_image_src_large":["https:\/\/mes-pochoirs.com\/wp-content\/uploads\/2024\/03\/PA0013-FR-pochoir-portrait-Jeune-Fille-Perle-copyright-mes-pochoirs-com-858x1030.jpg",858,1030,true],"author_info":[],"comment_info":6,"_links":{"self":[{"href":"https:\/\/mes-pochoirs.com\/nl\/wp-json\/wp\/v2\/product\/12670","targetHints":{"allow":["GET"]}}],"collection":[{"href":"https:\/\/mes-pochoirs.com\/nl\/wp-json\/wp\/v2\/product"}],"about":[{"href":"https:\/\/mes-pochoirs.com\/nl\/wp-json\/wp\/v2\/types\/product"}],"replies":[{"embeddable":true,"href":"https:\/\/mes-pochoirs.com\/nl\/wp-json\/wp\/v2\/comments?post=12670"}],"wp:featuredmedia":[{"embeddable":true,"href":"https:\/\/mes-pochoirs.com\/nl\/wp-json\/wp\/v2\/media\/12691"}],"wp:attachment":[{"href":"https:\/\/mes-pochoirs.com\/nl\/wp-json\/wp\/v2\/media?parent=12670"}],"wp:term":[{"taxonomy":"product_brand","embeddable":true,"href":"https:\/\/mes-pochoirs.com\/nl\/wp-json\/wp\/v2\/product_brand?post=12670"},{"taxonomy":"product_cat","embeddable":true,"href":"https:\/\/mes-pochoirs.com\/nl\/wp-json\/wp\/v2\/product_cat?post=12670"},{"taxonomy":"product_tag","embeddable":true,"href":"https:\/\/mes-pochoirs.com\/nl\/wp-json\/wp\/v2\/product_tag?post=12670"}],"curies":[{"name":"wp","href":"https:\/\/api.w.org\/{rel}","templated":true}]}}