{"id":13503,"date":"2024-03-26T20:42:20","date_gmt":"2024-03-26T19:42:20","guid":{"rendered":"https:\/\/mes-pochoirs.com\/?post_type=product&#038;p=13503"},"modified":"2025-10-31T12:04:49","modified_gmt":"2025-10-31T11:04:49","slug":"stencil-close-up-vrouwelijke-elegantie","status":"publish","type":"product","link":"https:\/\/mes-pochoirs.com\/nl\/produit\/pochoir-close-up-elegance-feminine","title":{"rendered":"Vrouw &amp; lippenstift stripverhaal - LRV002"},"content":{"rendered":"<h2>Close-up sjabloon Vrouwelijke elegantie<\/h2>\n<h3>Verf Close-up<\/h3>\n<p>Het \u00c9l\u00e9gance F\u00e9minine Close-Up Stencil is het perfecte hulpmiddel voor kunstenaars die schoonheid en verfijning in hun werk willen benadrukken.<\/p>\n<p>Met dit close-up sjabloon kun je de fijne details en subtiele uitdrukkingen vastleggen die vrouwelijke elegantie defini\u00ebren. Het is ideaal voor gedetailleerde portretten, mode-illustraties of decoratieve projecten en helpt je om werken te maken die de gratie van vrouwen vieren. Het stencil is ontworpen om gebruikt te worden op verschillende ondergronden, zodat je onbeperkte flexibiliteit en artistieke expressie hebt. Of je nu op zoek bent naar een romantische sfeer, een glamoureuze sc\u00e8ne of een eerbetoon aan vrouwelijkheid, het \u00c9l\u00e9gance F\u00e9minine Close-Up Stencil is je bondgenoot om een vleugje finesse en charme toe te voegen aan je artistieke creaties.<\/p>\n<h3>Comics &amp; Pop Art fusie<\/h3>\n<p>Immergez-vous dans le charme captivant de &#8220;Lipstick Rendezvous&#8221;, notre collection inspir\u00e9e par l&#8217;audace des bandes dessin\u00e9es et le charme des publicit\u00e9s r\u00e9tro. Con\u00e7ue par une \u00e9quipe d\u00e9vou\u00e9e d&#8217;artistes et de graphistes, chaque pochoir de cette s\u00e9rie est un v\u00e9ritable billet pour un voyage \u00e0 travers la magnificence de l&#8217;art Pop des ann\u00e9es 60, un parfait \u00e9quilibre entre le charme d&#8217;antan et l&#8217;originalit\u00e9 contemporaine. Au sein de &#8220;Lipstick Rendezvous&#8221;, vous serez enchant\u00e9 par des cr\u00e9ations d\u00e9peignant le moment chic d&#8217;une femme se parant de son rouge \u00e0 l\u00e8vres, une sc\u00e8ne \u00e9ternellement \u00e9l\u00e9gante. Avec ces pochoirs qui mettent en lumi\u00e8re le visage expressif d&#8217;une femme en gros plan, vous plongerez dans un monde d&#8217;\u00e9nergie, illumin\u00e9 par des couleurs \u00e9clatantes et des contrastes saisissants, fid\u00e8le \u00e0 l&#8217;esprit des comics et \u00e0 l&#8217;\u0153uvre d&#8217;ic\u00f4nes comme Roy Lichtenstein. Chacune de ces \u0153uvres, \u00e9labor\u00e9e avec la plus grande attention, transcende la simple notion d&#8217;outil pour devenir une v\u00e9ritable muse, \u00e9largissant l&#8217;horizon de votre cr\u00e9ativit\u00e9 et parant vos projets d&#8217;un \u00e9clat r\u00e9tro. En optant pour un pochoir de notre gamme exclusive, vous faites le choix d&#8217;une inspiration sans limite, capable de stimuler votre imagination et d&#8217;apporter une profondeur singuli\u00e8re et personnelle \u00e0 vos expressions artistiques.<\/p>","protected":false},"excerpt":{"rendered":"<p>Dit stencil, met zijn op stripboeken ge\u00efnspireerde ontwerp, is exclusief en wordt zorgvuldig gemaakt in ons atelier in Frankrijk.<\/p>","protected":false},"featured_media":13478,"comment_status":"open","ping_status":"closed","template":"","meta":{"bwfblock_default_font":"","_kad_blocks_custom_css":"","_kad_blocks_head_custom_js":"","_kad_blocks_body_custom_js":"","_kad_blocks_footer_custom_js":"","_kadence_starter_templates_imported_post":false,"_kad_post_transparent":"default","_kad_post_title":"","_kad_post_layout":"default","_kad_post_sidebar_id":"","_kad_post_content_style":"default","_kad_post_vertical_padding":"default","_kad_post_feature":"","_kad_post_feature_position":"","_kad_post_header":false,"_kad_post_footer":false,"_kad_post_classname":""},"product_brand":[1415],"product_cat":[605,332],"product_tag":[611,610,574,523,489,492,612,589,575,613,491,608,359,607,490,609,333,390,525,606,231,338],"class_list":{"0":"post-13503","1":"product","2":"type-product","3":"status-publish","4":"has-post-thumbnail","6":"product_brand-mes-pochoirs","7":"product_cat-lipstick-rendezvous","8":"product_cat-pochoirs-pop-art","9":"product_tag-anime","10":"product_tag-annees-60","11":"product_tag-bande-dessinee","12":"product_tag-bd","13":"product_tag-close-up","14":"product_tag-collection","15":"product_tag-colore","16":"product_tag-comic-book","17":"product_tag-comics","18":"product_tag-elegance","19":"product_tag-expression","20":"product_tag-feminin","21":"product_tag-femme","22":"product_tag-glamour","23":"product_tag-gros-plan","24":"product_tag-maquillage","25":"product_tag-pop-art","26":"product_tag-portrait","27":"product_tag-retro","28":"product_tag-rouge-a-levres","29":"product_tag-vintage","30":"product_tag-visage","32":"first","33":"instock","34":"featured","35":"taxable","36":"shipping-taxable","37":"purchasable","38":"product-type-variable","39":"has-default-attributes","40":"entry","41":"content-bg","42":"loop-entry"},"taxonomy_info":{"product_brand":[{"value":1415,"label":"Mes Pochoirs"}],"product_cat":[{"value":605,"label":"Lipstick Rendezvous"},{"value":332,"label":"Pop Art"}],"product_tag":[{"value":611,"label":"anim\u00e9"},{"value":610,"label":"ann\u00e9es 60"},{"value":574,"label":"Bande Dessin\u00e9e"},{"value":523,"label":"BD"},{"value":489,"label":"Close-Up"},{"value":492,"label":"collection"},{"value":612,"label":"color\u00e9"},{"value":589,"label":"comic book"},{"value":575,"label":"Comics"},{"value":613,"label":"\u00e9l\u00e9gance"},{"value":491,"label":"expression"},{"value":608,"label":"feminin"},{"value":359,"label":"femme"},{"value":607,"label":"glamour"},{"value":490,"label":"Gros plan"},{"value":609,"label":"maquillage"},{"value":333,"label":"pop art"},{"value":390,"label":"portrait"},{"value":525,"label":"r\u00e9tro"},{"value":606,"label":"rouge \u00e0 l\u00e8vres"},{"value":231,"label":"vintage"},{"value":338,"label":"visage"}]},"featured_image_src_large":["https:\/\/mes-pochoirs.com\/wp-content\/uploads\/2024\/03\/pochoir-LRV002-collection-Lipstick-Rendezvous-mes-pochoirs-com--858x1030.jpg",858,1030,true],"author_info":[],"comment_info":0,"_links":{"self":[{"href":"https:\/\/mes-pochoirs.com\/nl\/wp-json\/wp\/v2\/product\/13503","targetHints":{"allow":["GET"]}}],"collection":[{"href":"https:\/\/mes-pochoirs.com\/nl\/wp-json\/wp\/v2\/product"}],"about":[{"href":"https:\/\/mes-pochoirs.com\/nl\/wp-json\/wp\/v2\/types\/product"}],"replies":[{"embeddable":true,"href":"https:\/\/mes-pochoirs.com\/nl\/wp-json\/wp\/v2\/comments?post=13503"}],"wp:featuredmedia":[{"embeddable":true,"href":"https:\/\/mes-pochoirs.com\/nl\/wp-json\/wp\/v2\/media\/13478"}],"wp:attachment":[{"href":"https:\/\/mes-pochoirs.com\/nl\/wp-json\/wp\/v2\/media?parent=13503"}],"wp:term":[{"taxonomy":"product_brand","embeddable":true,"href":"https:\/\/mes-pochoirs.com\/nl\/wp-json\/wp\/v2\/product_brand?post=13503"},{"taxonomy":"product_cat","embeddable":true,"href":"https:\/\/mes-pochoirs.com\/nl\/wp-json\/wp\/v2\/product_cat?post=13503"},{"taxonomy":"product_tag","embeddable":true,"href":"https:\/\/mes-pochoirs.com\/nl\/wp-json\/wp\/v2\/product_tag?post=13503"}],"curies":[{"name":"wp","href":"https:\/\/api.w.org\/{rel}","templated":true}]}}