{"id":13652,"date":"2024-03-29T17:15:45","date_gmt":"2024-03-29T16:15:45","guid":{"rendered":"https:\/\/mes-pochoirs.com\/?post_type=product&#038;p=13652"},"modified":"2026-03-13T17:39:23","modified_gmt":"2026-03-13T16:39:23","slug":"stippenscherm-stencil","status":"publish","type":"product","link":"https:\/\/mes-pochoirs.com\/nl\/produit\/pochoir-trame-de-points","title":{"rendered":"Halftoon sjabloon stippenpatroon - G0053"},"content":{"rendered":"<h2>De essenti\u00eble stippen sjabloon<\/h2>\n<p>Le pochoir Trame de points\u00a0 est inspir\u00e9 de la technique d\u2019impression traditionnelle utilis\u00e9e dans la <strong>bande dessin\u00e9e<\/strong>, o\u00f9 les images sont construites \u00e0 partir de points de diff\u00e9rentes tailles pour cr\u00e9er des d\u00e9grad\u00e9s et des effets d\u2019ombre subtils. Ce motif r\u00e9gulier de petits cercles \u00e9voque les <strong>trames typiques du pop art, du street art et du graphisme industriel<\/strong>. Son design en fait un outil extr\u00eamement polyvalent pour les artistes et les d\u00e9corateurs cherchant \u00e0 ajouter une touche de relief, de mouvement ou de modernit\u00e9 \u00e0 leurs cr\u00e9ations.<\/p>\n<p>Ce pochoir Trame de points est id\u00e9al pour cr\u00e9er des fonds textur\u00e9s, des transitions en douceur entre les couleurs, ou encore pour renforcer l\u2019impact visuel d\u2019une composition. Utilis\u00e9 avec de la peinture en bombe, au rouleau ou \u00e0 la brosse, il permet de jouer sur la densit\u00e9 des <strong>points Halftone<\/strong> pour obtenir des effets de lumi\u00e8re et de profondeur tr\u00e8s vari\u00e9s. Appliqu\u00e9 sur une toile, un mur, un meuble ou m\u00eame un textile, il apporte un rendu graphique et contemporain qui \u00e9voque \u00e0 la fois les impressions m\u00e9caniques vintage et les compositions urbaines modernes.<\/p>\n<p>Gr\u00e2ce \u00e0 sa pr\u00e9cision et \u00e0 sa r\u00e9gularit\u00e9, le pochoir trame de points peut aussi \u00eatre utilis\u00e9 en superposition avec d\u2019autres motifs ou portraits pour cr\u00e9er des effets de demi-teinte subtils, dans l\u2019esprit du travail de grands artistes pop ou street art. Il s\u2019int\u00e8gre parfaitement \u00e0 des univers artistiques vari\u00e9s, qu\u2019ils soient minimalistes, r\u00e9tro ou exp\u00e9rimentaux.<\/p>\n<p><strong>Pr\u00e9cision importante : <\/strong>Le nombre de points reste identique, quelle que soit la taille du pochoir.<br \/>\nLa taille des points s\u2019ajuste proportionnellement : plus le pochoir est grand, plus les points sont grands.<\/p>\n<p><strong>Taille des points selon le format du pochoir :<\/strong><\/p>\n<ul>\n<li>Pochoir 15 \u00d7 15 cm \u2192 1 point = 0,16 cm<\/li>\n<li>Pochoir 20 \u00d7 20 cm \u2192 1 point = 0,21 cm<\/li>\n<li>Pochoir 30 \u00d7 30 cm \u2192 1 point = 0,32 cm<\/li>\n<li>Pochoir 40 \u00d7 40 cm \u2192 1 point = 0,43 cm<\/li>\n<li>Pochoir 50 \u00d7 50 cm \u2192 1 point = 0,54 cm<\/li>\n<li>Pochoir 60 \u00d7 60 cm \u2192 1 point = 0,65 cm<\/li>\n<li>Pochoir 70 \u00d7 70 cm \u2192 1 point = 0,76 cm<\/li>\n<li>Pochoir 80 \u00d7 80 cm \u2192 1 point = 0,87 cm<\/li>\n<li>Pochoir 90 \u00d7 90 cm \u2192 1 point = 1 cm<\/li>\n<li>Pochoir 100 \u00d7 100 cm \u2192 1 point = 1,10 cm<\/li>\n<\/ul>","protected":false},"excerpt":{"rendered":"<p>Ce pochoir trame de points, v\u00e9ritable chef-d&#8217;\u0153uvre de pr\u00e9cision, utilise un <strong>tramage de ronds r\u00e9guliers et soigneusement espac\u00e9s<\/strong> pour insuffler l&#8217;effet Halftone \u00e0 vos \u0153uvres. Id\u00e9al pour infuser une dimension de bande dessin\u00e9e ou de comic book, il vous permet de donner du d\u00e9tail dans les visages ou fonds de vos oeuvres, et ainsi reproduire l&#8217;esth\u00e9tique vibrante et color\u00e9e qui a r\u00e9volutionn\u00e9 ce style.<\/p>","protected":false},"featured_media":13648,"comment_status":"open","ping_status":"closed","template":"","meta":{"bwfblock_default_font":"","_kad_blocks_custom_css":"","_kad_blocks_head_custom_js":"","_kad_blocks_body_custom_js":"","_kad_blocks_footer_custom_js":"","_kadence_starter_templates_imported_post":false,"_kad_post_transparent":"default","_kad_post_title":"","_kad_post_layout":"default","_kad_post_sidebar_id":"","_kad_post_content_style":"default","_kad_post_vertical_padding":"default","_kad_post_feature":"","_kad_post_feature_position":"","_kad_post_header":false,"_kad_post_footer":false,"_kad_post_classname":""},"product_brand":[1415],"product_cat":[498,241],"product_tag":[523,335,519,232,234,336,362,524,476,361,522,333,525,238,615,616,520,617],"class_list":{"0":"post-13652","1":"product","2":"type-product","3":"status-publish","4":"has-post-thumbnail","6":"product_brand-mes-pochoirs","7":"product_cat-pochoirs-halftone","8":"product_cat-pochoirs-geometriques","9":"product_tag-bd","10":"product_tag-demi-teinte","11":"product_tag-effet","12":"product_tag-geometrique","13":"product_tag-grille","14":"product_tag-halftone","15":"product_tag-motifs","16":"product_tag-pixel","17":"product_tag-pochoir","18":"product_tag-pointilles","19":"product_tag-points","20":"product_tag-pop-art","21":"product_tag-retro","22":"product_tag-ronds","23":"product_tag-roy-lichtenstein","24":"product_tag-tame","25":"product_tag-technique","26":"product_tag-tramage","28":"first","29":"instock","30":"taxable","31":"shipping-taxable","32":"purchasable","33":"product-type-variable","34":"has-default-attributes","35":"entry","36":"content-bg","37":"loop-entry"},"taxonomy_info":{"product_brand":[{"value":1415,"label":"Mes Pochoirs"}],"product_cat":[{"value":498,"label":"Halftone &amp; Benday"},{"value":241,"label":"G\u00e9om\u00e9triques"}],"product_tag":[{"value":523,"label":"BD"},{"value":335,"label":"demi-teinte"},{"value":519,"label":"effet"},{"value":232,"label":"g\u00e9om\u00e9trique"},{"value":234,"label":"grille"},{"value":336,"label":"halftone"},{"value":362,"label":"motifs"},{"value":524,"label":"pixel"},{"value":476,"label":"pochoir"},{"value":361,"label":"pointill\u00e9s"},{"value":522,"label":"points"},{"value":333,"label":"pop art"},{"value":525,"label":"r\u00e9tro"},{"value":238,"label":"ronds"},{"value":615,"label":"Roy Lichtenstein"},{"value":616,"label":"tame"},{"value":520,"label":"technique"},{"value":617,"label":"tramage"}]},"featured_image_src_large":["https:\/\/mes-pochoirs.com\/wp-content\/uploads\/2024\/03\/G0053-FR-pochoir-Halftone-Trame-points-mes-pochoirs-com--858x1030.jpg",858,1030,true],"author_info":[],"comment_info":0,"_links":{"self":[{"href":"https:\/\/mes-pochoirs.com\/nl\/wp-json\/wp\/v2\/product\/13652","targetHints":{"allow":["GET"]}}],"collection":[{"href":"https:\/\/mes-pochoirs.com\/nl\/wp-json\/wp\/v2\/product"}],"about":[{"href":"https:\/\/mes-pochoirs.com\/nl\/wp-json\/wp\/v2\/types\/product"}],"replies":[{"embeddable":true,"href":"https:\/\/mes-pochoirs.com\/nl\/wp-json\/wp\/v2\/comments?post=13652"}],"wp:featuredmedia":[{"embeddable":true,"href":"https:\/\/mes-pochoirs.com\/nl\/wp-json\/wp\/v2\/media\/13648"}],"wp:attachment":[{"href":"https:\/\/mes-pochoirs.com\/nl\/wp-json\/wp\/v2\/media?parent=13652"}],"wp:term":[{"taxonomy":"product_brand","embeddable":true,"href":"https:\/\/mes-pochoirs.com\/nl\/wp-json\/wp\/v2\/product_brand?post=13652"},{"taxonomy":"product_cat","embeddable":true,"href":"https:\/\/mes-pochoirs.com\/nl\/wp-json\/wp\/v2\/product_cat?post=13652"},{"taxonomy":"product_tag","embeddable":true,"href":"https:\/\/mes-pochoirs.com\/nl\/wp-json\/wp\/v2\/product_tag?post=13652"}],"curies":[{"name":"wp","href":"https:\/\/api.w.org\/{rel}","templated":true}]}}