{"id":13999,"date":"2024-05-03T10:29:16","date_gmt":"2024-05-03T08:29:16","guid":{"rendered":"https:\/\/mes-pochoirs.com\/?post_type=product&#038;p=13999"},"modified":"2025-10-31T12:05:31","modified_gmt":"2025-10-31T11:05:31","slug":"palmboom-groep-stencil-n0022","status":"publish","type":"product","link":"https:\/\/mes-pochoirs.com\/nl\/produit\/pochoir-groupe-de-palmiers-n0022","title":{"rendered":"Palmboom groep stencil - N0022"},"content":{"rendered":"<h2>Palmboom groep stencil<\/h2>\n<h3>Landschapskunst<\/h3>\n<p>Ce pochoir groupe de palmiers est id\u00e9al pour cr\u00e9er des \u0153uvres \u00e9voquant des sc\u00e8nes d&#8217;\u00eele, de plage, et des paysages tropicaux exotiques. L&#8217;art des paysages mettant en vedette des palmiers offre une immersion dans un univers de tranquillit\u00e9 et d&#8217;exotisme, typiquement associ\u00e9 aux climats chauds et aux plages de r\u00eave. Les formes \u00e9lanc\u00e9es des palmiers sont particuli\u00e8rement appr\u00e9ci\u00e9es des artistes qui les utilisent pour injecter un dynamisme et une profondeur saisissants dans leurs tableaux. En jouant habilement avec les jeux de lumi\u00e8re et d&#8217;ombre, ces arbres deviennent les protagonistes de compositions artistiques captivantes. Leur pr\u00e9sence est plus qu&#8217;un simple \u00e9l\u00e9ment visuel ; elle transforme chaque \u0153uvre en une exploration visuelle de paysages lointains et enchanteurs, invitant les spectateurs \u00e0 un voyage \u00e0 la fois esth\u00e9tique et \u00e9motionnel.<\/p>","protected":false},"excerpt":{"rendered":"<p><span style=\"color: #34568b;\"><strong>\"Geef je creaties een tropisch tintje\".<\/strong><\/span><\/p>\n<p>Dit stencil is exclusief en wordt zorgvuldig gemaakt in ons atelier in Frankrijk.<br \/>\nKies de maat die je wilt uit de onderstaande opties.<\/p>","protected":false},"featured_media":13992,"comment_status":"open","ping_status":"closed","template":"","meta":{"bwfblock_default_font":"","_kad_blocks_custom_css":"","_kad_blocks_head_custom_js":"","_kad_blocks_body_custom_js":"","_kad_blocks_footer_custom_js":"","_kadence_starter_templates_imported_post":false,"_kad_post_transparent":"default","_kad_post_title":"","_kad_post_layout":"default","_kad_post_sidebar_id":"","_kad_post_content_style":"default","_kad_post_vertical_padding":"default","_kad_post_feature":"","_kad_post_feature_position":"","_kad_post_header":false,"_kad_post_footer":false,"_kad_post_classname":""},"product_brand":[1415],"product_cat":[369],"product_tag":[621,620,625,623,622,619,624,309,626,373],"class_list":{"0":"post-13999","1":"product","2":"type-product","3":"status-publish","4":"has-post-thumbnail","6":"product_brand-mes-pochoirs","7":"product_cat-pochoirs-nature","8":"product_tag-ete","9":"product_tag-exotique","10":"product_tag-horizon","11":"product_tag-ile","12":"product_tag-littoral","13":"product_tag-palmiers","14":"product_tag-paradisiaque","15":"product_tag-paysage","16":"product_tag-plage","17":"product_tag-tropical","19":"first","20":"instock","21":"taxable","22":"shipping-taxable","23":"purchasable","24":"product-type-variable","25":"entry","26":"content-bg","27":"loop-entry"},"taxonomy_info":{"product_brand":[{"value":1415,"label":"Mes Pochoirs"}],"product_cat":[{"value":369,"label":"Nature"}],"product_tag":[{"value":621,"label":"\u00e9t\u00e9"},{"value":620,"label":"exotique"},{"value":625,"label":"horizon"},{"value":623,"label":"\u00eele"},{"value":622,"label":"littoral"},{"value":619,"label":"palmiers"},{"value":624,"label":"paradisiaque"},{"value":309,"label":"paysage"},{"value":626,"label":"plage"},{"value":373,"label":"tropical"}]},"featured_image_src_large":["https:\/\/mes-pochoirs.com\/wp-content\/uploads\/2024\/05\/N0022-FR-pochoir-nature-palmiers-4-5-mes-pochoirs-com--858x1030.jpg",858,1030,true],"author_info":[],"comment_info":0,"_links":{"self":[{"href":"https:\/\/mes-pochoirs.com\/nl\/wp-json\/wp\/v2\/product\/13999","targetHints":{"allow":["GET"]}}],"collection":[{"href":"https:\/\/mes-pochoirs.com\/nl\/wp-json\/wp\/v2\/product"}],"about":[{"href":"https:\/\/mes-pochoirs.com\/nl\/wp-json\/wp\/v2\/types\/product"}],"replies":[{"embeddable":true,"href":"https:\/\/mes-pochoirs.com\/nl\/wp-json\/wp\/v2\/comments?post=13999"}],"wp:featuredmedia":[{"embeddable":true,"href":"https:\/\/mes-pochoirs.com\/nl\/wp-json\/wp\/v2\/media\/13992"}],"wp:attachment":[{"href":"https:\/\/mes-pochoirs.com\/nl\/wp-json\/wp\/v2\/media?parent=13999"}],"wp:term":[{"taxonomy":"product_brand","embeddable":true,"href":"https:\/\/mes-pochoirs.com\/nl\/wp-json\/wp\/v2\/product_brand?post=13999"},{"taxonomy":"product_cat","embeddable":true,"href":"https:\/\/mes-pochoirs.com\/nl\/wp-json\/wp\/v2\/product_cat?post=13999"},{"taxonomy":"product_tag","embeddable":true,"href":"https:\/\/mes-pochoirs.com\/nl\/wp-json\/wp\/v2\/product_tag?post=13999"}],"curies":[{"name":"wp","href":"https:\/\/api.w.org\/{rel}","templated":true}]}}