{"id":15035,"date":"2024-07-12T14:28:04","date_gmt":"2024-07-12T12:28:04","guid":{"rendered":"https:\/\/mes-pochoirs.com\/?post_type=product&#038;p=15035"},"modified":"2025-10-31T12:07:16","modified_gmt":"2025-10-31T11:07:16","slug":"muziekcassette-stencil","status":"publish","type":"product","link":"https:\/\/mes-pochoirs.com\/nl\/produit\/pochoir-cassette-musique","title":{"rendered":"Cassette Stencil - MC0002"},"content":{"rendered":"<p><strong>Muziekcassette sjabloon<\/strong> Een retro en muzikaal tintje aan je creaties<\/p>\n<h4>Een eerbetoon aan het tijdperk van de audiocassettes<\/h4>\n<p>De muziekcassettestencil is veel meer dan een eenvoudig creatief hulpmiddel, het is een echt eerbetoon aan het tijdperk van de audiocassettes. Een iconisch symbool van de jaren 80 en 90, de cassette markeerde generaties met zijn charme en uniciteit. Dit stencil, uit onze muziekcategorie, vangt de essentie van dat tijdperk met een authentiek en exclusief ontwerp van ons creatieve team. Elk detail, van de spoelen tot de labels, is ontworpen om te herinneren aan deze momenten in onze muziekgeschiedenis. Het gebruik van dit stencil betekent een vleugje nostalgie in je werk en roept herinneringen op aan een tijd waarin muziek werd beluisterd op walkmans en zorgvuldig werd opgenomen op magnetische tape. Cassettes blijven fascineren met hun vintage esthetiek.<\/p>\n<h4>Een uniek ontwerp voor verschillende creaties<\/h4>\n<p>Destin\u00e9 aux artistes d\u00e9sireux d&#8217;apporter une touche musicale et r\u00e9tro \u00e0 leurs projets, ce pochoir cassette musique est une v\u00e9ritable invitation \u00e0 l&#8217;expression cr\u00e9ative. Que vous soyez peintre, illustrateur, ou d\u00e9corateur, ce mod\u00e8le vous permet de diversifier vos techniques et supports. Il s&#8217;int\u00e8gre parfaitement dans des \u0153uvres street art, sur des toiles, des murs, ou encore des objets du quotidien comme des carnets ou des t-shirts. Gr\u00e2ce \u00e0 sa polyvalence, ce pochoir ouvre un large \u00e9ventail de possibilit\u00e9s artistiques, permettant \u00e0 chacun d&#8217;explorer et de repousser les limites de sa cr\u00e9ativit\u00e9. Ce pochoir se pr\u00eate \u00e0 une multitude de styles, que ce soit pour des cr\u00e9ations minimalistes, street art, ou encore des compositions plus \u00e9labor\u00e9es. Pour les amateurs de minimalisme, les lignes simples et \u00e9pur\u00e9es du design de la cassette peuvent \u00eatre utilis\u00e9es pour cr\u00e9er des \u0153uvres sobres et \u00e9l\u00e9gantes. Les artistes street art, quant \u00e0 eux, peuvent exploiter les formes et les motifs g\u00e9om\u00e9triques de la cassette pour des \u0153uvres color\u00e9es et dynamiques, inspir\u00e9es par les ic\u00f4nes de la culture populaire.<\/p>","protected":false},"excerpt":{"rendered":"<p>Herontdek de vintage essentie van muziek met ons audiocassettestencil, perfect om een retro tintje aan je kunstwerk te geven.<\/p>","protected":false},"featured_media":15031,"comment_status":"open","ping_status":"closed","template":"","meta":{"bwfblock_default_font":"","_kad_blocks_custom_css":"","_kad_blocks_head_custom_js":"","_kad_blocks_body_custom_js":"","_kad_blocks_footer_custom_js":"","_kadence_starter_templates_imported_post":false,"_kad_post_transparent":"default","_kad_post_title":"","_kad_post_layout":"default","_kad_post_sidebar_id":"","_kad_post_content_style":"default","_kad_post_vertical_padding":"default","_kad_post_feature":"","_kad_post_feature_position":"","_kad_post_header":false,"_kad_post_footer":false,"_kad_post_classname":""},"product_brand":[1415],"product_cat":[650],"product_tag":[652,655,651,654,445,560,653,444,658,231],"class_list":{"0":"post-15035","1":"product","2":"type-product","3":"status-publish","4":"has-post-thumbnail","6":"product_brand-mes-pochoirs","7":"product_cat-musique","8":"product_tag-audio","9":"product_tag-auto-radio","10":"product_tag-cassette","11":"product_tag-chanson","12":"product_tag-musique","13":"product_tag-rock","14":"product_tag-son","15":"product_tag-soul","16":"product_tag-stereo","17":"product_tag-vintage","19":"first","20":"instock","21":"taxable","22":"shipping-taxable","23":"purchasable","24":"product-type-variable","25":"has-default-attributes","26":"entry","27":"content-bg","28":"loop-entry"},"taxonomy_info":{"product_brand":[{"value":1415,"label":"Mes Pochoirs"}],"product_cat":[{"value":650,"label":"Musique"}],"product_tag":[{"value":652,"label":"audio"},{"value":655,"label":"auto-radio"},{"value":651,"label":"cassette"},{"value":654,"label":"chanson"},{"value":445,"label":"musique"},{"value":560,"label":"Rock"},{"value":653,"label":"son"},{"value":444,"label":"soul"},{"value":658,"label":"stereo"},{"value":231,"label":"vintage"}]},"featured_image_src_large":["https:\/\/mes-pochoirs.com\/wp-content\/uploads\/2024\/07\/MC0002-FR-pochoir-Musique-cassette-audio-1-1-mes-pochoirs-com-1-1-858x1030.jpg",858,1030,true],"author_info":[],"comment_info":0,"_links":{"self":[{"href":"https:\/\/mes-pochoirs.com\/nl\/wp-json\/wp\/v2\/product\/15035","targetHints":{"allow":["GET"]}}],"collection":[{"href":"https:\/\/mes-pochoirs.com\/nl\/wp-json\/wp\/v2\/product"}],"about":[{"href":"https:\/\/mes-pochoirs.com\/nl\/wp-json\/wp\/v2\/types\/product"}],"replies":[{"embeddable":true,"href":"https:\/\/mes-pochoirs.com\/nl\/wp-json\/wp\/v2\/comments?post=15035"}],"wp:featuredmedia":[{"embeddable":true,"href":"https:\/\/mes-pochoirs.com\/nl\/wp-json\/wp\/v2\/media\/15031"}],"wp:attachment":[{"href":"https:\/\/mes-pochoirs.com\/nl\/wp-json\/wp\/v2\/media?parent=15035"}],"wp:term":[{"taxonomy":"product_brand","embeddable":true,"href":"https:\/\/mes-pochoirs.com\/nl\/wp-json\/wp\/v2\/product_brand?post=15035"},{"taxonomy":"product_cat","embeddable":true,"href":"https:\/\/mes-pochoirs.com\/nl\/wp-json\/wp\/v2\/product_cat?post=15035"},{"taxonomy":"product_tag","embeddable":true,"href":"https:\/\/mes-pochoirs.com\/nl\/wp-json\/wp\/v2\/product_tag?post=15035"}],"curies":[{"name":"wp","href":"https:\/\/api.w.org\/{rel}","templated":true}]}}