{"id":15695,"date":"2024-08-07T10:55:40","date_gmt":"2024-08-07T08:55:40","guid":{"rendered":"https:\/\/mes-pochoirs.com\/?post_type=product&#038;p=15695"},"modified":"2025-10-31T12:10:37","modified_gmt":"2025-10-31T11:10:37","slug":"franse-buldog-hoofd-stencil-a0017","status":"publish","type":"product","link":"https:\/\/mes-pochoirs.com\/nl\/produit\/pochoir-tete-bouledogue-francais-a0017","title":{"rendered":"Franse Bulldog Hoofd Stencil - A0017"},"content":{"rendered":"<h2>Betoverend ontwerp voor dierenliefhebbers<\/h2>\n<h3>Een symbool van medeplichtigheid<\/h3>\n<p>Le pochoir t\u00eate bouledogue fran\u00e7ais est bien plus qu\u2019un simple outil artistique ; c\u2019est une c\u00e9l\u00e9bration de l&#8217;un des animaux de compagnie les plus appr\u00e9ci\u00e9s au monde. Repr\u00e9sentant un chien bouledogue fran\u00e7ais, ce pochoir capture parfaitement le charme unique et la personnalit\u00e9 attachante de cette race. Avec son visage expressif et ses oreilles distinctives, le bouledogue fran\u00e7ais est reconnu pour son allure robuste et son temp\u00e9rament affectueux. Il est souvent consid\u00e9r\u00e9 comme un compagnon id\u00e9al pour les familles et les personnes vivant en milieu urbain gr\u00e2ce \u00e0 sa nature douce et adaptable. Ce pochoir, issu de notre cat\u00e9gorie animaux, est parfait pour tous ceux qui souhaitent int\u00e9grer cette ic\u00f4ne de convivialit\u00e9 et de fid\u00e9lit\u00e9 dans leurs cr\u00e9ations artistiques. Que ce soit pour d\u00e9corer une chambre d\u2019enfant ou pour apporter une touche personnelle \u00e0 vos projets artistiques, le pochoir t\u00eate bouledogue fran\u00e7ais vous permettra d\u2019exprimer votre amour pour ces animaux de compagnie.<\/p>\n<h3>Een uniek en artistiek ontwerp<\/h3>\n<p>Con\u00e7u par notre \u00e9quipe, ce pochoir de bouledogue fran\u00e7ais fait partie d\u2019une collection exclusive destin\u00e9e aux artistes qui cherchent \u00e0 ajouter une dimension artistique \u00e0 leurs \u0153uvres. Notre design unique et exclusif a \u00e9t\u00e9 soigneusement \u00e9labor\u00e9 pour capturer l\u2019essence de l\u2019animal tout en offrant un style polyvalent qui s\u2019adapte \u00e0 divers projets cr\u00e9atifs. Que vous souhaitiez d\u00e9corer un mur, une toile ou m\u00eame un v\u00eatement, ce pochoir vous offre la flexibilit\u00e9 de cr\u00e9er des motifs aussi audacieux que d\u00e9licats. L\u2019art de l\u2019illustration animali\u00e8re est une tendance qui ne cesse de cro\u00eetre, et notre collection \u00ab animaux \u00bb permet d\u2019explorer cette esth\u00e9tique en toute libert\u00e9. Ce pochoir est id\u00e9al pour ceux qui veulent transformer leurs espaces de vie ou leurs cr\u00e9ations en v\u00e9ritables \u0153uvres d\u2019art.<\/p>","protected":false},"excerpt":{"rendered":"<p>Stencil met Frans bulldoghoofd: ideaal om je kunstprojecten en woonruimtes creatief en precies te versieren en te personaliseren.<\/p>","protected":false},"featured_media":15690,"comment_status":"open","ping_status":"closed","template":"","meta":{"bwfblock_default_font":"","_kad_blocks_custom_css":"","_kad_blocks_head_custom_js":"","_kad_blocks_body_custom_js":"","_kad_blocks_footer_custom_js":"","_kadence_starter_templates_imported_post":false,"_kad_post_transparent":"default","_kad_post_title":"","_kad_post_layout":"default","_kad_post_sidebar_id":"","_kad_post_content_style":"default","_kad_post_vertical_padding":"default","_kad_post_feature":"","_kad_post_feature_position":"","_kad_post_header":false,"_kad_post_footer":false,"_kad_post_classname":""},"product_brand":[1415],"product_cat":[364],"product_tag":[367,710,366,709,708,390,711,500],"class_list":{"0":"post-15695","1":"product","2":"type-product","3":"status-publish","4":"has-post-thumbnail","6":"product_brand-mes-pochoirs","7":"product_cat-pochoirs-animaux","8":"product_tag-animal","9":"product_tag-animal-de-compagnie","10":"product_tag-animaux","11":"product_tag-bouledogue-francais","12":"product_tag-chien","13":"product_tag-portrait","14":"product_tag-race-bouledogue","15":"product_tag-tete","17":"first","18":"instock","19":"taxable","20":"shipping-taxable","21":"purchasable","22":"product-type-variable","23":"has-default-attributes","24":"entry","25":"content-bg","26":"loop-entry"},"taxonomy_info":{"product_brand":[{"value":1415,"label":"Mes Pochoirs"}],"product_cat":[{"value":364,"label":"Animaux"}],"product_tag":[{"value":367,"label":"animal"},{"value":710,"label":"animal de compagnie"},{"value":366,"label":"animaux"},{"value":709,"label":"bouledogue fran\u00e7ais"},{"value":708,"label":"chien"},{"value":390,"label":"portrait"},{"value":711,"label":"race bouledogue"},{"value":500,"label":"t\u00eate"}]},"featured_image_src_large":["https:\/\/mes-pochoirs.com\/wp-content\/uploads\/2024\/08\/A0017-FR-pochoir-animaux-tete-bouledogue-francais-1-1-copyright-mes-pochoirs-com--858x1030.jpg",858,1030,true],"author_info":[],"comment_info":0,"_links":{"self":[{"href":"https:\/\/mes-pochoirs.com\/nl\/wp-json\/wp\/v2\/product\/15695","targetHints":{"allow":["GET"]}}],"collection":[{"href":"https:\/\/mes-pochoirs.com\/nl\/wp-json\/wp\/v2\/product"}],"about":[{"href":"https:\/\/mes-pochoirs.com\/nl\/wp-json\/wp\/v2\/types\/product"}],"replies":[{"embeddable":true,"href":"https:\/\/mes-pochoirs.com\/nl\/wp-json\/wp\/v2\/comments?post=15695"}],"wp:featuredmedia":[{"embeddable":true,"href":"https:\/\/mes-pochoirs.com\/nl\/wp-json\/wp\/v2\/media\/15690"}],"wp:attachment":[{"href":"https:\/\/mes-pochoirs.com\/nl\/wp-json\/wp\/v2\/media?parent=15695"}],"wp:term":[{"taxonomy":"product_brand","embeddable":true,"href":"https:\/\/mes-pochoirs.com\/nl\/wp-json\/wp\/v2\/product_brand?post=15695"},{"taxonomy":"product_cat","embeddable":true,"href":"https:\/\/mes-pochoirs.com\/nl\/wp-json\/wp\/v2\/product_cat?post=15695"},{"taxonomy":"product_tag","embeddable":true,"href":"https:\/\/mes-pochoirs.com\/nl\/wp-json\/wp\/v2\/product_tag?post=15695"}],"curies":[{"name":"wp","href":"https:\/\/api.w.org\/{rel}","templated":true}]}}