{"id":15726,"date":"2024-08-07T14:05:59","date_gmt":"2024-08-07T12:05:59","guid":{"rendered":"https:\/\/mes-pochoirs.com\/?post_type=product&#038;p=15726"},"modified":"2025-10-31T12:10:42","modified_gmt":"2025-10-31T11:10:42","slug":"voetballer-stencil-sp0003","status":"publish","type":"product","link":"https:\/\/mes-pochoirs.com\/nl\/produit\/pochoir-joueur-football-sp0003","title":{"rendered":"Sjabloon voor voetballer - SP0003"},"content":{"rendered":"<h2>Voetballer sjabloon<\/h2>\n<h3>De passie van sport vastleggen<\/h3>\n<p>Le pochoir joueur football est bien plus qu&#8217;un simple outil de cr\u00e9ation artistique ; c&#8217;est une repr\u00e9sentation puissante de l&#8217;esprit sportif et de la passion du football. Ce pochoir, issu de notre cat\u00e9gorie sport, incarne l&#8217;\u00e9nergie et la dynamique d&#8217;un athl\u00e8te en plein mouvement, capturant l&#8217;instant pr\u00e9cis d&#8217;une action sur le terrain. Id\u00e9al pour les passionn\u00e9s de sport, ce mod\u00e8le unique est con\u00e7u pour apporter une touche de vitalit\u00e9 \u00e0 vos \u0153uvres d&#8217;art. Que vous soyez un amateur de football ou un artiste cherchant \u00e0 insuffler une dose d&#8217;adr\u00e9naline sportive \u00e0 vos cr\u00e9ations, ce pochoir est parfait pour exprimer votre admiration pour ce sport universel. Avec ses lignes pr\u00e9cises et son design exclusif, ce pochoir refl\u00e8te l&#8217;engagement et la force des athl\u00e8tes, rendant hommage \u00e0 leur d\u00e9termination et leur agilit\u00e9. L&#8217;esprit sportif et dynamique s&#8217;incarnent dans chaque d\u00e9tail de ce pochoir, offrant une toile de fond parfaite pour tout projet cr\u00e9atif inspir\u00e9 par l&#8217;esprit du sport.<\/p>\n<h3>Exclusief ontwerp<\/h3>\n<p>Le design de notre pochoir joueur football est le fruit d&#8217;une collaboration cr\u00e9ative au sein de notre \u00e9quipe, qui s&#8217;est attach\u00e9e \u00e0 cr\u00e9er un mod\u00e8le \u00e0 la fois unique et innovant. Chaque aspect du pochoir a \u00e9t\u00e9 soigneusement pens\u00e9 pour permettre aux artistes d&#8217;int\u00e9grer une dimension sportive \u00e0 leurs \u0153uvres, qu&#8217;il s&#8217;agisse de peintures murales, de projets de d\u00e9coration int\u00e9rieure, ou de cr\u00e9ations sur textile. Ce pochoir est une invitation \u00e0 explorer des styles artistiques vari\u00e9s, allant des cr\u00e9ations modernes aux compositions plus abstraites. Gr\u00e2ce \u00e0 son design exclusif, il permet de donner vie \u00e0 des \u0153uvres originales, tout en garantissant une facilit\u00e9 d&#8217;utilisation. La collection a \u00e9t\u00e9 sp\u00e9cialement con\u00e7ue pour ceux qui cherchent \u00e0 apporter une touche de dynamisme et de mouvement \u00e0 leurs projets artistiques, permettant ainsi de c\u00e9l\u00e9brer l&#8217;\u00e9nergie du sport de mani\u00e8re cr\u00e9ative et inspirante.<\/p>","protected":false},"excerpt":{"rendered":"<p>Voetbalstencil: geef je kunstwerk een dynamisch tintje en vier de energie van sport met dit exclusieve ontwerp.<\/p>","protected":false},"featured_media":15702,"comment_status":"open","ping_status":"closed","template":"","meta":{"bwfblock_default_font":"","_kad_blocks_custom_css":"","_kad_blocks_head_custom_js":"","_kad_blocks_body_custom_js":"","_kad_blocks_footer_custom_js":"","_kadence_starter_templates_imported_post":false,"_kad_post_transparent":"default","_kad_post_title":"","_kad_post_layout":"default","_kad_post_sidebar_id":"","_kad_post_content_style":"default","_kad_post_vertical_padding":"default","_kad_post_feature":"","_kad_post_feature_position":"","_kad_post_header":false,"_kad_post_footer":false,"_kad_post_classname":""},"product_brand":[1415],"product_cat":[707],"product_tag":[716,718,719,720,712,713],"class_list":{"0":"post-15726","1":"product","2":"type-product","3":"status-publish","4":"has-post-thumbnail","6":"product_brand-mes-pochoirs","7":"product_cat-pochoirs-sports","8":"product_tag-ballon","9":"product_tag-foot","10":"product_tag-footballeur","11":"product_tag-jeu","12":"product_tag-sport","13":"product_tag-sportif","15":"first","16":"instock","17":"taxable","18":"shipping-taxable","19":"purchasable","20":"product-type-variable","21":"has-default-attributes","22":"entry","23":"content-bg","24":"loop-entry"},"taxonomy_info":{"product_brand":[{"value":1415,"label":"Mes Pochoirs"}],"product_cat":[{"value":707,"label":"Sports"}],"product_tag":[{"value":716,"label":"ballon"},{"value":718,"label":"foot"},{"value":719,"label":"footballeur"},{"value":720,"label":"jeu"},{"value":712,"label":"sport"},{"value":713,"label":"sportif"}]},"featured_image_src_large":["https:\/\/mes-pochoirs.com\/wp-content\/uploads\/2024\/08\/SP0003-FR-pochoir-sport-joueur-football-1-1-copyright-mes-pochoirs-com--858x1030.jpg",858,1030,true],"author_info":[],"comment_info":0,"_links":{"self":[{"href":"https:\/\/mes-pochoirs.com\/nl\/wp-json\/wp\/v2\/product\/15726","targetHints":{"allow":["GET"]}}],"collection":[{"href":"https:\/\/mes-pochoirs.com\/nl\/wp-json\/wp\/v2\/product"}],"about":[{"href":"https:\/\/mes-pochoirs.com\/nl\/wp-json\/wp\/v2\/types\/product"}],"replies":[{"embeddable":true,"href":"https:\/\/mes-pochoirs.com\/nl\/wp-json\/wp\/v2\/comments?post=15726"}],"wp:featuredmedia":[{"embeddable":true,"href":"https:\/\/mes-pochoirs.com\/nl\/wp-json\/wp\/v2\/media\/15702"}],"wp:attachment":[{"href":"https:\/\/mes-pochoirs.com\/nl\/wp-json\/wp\/v2\/media?parent=15726"}],"wp:term":[{"taxonomy":"product_brand","embeddable":true,"href":"https:\/\/mes-pochoirs.com\/nl\/wp-json\/wp\/v2\/product_brand?post=15726"},{"taxonomy":"product_cat","embeddable":true,"href":"https:\/\/mes-pochoirs.com\/nl\/wp-json\/wp\/v2\/product_cat?post=15726"},{"taxonomy":"product_tag","embeddable":true,"href":"https:\/\/mes-pochoirs.com\/nl\/wp-json\/wp\/v2\/product_tag?post=15726"}],"curies":[{"name":"wp","href":"https:\/\/api.w.org\/{rel}","templated":true}]}}