{"id":16767,"date":"2024-09-12T10:51:39","date_gmt":"2024-09-12T08:51:39","guid":{"rendered":"https:\/\/mes-pochoirs.com\/?post_type=product&#038;p=16767"},"modified":"2026-01-02T11:53:12","modified_gmt":"2026-01-02T10:53:12","slug":"teckel-hoofd-stencil-a0027","status":"publish","type":"product","link":"https:\/\/mes-pochoirs.com\/nl\/produit\/pochoir-tete-de-teckel-a0027","title":{"rendered":"Teckelhoofd sjabloon - A0027"},"content":{"rendered":"<h2>Teckel hoofd sjabloon<\/h2>\n<h3>Een artistieke weergave van de teckel<\/h3>\n<p>Le Pochoir T\u00eate de Teckel capture parfaitement l\u2019essence de ce chien de race si appr\u00e9ci\u00e9, connu pour son caract\u00e8re unique et son apparence charmante. Ce pochoir met en avant la t\u00eate d\u2019un Teckel, en soulignant ses traits distinctifs tels que son museau allong\u00e9 et ses oreilles tombantes caract\u00e9ristiques. Gr\u00e2ce \u00e0 son style abstrait, ce pochoir propose une interpr\u00e9tation moderne et artistique du Teckel, tout en respectant les \u00e9l\u00e9ments iconiques de cette race de chien. Id\u00e9al pour les amateurs d\u2019animaux et plus particuli\u00e8rement les passionn\u00e9s de chiens de race, ce mod\u00e8le ajoute une touche de sophistication et de charme \u00e0 vos projets cr\u00e9atifs. Ce pochoir, issu de notre collection animaux, ne se contente pas de repr\u00e9senter un simple chien, mais distille toute l\u2019\u00e9l\u00e9gance et la personnalit\u00e9 unique du Teckel. Loin des repr\u00e9sentations traditionnelles, il combine des lignes fluides et des formes g\u00e9om\u00e9triques pour \u00e9voquer \u00e0 la fois la force et la douceur de cet animal de compagnie. Que ce soit pour d\u00e9corer un mur, personnaliser une toile, ou orner des objets du quotidien, le Pochoir T\u00eate de Teckel est con\u00e7u pour apporter une touche d\u2019originalit\u00e9 et de modernit\u00e9 \u00e0 vos cr\u00e9ations.<\/p>\n<h3>Abstract ontwerp voor unieke creaties<\/h3>\n<p>Le Pochoir T\u00eate de Teckel se distingue par son design qui permet aux artistes d\u2019explorer une multitude de styles. Avec ses lignes \u00e9pur\u00e9es et ses contours minimalistes, ce pochoir offre une grande libert\u00e9 d\u2019interpr\u00e9tation. Que vous souhaitiez travailler avec des couleurs vives pour une approche audacieuse ou des nuances plus douces pour un rendu d\u00e9licat, ce pochoir vous permet de jouer avec les textures et les contrastes afin de cr\u00e9er des \u0153uvres uniques. Il s\u2019adapte parfaitement \u00e0 des styles contemporains, tout en conservant la reconnaissance imm\u00e9diate du Teckel. Que vous soyez un artiste confirm\u00e9 ou amateur, ce pochoir est un outil id\u00e9al pour apporter une dimension animale \u00e0 vos cr\u00e9ations. Il convient \u00e0 une multitude de projets, qu\u2019il s\u2019agisse de d\u00e9corations murales, de toiles artistiques ou encore de customisation d\u2019objets. Sa flexibilit\u00e9 permet de l\u2019int\u00e9grer aussi bien dans des environnements modernes que traditionnels, tout en apportant une touche personnelle et artistique. Le Pochoir T\u00eate de Teckel est parfait pour exprimer la joie, la vivacit\u00e9, et l\u2019\u00e9nergie de ce chien tout en laissant place \u00e0 la cr\u00e9ativit\u00e9 et \u00e0 l\u2019imagination.<\/p>","protected":false},"excerpt":{"rendered":"<p>Hoogwaardige, herbruikbare stencil met teckelkop, verkrijgbaar in verschillende maten. Perfect voor artistieke creaties op verschillende oppervlakken.<\/p>","protected":false},"featured_media":16755,"comment_status":"open","ping_status":"closed","template":"","meta":{"bwfblock_default_font":"","_kad_blocks_custom_css":"","_kad_blocks_head_custom_js":"","_kad_blocks_body_custom_js":"","_kad_blocks_footer_custom_js":"","_kadence_starter_templates_imported_post":false,"_kad_post_transparent":"default","_kad_post_title":"","_kad_post_layout":"default","_kad_post_sidebar_id":"","_kad_post_content_style":"default","_kad_post_vertical_padding":"default","_kad_post_feature":"","_kad_post_feature_position":"","_kad_post_header":false,"_kad_post_footer":false,"_kad_post_classname":""},"product_brand":[1415],"product_cat":[364],"product_tag":[694,367,710,366,708,780,779,781],"class_list":{"0":"post-16767","1":"product","2":"type-product","3":"status-publish","4":"has-post-thumbnail","6":"product_brand-mes-pochoirs","7":"product_cat-pochoirs-animaux","8":"product_tag-abstrait","9":"product_tag-animal","10":"product_tag-animal-de-compagnie","11":"product_tag-animaux","12":"product_tag-chien","13":"product_tag-chien-de-race","14":"product_tag-race","15":"product_tag-teckel","17":"first","18":"instock","19":"taxable","20":"shipping-taxable","21":"purchasable","22":"product-type-variable","23":"has-default-attributes","24":"entry","25":"content-bg","26":"loop-entry"},"taxonomy_info":{"product_brand":[{"value":1415,"label":"Mes Pochoirs"}],"product_cat":[{"value":364,"label":"Animaux"}],"product_tag":[{"value":694,"label":"abstrait"},{"value":367,"label":"animal"},{"value":710,"label":"animal de compagnie"},{"value":366,"label":"animaux"},{"value":708,"label":"chien"},{"value":780,"label":"Chien de race"},{"value":779,"label":"Race"},{"value":781,"label":"Teckel"}]},"featured_image_src_large":["https:\/\/mes-pochoirs.com\/wp-content\/uploads\/2024\/09\/A0027-FR-pochoir-tete-chien-teckel-1-1-copyright-mes-pochoirs-com--858x1030.jpg",858,1030,true],"author_info":[],"comment_info":1,"_links":{"self":[{"href":"https:\/\/mes-pochoirs.com\/nl\/wp-json\/wp\/v2\/product\/16767","targetHints":{"allow":["GET"]}}],"collection":[{"href":"https:\/\/mes-pochoirs.com\/nl\/wp-json\/wp\/v2\/product"}],"about":[{"href":"https:\/\/mes-pochoirs.com\/nl\/wp-json\/wp\/v2\/types\/product"}],"replies":[{"embeddable":true,"href":"https:\/\/mes-pochoirs.com\/nl\/wp-json\/wp\/v2\/comments?post=16767"}],"wp:featuredmedia":[{"embeddable":true,"href":"https:\/\/mes-pochoirs.com\/nl\/wp-json\/wp\/v2\/media\/16755"}],"wp:attachment":[{"href":"https:\/\/mes-pochoirs.com\/nl\/wp-json\/wp\/v2\/media?parent=16767"}],"wp:term":[{"taxonomy":"product_brand","embeddable":true,"href":"https:\/\/mes-pochoirs.com\/nl\/wp-json\/wp\/v2\/product_brand?post=16767"},{"taxonomy":"product_cat","embeddable":true,"href":"https:\/\/mes-pochoirs.com\/nl\/wp-json\/wp\/v2\/product_cat?post=16767"},{"taxonomy":"product_tag","embeddable":true,"href":"https:\/\/mes-pochoirs.com\/nl\/wp-json\/wp\/v2\/product_tag?post=16767"}],"curies":[{"name":"wp","href":"https:\/\/api.w.org\/{rel}","templated":true}]}}