{"id":18628,"date":"2024-11-28T09:18:27","date_gmt":"2024-11-28T08:18:27","guid":{"rendered":"https:\/\/mes-pochoirs.com\/?post_type=product&#038;p=18628"},"modified":"2026-04-20T10:33:43","modified_gmt":"2026-04-20T08:33:43","slug":"blanco-sjabloon-ic0003","status":"publish","type":"product","link":"https:\/\/mes-pochoirs.com\/nl\/produit\/pochoir-vierge-a-lenfant-ic0003","title":{"rendered":"Maagd en kind sjabloon - IC0003"},"content":{"rendered":"<h2>Maagd en kind sjabloon<\/h2>\n<h3>Een heilig icoon ten dienste van je creativiteit<\/h3>\n<p>Ce pochoir Vierge \u00e0 l\u2019Enfant s\u2019inspire de l\u2019une des sc\u00e8nes les plus embl\u00e9matiques de l\u2019histoire de l\u2019art\u202f: la Vierge Marie tenant l\u2019Enfant J\u00e9sus dans une \u00e9treinte \u00e0 la fois tendre et pleine de sens. Bien plus qu\u2019une simple image, cette repr\u00e9sentation de la Madone incarne une richesse spirituelle et symbolique profonde. Marie, figure de puret\u00e9 et de foi, est ici le lien entre le divin et l\u2019humain, tandis que l\u2019Enfant J\u00e9sus, \u00e0 la fois vuln\u00e9rable et sacr\u00e9, rappelle le myst\u00e8re de l\u2019incarnation et le message d\u2019esp\u00e9rance chr\u00e9tien. Avec un design d\u2019une grande finesse et une attention particuli\u00e8re port\u00e9e aux d\u00e9tails, ce pochoir saisit l\u2019essence de cette ic\u00f4ne intemporelle. Il est id\u00e9al pour tous ceux qui souhaitent int\u00e9grer une dimension spirituelle ou classique dans leurs cr\u00e9ations tout en laissant libre cours \u00e0 leur propre style. Ce pochoir ne se limite pas \u00e0 une \u00e9vocation religieuse\u202f: il invite \u00e9galement \u00e0 explorer des th\u00e8mes universels tels que la protection, l\u2019amour, et le lien entre le sacr\u00e9 et l\u2019intime. Que vous soyez artiste professionnel ou amateur, ce pochoir vous permettra de cr\u00e9er des \u0153uvres puissantes et \u00e9vocatrices, qu\u2019il s\u2019agisse de d\u00e9cors muraux, de toiles, ou de tout autre support. Sa polyvalence en fait un outil essentiel pour r\u00e9interpr\u00e9ter une sc\u00e8ne classique dans un langage contemporain ou pour revisiter une tradition iconographique avec une touche moderne et personnelle. Ajoutez \u00e0 vos projets une profondeur symbolique et une beaut\u00e9 intemporelle gr\u00e2ce \u00e0 ce pochoir qui c\u00e9l\u00e8bre l\u2019union entre ciel et terre, entre tradition et cr\u00e9ativit\u00e9.<\/p>","protected":false},"excerpt":{"rendered":"<p>Maagd en kind sjabloon, herbruikbaar, hoge kwaliteit, omkeerbaar. Verkrijgbaar in verschillende maten voor heilige creaties op verschillende kunstmedia.<\/p>","protected":false},"featured_media":18618,"comment_status":"open","ping_status":"closed","template":"","meta":{"bwfblock_default_font":"","_kad_blocks_custom_css":"","_kad_blocks_head_custom_js":"","_kad_blocks_body_custom_js":"","_kad_blocks_footer_custom_js":"","_kadence_starter_templates_imported_post":false,"_kad_post_transparent":"default","_kad_post_title":"","_kad_post_layout":"default","_kad_post_sidebar_id":"","_kad_post_content_style":"default","_kad_post_vertical_padding":"default","_kad_post_feature":"","_kad_post_feature_position":"","_kad_post_header":false,"_kad_post_footer":false,"_kad_post_classname":""},"product_brand":[1415],"product_cat":[732,951,36,328],"product_tag":[325,984,985,987,825,986,980,982,981,952,983,324,955,979],"class_list":{"0":"post-18628","1":"product","2":"type-product","3":"status-publish","4":"has-post-thumbnail","6":"product_brand-mes-pochoirs","7":"product_cat-pochoirs-icones-celebrites","8":"product_cat-pochoirs-noel","9":"product_cat-pochoirs-portraits-visages","10":"product_cat-pochoirs-street-art","11":"product_tag-amour","12":"product_tag-chretien","13":"product_tag-christ","14":"product_tag-divin","15":"product_tag-enfant","16":"product_tag-foi","17":"product_tag-jesus","18":"product_tag-madone","19":"product_tag-mere","20":"product_tag-noel","21":"product_tag-religion","22":"product_tag-symbole","23":"product_tag-tradition","24":"product_tag-vierge-marie","26":"first","27":"instock","28":"taxable","29":"shipping-taxable","30":"purchasable","31":"product-type-variable","32":"entry","33":"content-bg","34":"loop-entry"},"taxonomy_info":{"product_brand":[{"value":1415,"label":"Mes Pochoirs"}],"product_cat":[{"value":732,"label":"Ic\u00f4nes &amp; C\u00e9l\u00e9brit\u00e9s"},{"value":951,"label":"No\u00ebl"},{"value":36,"label":"Portraits &amp; Visages"},{"value":328,"label":"Street Art"}],"product_tag":[{"value":325,"label":"amour"},{"value":984,"label":"chr\u00e9tien"},{"value":985,"label":"christ"},{"value":987,"label":"divin"},{"value":825,"label":"enfant"},{"value":986,"label":"foi"},{"value":980,"label":"Jesus"},{"value":982,"label":"madone"},{"value":981,"label":"m\u00e8re"},{"value":952,"label":"no\u00ebl"},{"value":983,"label":"religion"},{"value":324,"label":"symbole"},{"value":955,"label":"tradition"},{"value":979,"label":"Vierge Marie"}]},"featured_image_src_large":["https:\/\/mes-pochoirs.com\/wp-content\/uploads\/2024\/11\/IC0003-FR-pochoir-vierge-enfant-7-10-copyright-mes-pochoirs-com--858x1030.jpg",858,1030,true],"author_info":[],"comment_info":5,"_links":{"self":[{"href":"https:\/\/mes-pochoirs.com\/nl\/wp-json\/wp\/v2\/product\/18628","targetHints":{"allow":["GET"]}}],"collection":[{"href":"https:\/\/mes-pochoirs.com\/nl\/wp-json\/wp\/v2\/product"}],"about":[{"href":"https:\/\/mes-pochoirs.com\/nl\/wp-json\/wp\/v2\/types\/product"}],"replies":[{"embeddable":true,"href":"https:\/\/mes-pochoirs.com\/nl\/wp-json\/wp\/v2\/comments?post=18628"}],"wp:featuredmedia":[{"embeddable":true,"href":"https:\/\/mes-pochoirs.com\/nl\/wp-json\/wp\/v2\/media\/18618"}],"wp:attachment":[{"href":"https:\/\/mes-pochoirs.com\/nl\/wp-json\/wp\/v2\/media?parent=18628"}],"wp:term":[{"taxonomy":"product_brand","embeddable":true,"href":"https:\/\/mes-pochoirs.com\/nl\/wp-json\/wp\/v2\/product_brand?post=18628"},{"taxonomy":"product_cat","embeddable":true,"href":"https:\/\/mes-pochoirs.com\/nl\/wp-json\/wp\/v2\/product_cat?post=18628"},{"taxonomy":"product_tag","embeddable":true,"href":"https:\/\/mes-pochoirs.com\/nl\/wp-json\/wp\/v2\/product_tag?post=18628"}],"curies":[{"name":"wp","href":"https:\/\/api.w.org\/{rel}","templated":true}]}}