{"id":20212,"date":"2025-06-11T10:58:14","date_gmt":"2025-06-11T08:58:14","guid":{"rendered":"https:\/\/mes-pochoirs.com\/?post_type=product&#038;p=20212"},"modified":"2025-10-31T12:28:03","modified_gmt":"2025-10-31T11:28:03","slug":"ws002-sigaar-adelaar-sjabloon","status":"publish","type":"product","link":"https:\/\/mes-pochoirs.com\/nl\/produit\/pochoir-aigle-cigare-ws002","title":{"rendered":"Adelaar met sigaar sjabloon - WS002"},"content":{"rendered":"<h2>Stencil Adelaar met Sigaar\u00a0<\/h2>\n<h3>Collectie \"Wilde rokers<\/h3>\n<p>Le <strong>Stencil Eagle Sigaar :<\/strong> plus qu\u2019un simple design, ce pochoir incarne la puissance, la libert\u00e9 et l\u2019assurance. Avec ses lunettes aviateur, son cigare au bec et son plumage d\u00e9taill\u00e9, cet aigle impose un charisme ind\u00e9niable. Son regard, bien que cach\u00e9, d\u00e9gage une attitude souveraine, un m\u00e9lange de r\u00e9bellion et d\u2019\u00e9l\u00e9gance. Id\u00e9al pour transmettre un message fort, ce pochoir trouve sa place dans des \u0153uvres o\u00f9 l\u2019expression d\u2019autorit\u00e9 et de caract\u00e8re est essentielle. Ce <strong>Eagle sigaar sjabloon<\/strong> is niet zomaar een adelaar, maar een echt icoon van assertiviteit. Zijn allure doet denken aan leiders, vrije geesten en persoonlijkheden die zich niet aan de regels houden. Of het nu gaat om pop-art, street art, DIY of het personaliseren van objecten, dit stencil biedt kunstenaars een krachtig en opvallend expressiemiddel. Het is een uitnodiging om te cre\u00ebren met durf en originaliteit, om je stempel te drukken met een impactvol, onvergetelijk ontwerp.<\/p>","protected":false},"excerpt":{"rendered":"<p><strong>Eagle sigaar sjabloon<\/strong> Gedurfd en precies voor opvallende kunstwerken. Omkeerbaar en duurzaam, perfect voor al je creaties op muur, canvas en meer.<\/p>","protected":false},"featured_media":20236,"comment_status":"open","ping_status":"closed","template":"","meta":{"bwfblock_default_font":"","_kad_blocks_custom_css":"","_kad_blocks_head_custom_js":"","_kad_blocks_body_custom_js":"","_kad_blocks_footer_custom_js":"","_kadence_starter_templates_imported_post":false,"_kad_post_transparent":"default","_kad_post_title":"","_kad_post_layout":"default","_kad_post_sidebar_id":"","_kad_post_content_style":"default","_kad_post_vertical_padding":"default","_kad_post_feature":"","_kad_post_feature_position":"","_kad_post_header":false,"_kad_post_footer":false,"_kad_post_classname":""},"product_brand":[1415],"product_cat":[364,481,332,328,1447],"product_tag":[660,367,366,439,1446,642,322,360,662,333,1444,327],"class_list":{"0":"post-20212","1":"product","2":"type-product","3":"status-publish","4":"has-post-thumbnail","6":"product_brand-mes-pochoirs","7":"product_cat-pochoirs-animaux","8":"product_cat-collections","9":"product_cat-pochoirs-pop-art","10":"product_cat-pochoirs-street-art","11":"product_cat-wild-smokers","12":"product_tag-aigle","13":"product_tag-animal","14":"product_tag-animaux","15":"product_tag-art","16":"product_tag-attitutde-rebelle","17":"product_tag-cigare","18":"product_tag-cool","19":"product_tag-lunettes-de-soleil","20":"product_tag-oiseaux","21":"product_tag-pop-art","22":"product_tag-rebel","23":"product_tag-street-art","25":"first","26":"instock","27":"taxable","28":"shipping-taxable","29":"purchasable","30":"product-type-variable","31":"entry","32":"content-bg","33":"loop-entry"},"taxonomy_info":{"product_brand":[{"value":1415,"label":"Mes Pochoirs"}],"product_cat":[{"value":364,"label":"Animaux"},{"value":481,"label":"Collections"},{"value":332,"label":"Pop Art"},{"value":328,"label":"Street Art"},{"value":1447,"label":"Wild Smokers"}],"product_tag":[{"value":660,"label":"aigle"},{"value":367,"label":"animal"},{"value":366,"label":"animaux"},{"value":439,"label":"art"},{"value":1446,"label":"attitutde rebelle"},{"value":642,"label":"cigare"},{"value":322,"label":"cool"},{"value":360,"label":"lunettes de soleil"},{"value":662,"label":"oiseaux"},{"value":333,"label":"pop art"},{"value":1444,"label":"rebel"},{"value":327,"label":"street art"}]},"featured_image_src_large":["https:\/\/mes-pochoirs.com\/wp-content\/uploads\/2025\/02\/WS002-pochoir-aigle-cigare-copyright-mes-pochoirs-858x1030.jpg",858,1030,true],"author_info":[],"comment_info":0,"_links":{"self":[{"href":"https:\/\/mes-pochoirs.com\/nl\/wp-json\/wp\/v2\/product\/20212","targetHints":{"allow":["GET"]}}],"collection":[{"href":"https:\/\/mes-pochoirs.com\/nl\/wp-json\/wp\/v2\/product"}],"about":[{"href":"https:\/\/mes-pochoirs.com\/nl\/wp-json\/wp\/v2\/types\/product"}],"replies":[{"embeddable":true,"href":"https:\/\/mes-pochoirs.com\/nl\/wp-json\/wp\/v2\/comments?post=20212"}],"wp:featuredmedia":[{"embeddable":true,"href":"https:\/\/mes-pochoirs.com\/nl\/wp-json\/wp\/v2\/media\/20236"}],"wp:attachment":[{"href":"https:\/\/mes-pochoirs.com\/nl\/wp-json\/wp\/v2\/media?parent=20212"}],"wp:term":[{"taxonomy":"product_brand","embeddable":true,"href":"https:\/\/mes-pochoirs.com\/nl\/wp-json\/wp\/v2\/product_brand?post=20212"},{"taxonomy":"product_cat","embeddable":true,"href":"https:\/\/mes-pochoirs.com\/nl\/wp-json\/wp\/v2\/product_cat?post=20212"},{"taxonomy":"product_tag","embeddable":true,"href":"https:\/\/mes-pochoirs.com\/nl\/wp-json\/wp\/v2\/product_tag?post=20212"}],"curies":[{"name":"wp","href":"https:\/\/api.w.org\/{rel}","templated":true}]}}