{"id":21130,"date":"2025-02-26T10:09:47","date_gmt":"2025-02-26T09:09:47","guid":{"rendered":"https:\/\/mes-pochoirs.com\/?post_type=product&#038;p=21130"},"modified":"2025-10-31T12:30:30","modified_gmt":"2025-10-31T11:30:30","slug":"balletdanseres-sjabloon-as0002","status":"publish","type":"product","link":"https:\/\/mes-pochoirs.com\/nl\/produit\/pochoir-danseuse-ballet-as0002","title":{"rendered":"Balletdanser Stencil - AS0002"},"content":{"rendered":"<h2>Balletdanser Stencil<\/h2>\n<h3>Een evocatie van genade en emotie<\/h3>\n<p>Laat je betoveren door de po\u00ebzie van beweging met onze <strong>Balletdanseres sjabloon<\/strong>. Dit stencil, dat het zwevende moment van een ballerina in volle uitvoering vastlegt, belichaamt de gratie, lichtheid en pure expressie van de danskunst. Haar open armen roepen elan en vrijheid op, terwijl haar tutu lijkt te trillen van energie, als een explosie van passie en finesse. Dit stencil is veel meer dan een eenvoudig motief: het vertelt een verhaal over jezelf overtreffen en schoonheid in beweging. Het is perfect voor het verfraaien van een muur, een meubelstuk of zelfs textiel en voegt een vleugje po\u00ebzie en tijdloze elegantie toe.<\/p>\n<h3>Een sterke en inspirerende artistieke stijl<\/h3>\n<p>Deze <strong>Balletdanseres sjabloon<\/strong> is een echte aanwinst voor liefhebbers van artistieke personalisatie. Het is ideaal voor kunstenaars, decorateurs en doe-het-zelvers en je kunt er originele kunstwerken mee maken met een geraffineerde toets. Of je nu een zachte, inspirerende sfeer wilt toevoegen aan een interieur of karakter wilt geven aan een artistiek project, dit stencil is het perfecte hulpmiddel om je creativiteit de vrije loop te laten en een sterke boodschap uit te drukken via de kunst van het ballet.<\/p>","protected":false},"excerpt":{"rendered":"<p><strong>Balletdanseres sjabloon<\/strong>Perfect voor kunstenaars en schilderliefhebbers. Herbruikbaar, omkeerbaar en verkrijgbaar in verschillende maten.<\/p>","protected":false},"featured_media":21299,"comment_status":"open","ping_status":"closed","template":"","meta":{"bwfblock_default_font":"","_kad_blocks_custom_css":"","_kad_blocks_head_custom_js":"","_kad_blocks_body_custom_js":"","_kad_blocks_footer_custom_js":"","_kadence_starter_templates_imported_post":false,"_kad_post_transparent":"default","_kad_post_title":"","_kad_post_layout":"default","_kad_post_sidebar_id":"","_kad_post_content_style":"default","_kad_post_vertical_padding":"default","_kad_post_feature":"","_kad_post_feature_position":"","_kad_post_header":false,"_kad_post_footer":false,"_kad_post_classname":""},"product_brand":[1415],"product_cat":[1161,1158,650],"product_tag":[689,1162,1166,1163,764,771,613,1165,1164,1140,1167],"class_list":{"0":"post-21130","1":"product","2":"type-product","3":"status-publish","4":"has-post-thumbnail","6":"product_brand-mes-pochoirs","7":"product_cat-pochoirs-danses","8":"product_cat-pochoirs-arts-du-spectacle","9":"product_cat-musique","10":"product_tag-artistique","11":"product_tag-ballerine","12":"product_tag-ballet","13":"product_tag-classique","14":"product_tag-danse","15":"product_tag-danseuse","16":"product_tag-elegance","17":"product_tag-legerete","18":"product_tag-mouvement","19":"product_tag-silhouette","20":"product_tag-spectacle","22":"first","23":"instock","24":"taxable","25":"shipping-taxable","26":"purchasable","27":"product-type-variable","28":"entry","29":"content-bg","30":"loop-entry"},"taxonomy_info":{"product_brand":[{"value":1415,"label":"Mes Pochoirs"}],"product_cat":[{"value":1161,"label":"Danses"},{"value":1158,"label":"Arts du Spectacle"},{"value":650,"label":"Musique"}],"product_tag":[{"value":689,"label":"artistique"},{"value":1162,"label":"Ballerine"},{"value":1166,"label":"Ballet"},{"value":1163,"label":"Classique"},{"value":764,"label":"danse"},{"value":771,"label":"danseuse"},{"value":613,"label":"\u00e9l\u00e9gance"},{"value":1165,"label":"L\u00e9geret\u00e9"},{"value":1164,"label":"Mouvement"},{"value":1140,"label":"silhouette"},{"value":1167,"label":"Spectacle"}]},"featured_image_src_large":["https:\/\/mes-pochoirs.com\/wp-content\/uploads\/2025\/02\/AS0002-pochoir-danseuse-ballet-copyright-mes-pochoirs-858x1030.jpg",858,1030,true],"author_info":[],"comment_info":0,"_links":{"self":[{"href":"https:\/\/mes-pochoirs.com\/nl\/wp-json\/wp\/v2\/product\/21130","targetHints":{"allow":["GET"]}}],"collection":[{"href":"https:\/\/mes-pochoirs.com\/nl\/wp-json\/wp\/v2\/product"}],"about":[{"href":"https:\/\/mes-pochoirs.com\/nl\/wp-json\/wp\/v2\/types\/product"}],"replies":[{"embeddable":true,"href":"https:\/\/mes-pochoirs.com\/nl\/wp-json\/wp\/v2\/comments?post=21130"}],"wp:featuredmedia":[{"embeddable":true,"href":"https:\/\/mes-pochoirs.com\/nl\/wp-json\/wp\/v2\/media\/21299"}],"wp:attachment":[{"href":"https:\/\/mes-pochoirs.com\/nl\/wp-json\/wp\/v2\/media?parent=21130"}],"wp:term":[{"taxonomy":"product_brand","embeddable":true,"href":"https:\/\/mes-pochoirs.com\/nl\/wp-json\/wp\/v2\/product_brand?post=21130"},{"taxonomy":"product_cat","embeddable":true,"href":"https:\/\/mes-pochoirs.com\/nl\/wp-json\/wp\/v2\/product_cat?post=21130"},{"taxonomy":"product_tag","embeddable":true,"href":"https:\/\/mes-pochoirs.com\/nl\/wp-json\/wp\/v2\/product_tag?post=21130"}],"curies":[{"name":"wp","href":"https:\/\/api.w.org\/{rel}","templated":true}]}}